{"id":10093,"date":"2019-01-10T10:51:36","date_gmt":"2019-01-10T10:51:36","guid":{"rendered":"https:\/\/www.creugroga.com\/contacta-con-nosotros\/centre-medic-calella\/"},"modified":"2024-05-17T10:35:25","modified_gmt":"2024-05-17T10:35:25","slug":"donde-estamos","status":"publish","type":"page","link":"https:\/\/www.creugroga.com\/es\/donde-estamos\/","title":{"rendered":"Donde estamos"},"content":{"rendered":"<div  class='av_gmaps_sc_main_wrap av_gmaps_main_wrap '><div id='av_gmap_0' class='avia-google-map-container avia-google-map-sc av_gmaps_show_unconditionally av-no-fallback-img ' data-mapid='av_gmap_0'  style='height: 500px;'><a class=\"av_gmaps_browser_disabled av_text_confirm_link av_text_confirm_link_visible\" href=\"https:\/\/www.google.com\/maps\/search\/?api=1&#038;query=C\/Sant%20Jaume,%2020-34%20%2008370%20Calella%20de%20Mar%20%20Spain\" target=\"_blank\">Maps were disabled by the visitor on this site. Click to open the map in a new window.<\/a><\/div><\/div>\n<section  class='av_textblock_section av-jqqhsghp-4c7ce6904eecc3c9e56236d5863c87ae '   itemscope=\"itemscope\" itemtype=\"https:\/\/schema.org\/CreativeWork\" ><div class='avia_textblock'  itemprop=\"text\" ><p>El Centro M\u00e9dico Creu Groga de Calella le ofrecemos un servicio de atenci\u00f3n continuada en Medicina General los 365 d\u00edas del a\u00f1o para todos aquellos mutualistas y pacientes privados que requieren una atenci\u00f3n altamente cualificada. Este servicio puede ser con cita concertada si pide hora con uno de\u00a0 nuestros <a href=\"https:\/\/www.creugroga.com\/es\/especialidades-medicas\/medicina-general-y-familiar\/\">m\u00e9dicos de medicina general y familia<\/a>, o puede ser con atenci\u00f3n de urgencia sin visita programada si su problema lo requiere.<\/p>\n<p><strong>El servicio de Medicina General y de Familia como atenci\u00f3n de urgencias empieza a las 8h los d\u00edas laborables y a las 9h los festivos y fines de semana.<\/strong><\/p>\n<p>Hospital Cl\u00ednic Maresme, del Grupo Creu Groga, abre las 24h durante todo el a\u00f1o. Haz <a href=\"https:\/\/hospitalclinicmaresme.com\/\"><strong>clic aqu\u00ed<\/strong><\/a> para m\u00e1s informaci\u00f3n.<\/p>\n<\/div><\/section>\n\n<style type=\"text\/css\" data-created_by=\"avia_inline_auto\" id=\"style-css-av-dnekhw-82af3ed7cf9b1f50cb9fb9ba90b67bda\">\n.flex_column.av-dnekhw-82af3ed7cf9b1f50cb9fb9ba90b67bda{\nborder-radius:0px 0px 0px 0px;\npadding:0px 0px 0px 0px;\n}\n<\/style>\n<div  class='flex_column av-dnekhw-82af3ed7cf9b1f50cb9fb9ba90b67bda av_one_third  avia-builder-el-2  el_after_av_textblock  el_before_av_one_third  first flex_column_div av-zero-column-padding  column-top-margin'     ><style type=\"text\/css\" data-created_by=\"avia_inline_auto\" id=\"style-css-av-llggp63i-93bdb3258b6c8a8b10e55abf13787796\">\n#top #wrap_all .iconbox.av-llggp63i-93bdb3258b6c8a8b10e55abf13787796 .iconbox_content_title{\nfont-size:22px;\ncolor:#ffffff;\n}\n.iconbox.av-llggp63i-93bdb3258b6c8a8b10e55abf13787796 .iconbox_content_container{\nfont-size:16px;\ncolor:#ffffff;\n}\n<\/style>\n<article  class='iconbox iconbox_top av-llggp63i-93bdb3258b6c8a8b10e55abf13787796  avia-builder-el-3  avia-builder-el-no-sibling  main_color'  itemscope=\"itemscope\" itemtype=\"https:\/\/schema.org\/CreativeWork\" ><div class=\"iconbox_content\"><header class=\"entry-content-header\" aria-label=\"Icon: DONDE ESTAMOS\"><div class='iconbox_icon heading-color avia-iconfont avia-font-entypo-fontello' data-av_icon='\ue842' data-av_iconfont='entypo-fontello'  ><\/div><h3 class='iconbox_content_title '  itemprop=\"headline\" >DONDE ESTAMOS<\/h3><\/header><div class='iconbox_content_container av_inherit_color'  itemprop=\"text\" ><p style=\"text-align: center;\">C\/Sant Jaume, 20-34<br \/>\n08370 Calella de Mar<br \/>\n93 766 20 30<br \/>\n<a href=\"mailto:creugroga@creugroga.com\">creugroga@creugroga.com<\/a><\/p>\n<\/div><\/div><footer class=\"entry-footer\"><\/footer><\/article><\/div>\n\n<style type=\"text\/css\" data-created_by=\"avia_inline_auto\" id=\"style-css-av-24yil0-76369dbc4ded5efdab4fbf0b88ecd2a7\">\n.flex_column.av-24yil0-76369dbc4ded5efdab4fbf0b88ecd2a7{\nborder-radius:0px 0px 0px 0px;\npadding:0px 0px 0px 0px;\n}\n<\/style>\n<div  class='flex_column av-24yil0-76369dbc4ded5efdab4fbf0b88ecd2a7 av_one_third  avia-builder-el-4  el_after_av_one_third  el_before_av_one_third  flex_column_div av-zero-column-padding  column-top-margin'     ><style type=\"text\/css\" data-created_by=\"avia_inline_auto\" id=\"style-css-av-llggsra8-c0691f80728b10374b3497677b0a5043\">\n#top #wrap_all .iconbox.av-llggsra8-c0691f80728b10374b3497677b0a5043 .iconbox_content_title{\nfont-size:22px;\ncolor:#ffffff;\n}\n.iconbox.av-llggsra8-c0691f80728b10374b3497677b0a5043 .iconbox_content_container{\nfont-size:16px;\ncolor:#ffffff;\n}\n<\/style>\n<article  class='iconbox iconbox_top av-llggsra8-c0691f80728b10374b3497677b0a5043  avia-builder-el-5  avia-builder-el-no-sibling  main_color'  itemscope=\"itemscope\" itemtype=\"https:\/\/schema.org\/CreativeWork\" ><div class=\"iconbox_content\"><header class=\"entry-content-header\" aria-label=\"Icon: HORARIO CENTRO M\u00c9DICO\"><div class='iconbox_icon heading-color avia-iconfont avia-font-entypo-fontello' data-av_icon='\ue85b' data-av_iconfont='entypo-fontello'  ><\/div><h3 class='iconbox_content_title '  itemprop=\"headline\" >HORARIO CENTRO M\u00c9DICO<\/h3><\/header><div class='iconbox_content_container av_inherit_color'  itemprop=\"text\" ><p style=\"text-align: center;\">D\u00edas laborables<br \/>\nde 7:30h a 21:00h<br \/>\nFines de semana y festivos<br \/>\nde 9:00h a 21:00h<\/p>\n<\/div><\/div><footer class=\"entry-footer\"><\/footer><\/article><\/div>\n<style type=\"text\/css\" data-created_by=\"avia_inline_auto\" id=\"style-css-av-av_one_third-f7c1061df29de8cca6b42fcf455fe4a0\">\n.flex_column.av-av_one_third-f7c1061df29de8cca6b42fcf455fe4a0{\nborder-radius:0px 0px 0px 0px;\npadding:0px 0px 0px 0px;\n}\n<\/style>\n<div  class='flex_column av-av_one_third-f7c1061df29de8cca6b42fcf455fe4a0 av_one_third  avia-builder-el-6  el_after_av_one_third  avia-builder-el-last  flex_column_div av-zero-column-padding  column-top-margin'     ><style type=\"text\/css\" data-created_by=\"avia_inline_auto\" id=\"style-css-av-lwajml4r-d4f531778b2791c644e83cc70ec31685\">\n#top #wrap_all .iconbox.av-lwajml4r-d4f531778b2791c644e83cc70ec31685 .iconbox_content_title{\nfont-size:22px;\ncolor:#ffffff;\n}\n.iconbox.av-lwajml4r-d4f531778b2791c644e83cc70ec31685 .iconbox_content_container{\nfont-size:16px;\ncolor:#ffffff;\n}\n<\/style>\n<article  class='iconbox iconbox_top av-lwajml4r-d4f531778b2791c644e83cc70ec31685  avia-builder-el-7  avia-builder-el-no-sibling  main_color'  itemscope=\"itemscope\" itemtype=\"https:\/\/schema.org\/CreativeWork\" ><div class=\"iconbox_content\"><header class=\"entry-content-header\" aria-label=\"Icon: HORARIO CL\u00cdNICA DENTAL\"><div class='iconbox_icon heading-color avia-iconfont avia-font-entypo-fontello' data-av_icon='\ue85b' data-av_iconfont='entypo-fontello'  ><\/div><h3 class='iconbox_content_title '  itemprop=\"headline\" >HORARIO CL\u00cdNICA DENTAL<\/h3><\/header><div class='iconbox_content_container av_inherit_color'  itemprop=\"text\" ><p style=\"text-align: center;\">De lunes a viernes<br \/>\nMa\u00f1anas: de 9:30h a 14:00h<br \/>\nTardes: de 15:00h a 20:00h<br \/>\n.<\/p>\n<\/div><\/div><footer class=\"entry-footer\"><\/footer><\/article><\/div>\n","protected":false},"excerpt":{"rendered":"","protected":false},"author":2,"featured_media":0,"parent":0,"menu_order":0,"comment_status":"closed","ping_status":"closed","template":"","meta":{"footnotes":""},"class_list":["post-10093","page","type-page","status-publish","hentry"],"yoast_head":"<!-- This site is optimized with the Yoast SEO plugin v27.5 - https:\/\/yoast.com\/product\/yoast-seo-wordpress\/ -->\n<title>Donde estamos - Centre M\u00e8dic Creu Groga<\/title>\n<meta name=\"description\" content=\"Ofrecemos un servicio de atenci\u00f3n continuada en Medicina General los 365 d\u00edas del a\u00f1o para todos aquellos mutualistas y pacientes privados.\" \/>\n<meta name=\"robots\" content=\"index, follow, max-snippet:-1, max-image-preview:large, max-video-preview:-1\" \/>\n<link rel=\"canonical\" href=\"https:\/\/www.creugroga.com\/es\/donde-estamos\/\" \/>\n<meta property=\"og:locale\" content=\"es_ES\" \/>\n<meta property=\"og:type\" content=\"article\" \/>\n<meta property=\"og:title\" content=\"Donde estamos - Centre M\u00e8dic Creu Groga\" \/>\n<meta property=\"og:description\" content=\"Ofrecemos un servicio de atenci\u00f3n continuada en Medicina General los 365 d\u00edas del a\u00f1o para todos aquellos mutualistas y pacientes privados.\" \/>\n<meta property=\"og:url\" content=\"https:\/\/www.creugroga.com\/es\/donde-estamos\/\" \/>\n<meta property=\"og:site_name\" content=\"Centre M\u00e8dic Creu Groga\" \/>\n<meta property=\"article:publisher\" content=\"https:\/\/www.facebook.com\/creugroga\" \/>\n<meta property=\"article:modified_time\" content=\"2024-05-17T10:35:25+00:00\" \/>\n<meta name=\"twitter:card\" content=\"summary_large_image\" \/>\n<meta name=\"twitter:site\" content=\"@CreuGrogaCM\" \/>\n<meta name=\"twitter:label1\" content=\"Tiempo de lectura\" \/>\n\t<meta name=\"twitter:data1\" content=\"1 minuto\" \/>\n<script type=\"application\/ld+json\" class=\"yoast-schema-graph\">{\"@context\":\"https:\\\/\\\/schema.org\",\"@graph\":[{\"@type\":\"WebPage\",\"@id\":\"https:\\\/\\\/www.creugroga.com\\\/es\\\/donde-estamos\\\/\",\"url\":\"https:\\\/\\\/www.creugroga.com\\\/es\\\/donde-estamos\\\/\",\"name\":\"Donde estamos - Centre M\u00e8dic Creu Groga\",\"isPartOf\":{\"@id\":\"https:\\\/\\\/www.creugroga.com\\\/es\\\/#website\"},\"datePublished\":\"2019-01-10T10:51:36+00:00\",\"dateModified\":\"2024-05-17T10:35:25+00:00\",\"description\":\"Ofrecemos un servicio de atenci\u00f3n continuada en Medicina General los 365 d\u00edas del a\u00f1o para todos aquellos mutualistas y pacientes privados.\",\"breadcrumb\":{\"@id\":\"https:\\\/\\\/www.creugroga.com\\\/es\\\/donde-estamos\\\/#breadcrumb\"},\"inLanguage\":\"es\",\"potentialAction\":[{\"@type\":\"ReadAction\",\"target\":[\"https:\\\/\\\/www.creugroga.com\\\/es\\\/donde-estamos\\\/\"]}]},{\"@type\":\"BreadcrumbList\",\"@id\":\"https:\\\/\\\/www.creugroga.com\\\/es\\\/donde-estamos\\\/#breadcrumb\",\"itemListElement\":[{\"@type\":\"ListItem\",\"position\":1,\"name\":\"Portada\",\"item\":\"https:\\\/\\\/www.creugroga.com\\\/es\\\/home\\\/\"},{\"@type\":\"ListItem\",\"position\":2,\"name\":\"Donde estamos\"}]},{\"@type\":\"WebSite\",\"@id\":\"https:\\\/\\\/www.creugroga.com\\\/es\\\/#website\",\"url\":\"https:\\\/\\\/www.creugroga.com\\\/es\\\/\",\"name\":\"Centre M\u00e8dic Creu Groga\",\"description\":\"Centre M\u00e8dic Creu Groga\",\"potentialAction\":[{\"@type\":\"SearchAction\",\"target\":{\"@type\":\"EntryPoint\",\"urlTemplate\":\"https:\\\/\\\/www.creugroga.com\\\/es\\\/?s={search_term_string}\"},\"query-input\":{\"@type\":\"PropertyValueSpecification\",\"valueRequired\":true,\"valueName\":\"search_term_string\"}}],\"inLanguage\":\"es\"}]}<\/script>\n<!-- \/ Yoast SEO plugin. -->","yoast_head_json":{"title":"Donde estamos - Centre M\u00e8dic Creu Groga","description":"Ofrecemos un servicio de atenci\u00f3n continuada en Medicina General los 365 d\u00edas del a\u00f1o para todos aquellos mutualistas y pacientes privados.","robots":{"index":"index","follow":"follow","max-snippet":"max-snippet:-1","max-image-preview":"max-image-preview:large","max-video-preview":"max-video-preview:-1"},"canonical":"https:\/\/www.creugroga.com\/es\/donde-estamos\/","og_locale":"es_ES","og_type":"article","og_title":"Donde estamos - Centre M\u00e8dic Creu Groga","og_description":"Ofrecemos un servicio de atenci\u00f3n continuada en Medicina General los 365 d\u00edas del a\u00f1o para todos aquellos mutualistas y pacientes privados.","og_url":"https:\/\/www.creugroga.com\/es\/donde-estamos\/","og_site_name":"Centre M\u00e8dic Creu Groga","article_publisher":"https:\/\/www.facebook.com\/creugroga","article_modified_time":"2024-05-17T10:35:25+00:00","twitter_card":"summary_large_image","twitter_site":"@CreuGrogaCM","twitter_misc":{"Tiempo de lectura":"1 minuto"},"schema":{"@context":"https:\/\/schema.org","@graph":[{"@type":"WebPage","@id":"https:\/\/www.creugroga.com\/es\/donde-estamos\/","url":"https:\/\/www.creugroga.com\/es\/donde-estamos\/","name":"Donde estamos - Centre M\u00e8dic Creu Groga","isPartOf":{"@id":"https:\/\/www.creugroga.com\/es\/#website"},"datePublished":"2019-01-10T10:51:36+00:00","dateModified":"2024-05-17T10:35:25+00:00","description":"Ofrecemos un servicio de atenci\u00f3n continuada en Medicina General los 365 d\u00edas del a\u00f1o para todos aquellos mutualistas y pacientes privados.","breadcrumb":{"@id":"https:\/\/www.creugroga.com\/es\/donde-estamos\/#breadcrumb"},"inLanguage":"es","potentialAction":[{"@type":"ReadAction","target":["https:\/\/www.creugroga.com\/es\/donde-estamos\/"]}]},{"@type":"BreadcrumbList","@id":"https:\/\/www.creugroga.com\/es\/donde-estamos\/#breadcrumb","itemListElement":[{"@type":"ListItem","position":1,"name":"Portada","item":"https:\/\/www.creugroga.com\/es\/home\/"},{"@type":"ListItem","position":2,"name":"Donde estamos"}]},{"@type":"WebSite","@id":"https:\/\/www.creugroga.com\/es\/#website","url":"https:\/\/www.creugroga.com\/es\/","name":"Centre M\u00e8dic Creu Groga","description":"Centre M\u00e8dic Creu Groga","potentialAction":[{"@type":"SearchAction","target":{"@type":"EntryPoint","urlTemplate":"https:\/\/www.creugroga.com\/es\/?s={search_term_string}"},"query-input":{"@type":"PropertyValueSpecification","valueRequired":true,"valueName":"search_term_string"}}],"inLanguage":"es"}]}},"_links":{"self":[{"href":"https:\/\/www.creugroga.com\/es\/wp-json\/wp\/v2\/pages\/10093","targetHints":{"allow":["GET"]}}],"collection":[{"href":"https:\/\/www.creugroga.com\/es\/wp-json\/wp\/v2\/pages"}],"about":[{"href":"https:\/\/www.creugroga.com\/es\/wp-json\/wp\/v2\/types\/page"}],"author":[{"embeddable":true,"href":"https:\/\/www.creugroga.com\/es\/wp-json\/wp\/v2\/users\/2"}],"replies":[{"embeddable":true,"href":"https:\/\/www.creugroga.com\/es\/wp-json\/wp\/v2\/comments?post=10093"}],"version-history":[{"count":0,"href":"https:\/\/www.creugroga.com\/es\/wp-json\/wp\/v2\/pages\/10093\/revisions"}],"wp:attachment":[{"href":"https:\/\/www.creugroga.com\/es\/wp-json\/wp\/v2\/media?parent=10093"}],"curies":[{"name":"wp","href":"https:\/\/api.w.org\/{rel}","templated":true}]}}