{"id":10307,"date":"2020-08-21T09:51:33","date_gmt":"2020-08-21T09:51:33","guid":{"rendered":"https:\/\/www.creugroga.com\/prevencion-covid-19\/test-rapidos-deteccion-covid-19\/"},"modified":"2021-02-09T10:42:27","modified_gmt":"2021-02-09T10:42:27","slug":"pruebas-covid-19","status":"publish","type":"page","link":"https:\/\/www.creugroga.com\/es\/prevencion-covid-19\/pruebas-covid-19\/","title":{"rendered":"Pruebas COVID-19"},"content":{"rendered":"\n<style type=\"text\/css\" data-created_by=\"avia_inline_auto\" id=\"style-css-av-jrt3ieb6-b46767bf539047966c49c37ad47239af\">\n.avia-section.av-jrt3ieb6-b46767bf539047966c49c37ad47239af{\nbackground-color:#ffffff;\nbackground-image:unset;\n}\n<\/style>\n<div id='av_section_1'  class='avia-section av-jrt3ieb6-b46767bf539047966c49c37ad47239af main_color avia-section-small avia-no-border-styling  avia-builder-el-0  el_before_av_one_full  avia-builder-el-first  av-small-hide av-mini-hide avia-bg-style-scroll container_wrap fullsize'  ><div class='container av-section-cont-open' ><main  role=\"main\" itemprop=\"mainContentOfPage\"  class='template-page content  av-content-full alpha units'><div class='post-entry post-entry-type-page post-entry-10307'><div class='entry-content-wrapper clearfix'>\n\n<style type=\"text\/css\" data-created_by=\"avia_inline_auto\" id=\"style-css-av-30js5s-52b3638707127e509b975425bd460871\">\n.flex_column.av-30js5s-52b3638707127e509b975425bd460871{\nborder-radius:0px 0px 0px 0px;\npadding:0px 0px 0px 0px;\n}\n<\/style>\n<div  class='flex_column av-30js5s-52b3638707127e509b975425bd460871 av_four_fifth  avia-builder-el-1  avia-builder-el-no-sibling  first flex_column_div av-zero-column-padding  '     ><style type=\"text\/css\" data-created_by=\"avia_inline_auto\" id=\"style-css-av-jruf3tmy-bdd732e96f5ac0a3880677c3bb596ce2\">\n#top .av_textblock_section.av-jruf3tmy-bdd732e96f5ac0a3880677c3bb596ce2 .avia_textblock{\ncolor:#01bbaf;\n}\n<\/style>\n<section  class='av_textblock_section av-jruf3tmy-bdd732e96f5ac0a3880677c3bb596ce2 '   itemscope=\"itemscope\" itemtype=\"https:\/\/schema.org\/CreativeWork\" ><div class='avia_textblock av_inherit_color'  itemprop=\"text\" ><h4 style=\"font-weight: 300;\">PLAN PREVENCI\u00d3N COVID-19 \/\u00a0 <strong>PRUEBAS COVID-19<\/strong><\/h4>\n<\/div><\/section><\/div>\n<\/div><\/div><\/main><!-- close content main element --><\/div><\/div><div id='after_section_1'  class='main_color av_default_container_wrap container_wrap fullsize'  ><div class='container av-section-cont-open' ><div class='template-page content  av-content-full alpha units'><div class='post-entry post-entry-type-page post-entry-10307'><div class='entry-content-wrapper clearfix'>\n\n<style type=\"text\/css\" data-created_by=\"avia_inline_auto\" id=\"style-css-av-2p66pg-14c720f73b5f9b5c1dbd2631203a11e8\">\n.flex_column.av-2p66pg-14c720f73b5f9b5c1dbd2631203a11e8{\nborder-radius:0px 0px 0px 0px;\npadding:0px 0px 0px 0px;\n}\n<\/style>\n<div  class='flex_column av-2p66pg-14c720f73b5f9b5c1dbd2631203a11e8 av_one_full  avia-builder-el-3  el_after_av_section  el_before_av_section  avia-builder-el-no-sibling  first flex_column_div av-zero-column-padding  '     ><p>\n<style type=\"text\/css\" data-created_by=\"avia_inline_auto\" id=\"style-css-av-jr95s83c-c7563c3008c6a1e8a310ecb15499334e\">\n.avia-image-container.av-jr95s83c-c7563c3008c6a1e8a310ecb15499334e img.avia_image{\nbox-shadow:none;\n}\n.avia-image-container.av-jr95s83c-c7563c3008c6a1e8a310ecb15499334e .av-image-caption-overlay-center{\ncolor:#ffffff;\n}\n<\/style>\n<div  class='avia-image-container av-jr95s83c-c7563c3008c6a1e8a310ecb15499334e av-styling- avia-align-center  avia-builder-el-4  el_before_av_image  avia-builder-el-first  av-small-hide av-mini-hide'   itemprop=\"image\" itemscope=\"itemscope\" itemtype=\"https:\/\/schema.org\/ImageObject\" ><div class=\"avia-image-container-inner\"><div class=\"avia-image-overlay-wrap\"><img decoding=\"async\" fetchpriority=\"high\" class='wp-image-9943 avia-img-lazy-loading-not-9943 avia_image ' src=\"https:\/\/www.creugroga.com\/wp-content\/uploads\/2020\/06\/Test_rapid_slider.jpg\" alt='' title='Test_rapid_slider'  height=\"550\" width=\"1500\"  itemprop=\"thumbnailUrl\" srcset=\"https:\/\/www.creugroga.com\/wp-content\/uploads\/2020\/06\/Test_rapid_slider.jpg 1500w, https:\/\/www.creugroga.com\/wp-content\/uploads\/2020\/06\/Test_rapid_slider-300x110.jpg 300w, https:\/\/www.creugroga.com\/wp-content\/uploads\/2020\/06\/Test_rapid_slider-1030x378.jpg 1030w, https:\/\/www.creugroga.com\/wp-content\/uploads\/2020\/06\/Test_rapid_slider-768x282.jpg 768w, https:\/\/www.creugroga.com\/wp-content\/uploads\/2020\/06\/Test_rapid_slider-705x259.jpg 705w, https:\/\/www.creugroga.com\/wp-content\/uploads\/2020\/06\/Test_rapid_slider-240x88.jpg 240w\" sizes=\"(max-width: 1500px) 100vw, 1500px\" \/><\/div><\/div><\/div><br \/>\n\n<style type=\"text\/css\" data-created_by=\"avia_inline_auto\" id=\"style-css-av-jr95s83c-e0a5c09c28d5d0594952b75314f437a7\">\n.avia-image-container.av-jr95s83c-e0a5c09c28d5d0594952b75314f437a7 img.avia_image{\nbox-shadow:none;\n}\n.avia-image-container.av-jr95s83c-e0a5c09c28d5d0594952b75314f437a7 .av-image-caption-overlay-center{\ncolor:#ffffff;\n}\n<\/style>\n<div  class='avia-image-container av-jr95s83c-e0a5c09c28d5d0594952b75314f437a7 av-styling- avia-align-center  avia-builder-el-5  el_after_av_image  avia-builder-el-last  av-desktop-hide av-medium-hide'   itemprop=\"image\" itemscope=\"itemscope\" itemtype=\"https:\/\/schema.org\/ImageObject\" ><div class=\"avia-image-container-inner\"><div class=\"avia-image-overlay-wrap\"><img decoding=\"async\" fetchpriority=\"high\" class='wp-image-10247 avia-img-lazy-loading-not-10247 avia_image ' src=\"https:\/\/www.creugroga.com\/wp-content\/uploads\/2020\/08\/Covid_blog.jpg\" alt='Tipus de Test Covid creu groga' title='Covid_blog'  height=\"500\" width=\"600\"  itemprop=\"thumbnailUrl\" srcset=\"https:\/\/www.creugroga.com\/wp-content\/uploads\/2020\/08\/Covid_blog.jpg 600w, https:\/\/www.creugroga.com\/wp-content\/uploads\/2020\/08\/Covid_blog-300x250.jpg 300w, https:\/\/www.creugroga.com\/wp-content\/uploads\/2020\/08\/Covid_blog-216x180.jpg 216w\" sizes=\"(max-width: 600px) 100vw, 600px\" \/><\/div><\/div><\/div><\/p><\/div>\n<\/div><\/div><\/div><!-- close content main div --><\/div><\/div>\n<style type=\"text\/css\" data-created_by=\"avia_inline_auto\" id=\"style-css-av-jrrpgdxu-e622f896ae590f81830e4dce82659f60\">\n.avia-section.av-jrrpgdxu-e622f896ae590f81830e4dce82659f60{\nbackground-color:#01bbaf;\nbackground-image:unset;\n}\n<\/style>\n<div id='av_section_2'  class='avia-section av-jrrpgdxu-e622f896ae590f81830e4dce82659f60 main_color avia-section-default avia-no-border-styling  avia-builder-el-6  el_after_av_one_full  el_before_av_one_full  avia-bg-style-scroll container_wrap fullsize'  ><div class='container av-section-cont-open' ><div class='template-page content  av-content-full alpha units'><div class='post-entry post-entry-type-page post-entry-10307'><div class='entry-content-wrapper clearfix'>\n\n<style type=\"text\/css\" data-created_by=\"avia_inline_auto\" id=\"style-css-av-20qru8-91fcdd156e82a16a95bb855af69e5941\">\n.flex_column.av-20qru8-91fcdd156e82a16a95bb855af69e5941{\nborder-radius:0px 0px 0px 0px;\npadding:0px 0px 0px 0px;\n}\n<\/style>\n<div  class='flex_column av-20qru8-91fcdd156e82a16a95bb855af69e5941 av_one_full  avia-builder-el-7  avia-builder-el-no-sibling  first flex_column_div av-zero-column-padding  '     ><style type=\"text\/css\" data-created_by=\"avia_inline_auto\" id=\"style-css-av-jrrz78hm-74c39862ba4b1da597f07c0d54ee7bab\">\n#top .av_textblock_section.av-jrrz78hm-74c39862ba4b1da597f07c0d54ee7bab .avia_textblock{\nfont-size:18px;\ncolor:#ffffff;\n}\n<\/style>\n<section  class='av_textblock_section av-jrrz78hm-74c39862ba4b1da597f07c0d54ee7bab '   itemscope=\"itemscope\" itemtype=\"https:\/\/schema.org\/CreativeWork\" ><div class='avia_textblock av_inherit_color'  itemprop=\"text\" ><h2 style=\"text-align: center;\"><strong>Pruebas COVID-19: test r\u00e1pido de ant\u00edgeno, anticuerpos, serolog\u00eda y PCR (de saliva y exudado nasofar\u00edngeo)<\/strong><\/h2>\n<\/div><\/section><\/div><\/div><\/div><\/div><!-- close content main div --><\/div><\/div><div id='after_section_2'  class='main_color av_default_container_wrap container_wrap fullsize'  ><div class='container av-section-cont-open' ><div class='template-page content  av-content-full alpha units'><div class='post-entry post-entry-type-page post-entry-10307'><div class='entry-content-wrapper clearfix'>\n<style type=\"text\/css\" data-created_by=\"avia_inline_auto\" id=\"style-css-av-2ty2z8-53ffc63109758948b61a2d0faa06c332\">\n.flex_column.av-2ty2z8-53ffc63109758948b61a2d0faa06c332{\nborder-radius:0px 0px 0px 0px;\npadding:0px 0px 0px 0px;\n}\n<\/style>\n<div  class='flex_column av-2ty2z8-53ffc63109758948b61a2d0faa06c332 av_one_full  avia-builder-el-9  el_after_av_section  avia-builder-el-no-sibling  first flex_column_div av-zero-column-padding  '     ><section  class='av_textblock_section av-jr945tw0-0bbafdb922ed2fec8505c615d568f2a0 '   itemscope=\"itemscope\" itemtype=\"https:\/\/schema.org\/CreativeWork\" ><div class='avia_textblock'  itemprop=\"text\" ><p>En Creu Groga realizamos diferentes pruebas para la detecci\u00f3n del Coronavirus Covid-19:<\/p>\n<p><strong>1.- PCR nasofar\u00edngeo<\/strong><\/p>\n<p>Mediante esta prueba permite la detecci\u00f3n de material gen\u00e9tico del virus SARS-CoV-2 desde el inicio de la infecci\u00f3n. Es la t\u00e9cnica de referencia para el diagn\u00f3stico del virus SARS-CoV-2 en las primeras fases de la enfermedad con un sensibilidad del 99%. Un resultado positivo confirma la detecci\u00f3n del virus. Un resultado negativo no siempre significa ausencia de virus dado que depender\u00e1 de la carga viral de la muestra. Si se obtiene un resultado negativo de un paciente con alta sospecha de infecci\u00f3n por el virus SARS-CoV-2, se deber\u00e1 confirmar con otra prueba.<\/p>\n<p>Esta prueba PCR consiste en extraer una muestra de la nariz y la garganta, que el profesional sanitario extrae con la ayuda de un bastoncillo. El resultado est\u00e1 a las 24-48 h.<\/p>\n<p><strong>2.- PCR de saliva<\/strong><\/p>\n<p>El test PCR de saliva permite detectar la presencia de material gen\u00e9tico del virus SARS-CoV-2 a partir de una muestra de saliva. Permite saber si el paciente est\u00e1 infectado por coronavirus con la misma fiabilidad que con la prueba PCR nasofar\u00edngeo (sensibilidad del 99%).<\/p>\n<p>En la actualidad es la t\u00e9cnica de referencia para el diagn\u00f3stico del virus SARS-CoV-2 en las primeras fases de la enfermedad.<\/p>\n<p><strong>La gran ventaja de esta prueba es la comodidad de la extracci\u00f3n, ya que se podr\u00e1 hacer desde el mismo domicilio y sin necesidad de una extracci\u00f3n invasiva. El kit que se entregar\u00e1 al paciente contiene todos los elementos y las instrucciones para realizar la extracci\u00f3n (auto muestra)<\/strong>. Una vez entregado el kit con la muestra en nuestro centro m\u00e9dico, este se enviar\u00e1 a laboratorio. El resultado estar\u00e1 disponible en las 24-48h.<\/p>\n<p>Este procedimiento es m\u00e1s c\u00f3modo y m\u00e1s f\u00e1cil de usar y cuentan con todas las garant\u00edas de calidad, sensibilidad y especificidad de una prueba PCR (muestra nasofar\u00edngeo), ya que estos nuevos procedimientos de toma de muestra han sido validados por los departamentos m\u00e9dicos de SYNLAB en Alemania y Espa\u00f1a.<\/p>\n<p>T\u00fa decides cu\u00e1l es el dispositivo que m\u00e1s se ajusta a tus necesidades o preferencias<\/p>\n<p><strong>3.-Test de ant\u00edgeno<\/strong><\/p>\n<p>El test de ant\u00edgeno para detecci\u00f3n de Covid-19 es una prueba de diagn\u00f3stico directo del virus que detecta part\u00edculas estructurales del mismo en muestra respiratoria. <strong>La principal ventaja respecto del test PCR es que permite tener el resultado en 10-15 minutos con una sensibilidad los primeros d\u00edas de contagio (0-3 d\u00edas) del 100% y del 4 al 7 d\u00eda del 90%.<\/strong><\/p>\n<p>Su fiabilidad es del 98%. Esto permite un diagn\u00f3stico r\u00e1pido y urgente para aquellos pacientes con sintomatolog\u00eda o que hayan tenido contacto directo con otra persona con diagn\u00f3stico positivo al virus.<\/p>\n<p>El test de ant\u00edgeno se obtiene a partir de una muestra nasofar\u00edngea.<\/p>\n<p><strong>4.-Test r\u00e1pido serol\u00f3gico<\/strong><\/p>\n<p>Se trata de una prueba que <strong>permite la detecci\u00f3n de anticuerpos<\/strong> contra el virus SARS-CoV-2 en la sangre. Es decir, confirma la respuesta del sistema inmunitario contra el virus. Se utiliza para evaluar el estado inmunitario de la poblaci\u00f3n o de determinados colectivos, y como complemento de la PCR en algunos casos.<\/p>\n<p>Un resultado positivo significa que se ha tenido contacto en alg\u00fan momento con el virus de la Covidien-19 y que el organismo ha generado anticuerpos para defenderse ante la enfermedad. Sin embargo, se deben seguir las medidas de prevenci\u00f3n porque aunque haya pasado el virus se puede seguir siendo un vector de transmisi\u00f3n.<\/p>\n<p>Ante un resultado negativo, el profesional sanitario debe valorar si hay que confirmarlo con la realizaci\u00f3n de la PCR en funci\u00f3n del paciente.<\/p>\n<p><strong>Esta prueba se realiza con una muestra de sangre (punci\u00f3n en el dedo), que el profesional sanitario extrae. Los resultados se obtienen en 10-15 minutos<\/strong>.<\/p>\n<p><strong>5.-Test detecci\u00f3n de anticuerpos de tipo IgM e IgG mediante el test ELISA<\/strong><\/p>\n<p>El Test de ELISA (ensayo por inmunoabsorci\u00f3n ligado a enzimas) <strong>es un test de an\u00e1lisis inmunol\u00f3gico que detecta en qu\u00e9 fase de la infecci\u00f3n se est\u00e1 a partir del an\u00e1lisis de anticuerpos en sangre.<\/strong><\/p>\n<p>Cuando aparece la inmunoglobulina M (IgM) est\u00e1 en estadio temprano (porque son los primeros anticuerpos que fabrica el organismo), cuando aparecen la M y la G (las secundarias y m\u00e1s abundantes) ya se est\u00e1 en un periodo de respuesta m\u00e1xima o, cuando s\u00f3lo queda la G (IgG), la infecci\u00f3n est\u00e1 remitiendo.<\/p>\n<p>La muestra del test ELISA se obtiene a trav\u00e9s de una extracci\u00f3n sangu\u00ednea convencional y el resultado se obtiene a las 24-48 horas. La sensibilidad ronda el 99%. Se utiliza principalmente en casos de posibles dudas en el resultado del test r\u00e1pido.<\/p>\n<\/div><\/section><\/div>\n","protected":false},"excerpt":{"rendered":"","protected":false},"author":2,"featured_media":0,"parent":9698,"menu_order":0,"comment_status":"closed","ping_status":"closed","template":"","meta":{"footnotes":""},"class_list":["post-10307","page","type-page","status-publish","hentry"],"yoast_head":"<!-- This site is optimized with the Yoast SEO plugin v27.4 - https:\/\/yoast.com\/product\/yoast-seo-wordpress\/ -->\n<title>Pruebas COVID-19 - Centre M\u00e8dic Creu Groga<\/title>\n<meta name=\"description\" content=\"Realizamos diferentes pruebas para la detecci\u00f3n del COVID19: test r\u00e1pido de ant\u00edgeno, PCR de saliva , PCR nasofar\u00edngeo, anticuerpos y serolog\u00eda.\" \/>\n<meta name=\"robots\" content=\"index, follow, max-snippet:-1, max-image-preview:large, max-video-preview:-1\" \/>\n<link rel=\"canonical\" href=\"https:\/\/www.creugroga.com\/es\/prevencion-covid-19\/pruebas-covid-19\/\" \/>\n<meta property=\"og:locale\" content=\"es_ES\" \/>\n<meta property=\"og:type\" content=\"article\" \/>\n<meta property=\"og:title\" content=\"Pruebas COVID-19 - Centre M\u00e8dic Creu Groga\" \/>\n<meta property=\"og:description\" content=\"Realizamos diferentes pruebas para la detecci\u00f3n del COVID19: test r\u00e1pido de ant\u00edgeno, PCR de saliva , PCR nasofar\u00edngeo, anticuerpos y serolog\u00eda.\" \/>\n<meta property=\"og:url\" content=\"https:\/\/www.creugroga.com\/es\/prevencion-covid-19\/pruebas-covid-19\/\" \/>\n<meta property=\"og:site_name\" content=\"Centre M\u00e8dic Creu Groga\" \/>\n<meta property=\"article:publisher\" content=\"https:\/\/www.facebook.com\/creugroga\" \/>\n<meta property=\"article:modified_time\" content=\"2021-02-09T10:42:27+00:00\" \/>\n<meta name=\"twitter:card\" content=\"summary_large_image\" \/>\n<meta name=\"twitter:site\" content=\"@CreuGrogaCM\" \/>\n<meta name=\"twitter:label1\" content=\"Tiempo de lectura\" \/>\n\t<meta name=\"twitter:data1\" content=\"9 minutos\" \/>\n<script type=\"application\/ld+json\" class=\"yoast-schema-graph\">{\"@context\":\"https:\\\/\\\/schema.org\",\"@graph\":[{\"@type\":\"WebPage\",\"@id\":\"https:\\\/\\\/www.creugroga.com\\\/es\\\/prevencion-covid-19\\\/pruebas-covid-19\\\/\",\"url\":\"https:\\\/\\\/www.creugroga.com\\\/es\\\/prevencion-covid-19\\\/pruebas-covid-19\\\/\",\"name\":\"Pruebas COVID-19 - Centre M\u00e8dic Creu Groga\",\"isPartOf\":{\"@id\":\"https:\\\/\\\/www.creugroga.com\\\/es\\\/#website\"},\"datePublished\":\"2020-08-21T09:51:33+00:00\",\"dateModified\":\"2021-02-09T10:42:27+00:00\",\"description\":\"Realizamos diferentes pruebas para la detecci\u00f3n del COVID19: test r\u00e1pido de ant\u00edgeno, PCR de saliva , PCR nasofar\u00edngeo, anticuerpos y serolog\u00eda.\",\"breadcrumb\":{\"@id\":\"https:\\\/\\\/www.creugroga.com\\\/es\\\/prevencion-covid-19\\\/pruebas-covid-19\\\/#breadcrumb\"},\"inLanguage\":\"es\",\"potentialAction\":[{\"@type\":\"ReadAction\",\"target\":[\"https:\\\/\\\/www.creugroga.com\\\/es\\\/prevencion-covid-19\\\/pruebas-covid-19\\\/\"]}]},{\"@type\":\"BreadcrumbList\",\"@id\":\"https:\\\/\\\/www.creugroga.com\\\/es\\\/prevencion-covid-19\\\/pruebas-covid-19\\\/#breadcrumb\",\"itemListElement\":[{\"@type\":\"ListItem\",\"position\":1,\"name\":\"Portada\",\"item\":\"https:\\\/\\\/www.creugroga.com\\\/es\\\/home\\\/\"},{\"@type\":\"ListItem\",\"position\":2,\"name\":\"Prevenci\u00f3n Covid-19\",\"item\":\"https:\\\/\\\/www.creugroga.com\\\/es\\\/prevencion-covid-19\\\/\"},{\"@type\":\"ListItem\",\"position\":3,\"name\":\"Pruebas COVID-19\"}]},{\"@type\":\"WebSite\",\"@id\":\"https:\\\/\\\/www.creugroga.com\\\/es\\\/#website\",\"url\":\"https:\\\/\\\/www.creugroga.com\\\/es\\\/\",\"name\":\"Centre M\u00e8dic Creu Groga\",\"description\":\"Centre M\u00e8dic Creu Groga\",\"potentialAction\":[{\"@type\":\"SearchAction\",\"target\":{\"@type\":\"EntryPoint\",\"urlTemplate\":\"https:\\\/\\\/www.creugroga.com\\\/es\\\/?s={search_term_string}\"},\"query-input\":{\"@type\":\"PropertyValueSpecification\",\"valueRequired\":true,\"valueName\":\"search_term_string\"}}],\"inLanguage\":\"es\"}]}<\/script>\n<!-- \/ Yoast SEO plugin. -->","yoast_head_json":{"title":"Pruebas COVID-19 - Centre M\u00e8dic Creu Groga","description":"Realizamos diferentes pruebas para la detecci\u00f3n del COVID19: test r\u00e1pido de ant\u00edgeno, PCR de saliva , PCR nasofar\u00edngeo, anticuerpos y serolog\u00eda.","robots":{"index":"index","follow":"follow","max-snippet":"max-snippet:-1","max-image-preview":"max-image-preview:large","max-video-preview":"max-video-preview:-1"},"canonical":"https:\/\/www.creugroga.com\/es\/prevencion-covid-19\/pruebas-covid-19\/","og_locale":"es_ES","og_type":"article","og_title":"Pruebas COVID-19 - Centre M\u00e8dic Creu Groga","og_description":"Realizamos diferentes pruebas para la detecci\u00f3n del COVID19: test r\u00e1pido de ant\u00edgeno, PCR de saliva , PCR nasofar\u00edngeo, anticuerpos y serolog\u00eda.","og_url":"https:\/\/www.creugroga.com\/es\/prevencion-covid-19\/pruebas-covid-19\/","og_site_name":"Centre M\u00e8dic Creu Groga","article_publisher":"https:\/\/www.facebook.com\/creugroga","article_modified_time":"2021-02-09T10:42:27+00:00","twitter_card":"summary_large_image","twitter_site":"@CreuGrogaCM","twitter_misc":{"Tiempo de lectura":"9 minutos"},"schema":{"@context":"https:\/\/schema.org","@graph":[{"@type":"WebPage","@id":"https:\/\/www.creugroga.com\/es\/prevencion-covid-19\/pruebas-covid-19\/","url":"https:\/\/www.creugroga.com\/es\/prevencion-covid-19\/pruebas-covid-19\/","name":"Pruebas COVID-19 - Centre M\u00e8dic Creu Groga","isPartOf":{"@id":"https:\/\/www.creugroga.com\/es\/#website"},"datePublished":"2020-08-21T09:51:33+00:00","dateModified":"2021-02-09T10:42:27+00:00","description":"Realizamos diferentes pruebas para la detecci\u00f3n del COVID19: test r\u00e1pido de ant\u00edgeno, PCR de saliva , PCR nasofar\u00edngeo, anticuerpos y serolog\u00eda.","breadcrumb":{"@id":"https:\/\/www.creugroga.com\/es\/prevencion-covid-19\/pruebas-covid-19\/#breadcrumb"},"inLanguage":"es","potentialAction":[{"@type":"ReadAction","target":["https:\/\/www.creugroga.com\/es\/prevencion-covid-19\/pruebas-covid-19\/"]}]},{"@type":"BreadcrumbList","@id":"https:\/\/www.creugroga.com\/es\/prevencion-covid-19\/pruebas-covid-19\/#breadcrumb","itemListElement":[{"@type":"ListItem","position":1,"name":"Portada","item":"https:\/\/www.creugroga.com\/es\/home\/"},{"@type":"ListItem","position":2,"name":"Prevenci\u00f3n Covid-19","item":"https:\/\/www.creugroga.com\/es\/prevencion-covid-19\/"},{"@type":"ListItem","position":3,"name":"Pruebas COVID-19"}]},{"@type":"WebSite","@id":"https:\/\/www.creugroga.com\/es\/#website","url":"https:\/\/www.creugroga.com\/es\/","name":"Centre M\u00e8dic Creu Groga","description":"Centre M\u00e8dic Creu Groga","potentialAction":[{"@type":"SearchAction","target":{"@type":"EntryPoint","urlTemplate":"https:\/\/www.creugroga.com\/es\/?s={search_term_string}"},"query-input":{"@type":"PropertyValueSpecification","valueRequired":true,"valueName":"search_term_string"}}],"inLanguage":"es"}]}},"_links":{"self":[{"href":"https:\/\/www.creugroga.com\/es\/wp-json\/wp\/v2\/pages\/10307","targetHints":{"allow":["GET"]}}],"collection":[{"href":"https:\/\/www.creugroga.com\/es\/wp-json\/wp\/v2\/pages"}],"about":[{"href":"https:\/\/www.creugroga.com\/es\/wp-json\/wp\/v2\/types\/page"}],"author":[{"embeddable":true,"href":"https:\/\/www.creugroga.com\/es\/wp-json\/wp\/v2\/users\/2"}],"replies":[{"embeddable":true,"href":"https:\/\/www.creugroga.com\/es\/wp-json\/wp\/v2\/comments?post=10307"}],"version-history":[{"count":0,"href":"https:\/\/www.creugroga.com\/es\/wp-json\/wp\/v2\/pages\/10307\/revisions"}],"up":[{"embeddable":true,"href":"https:\/\/www.creugroga.com\/es\/wp-json\/wp\/v2\/pages\/9698"}],"wp:attachment":[{"href":"https:\/\/www.creugroga.com\/es\/wp-json\/wp\/v2\/media?parent=10307"}],"curies":[{"name":"wp","href":"https:\/\/api.w.org\/{rel}","templated":true}]}}