{"id":11264,"date":"2021-05-26T09:21:32","date_gmt":"2021-05-26T09:21:32","guid":{"rendered":"https:\/\/www.creugroga.com\/paciente\/historial-medic\/"},"modified":"2021-05-26T09:28:47","modified_gmt":"2021-05-26T09:28:47","slug":"historial-medico","status":"publish","type":"page","link":"https:\/\/www.creugroga.com\/es\/paciente\/historial-medico\/","title":{"rendered":"Historial M\u00e9dico"},"content":{"rendered":"<div id='full_slider_1'  class='avia-fullwidth-slider main_color avia-shadow av-small-hide av-mini-hide  avia-builder-el-0  el_before_av_slideshow_full  avia-builder-el-first   container_wrap fullsize'  ><div  class='avia-slideshow av-kp40a58g-0fa07979b82b0cc3cdec1192bd4a3568 avia-slideshow-featured av_slideshow_full avia-slide-slider av-small-hide av-mini-hide av-slideshow-ui av-control-default av-slideshow-autoplay av-loop-endless av-loop-manual-endless av-default-height-applied   avia-slideshow-1' data-slideshow-options=\"{&quot;animation&quot;:&quot;slide&quot;,&quot;autoplay&quot;:true,&quot;loop_autoplay&quot;:&quot;endless&quot;,&quot;interval&quot;:4,&quot;loop_manual&quot;:&quot;manual-endless&quot;,&quot;autoplay_stopper&quot;:false,&quot;noNavigation&quot;:false,&quot;bg_slider&quot;:false,&quot;keep_padding&quot;:false,&quot;hoverpause&quot;:false,&quot;show_slide_delay&quot;:0}\"  itemprop=\"image\" itemscope=\"itemscope\" itemtype=\"https:\/\/schema.org\/ImageObject\" ><ul class='avia-slideshow-inner ' style='padding-bottom: 28.666666666667%;'><li  class='avia-slideshow-slide av-kp40a58g-0fa07979b82b0cc3cdec1192bd4a3568__0  av-single-slide slide-1 slide-odd'><div data-rel='slideshow-1' class='avia-slide-wrap '   ><img decoding=\"async\" fetchpriority=\"high\" class=\"wp-image-3087 avia-img-lazy-loading-not-3087\"  src=\"https:\/\/www.creugroga.com\/wp-content\/uploads\/2019\/02\/FotoProstata.jpg\" width=\"1500\" height=\"430\" title='Programa Prevenci\u00f3 C\u00e0ncer de Pr\u00f2stata Creu Groga' alt='Programa Prevenci\u00f3 C\u00e0ncer de Pr\u00f2stata Creu Groga'  itemprop=\"thumbnailUrl\" srcset=\"https:\/\/www.creugroga.com\/wp-content\/uploads\/2019\/02\/FotoProstata.jpg 1500w, https:\/\/www.creugroga.com\/wp-content\/uploads\/2019\/02\/FotoProstata-300x86.jpg 300w, https:\/\/www.creugroga.com\/wp-content\/uploads\/2019\/02\/FotoProstata-768x220.jpg 768w, https:\/\/www.creugroga.com\/wp-content\/uploads\/2019\/02\/FotoProstata-1030x295.jpg 1030w, https:\/\/www.creugroga.com\/wp-content\/uploads\/2019\/02\/FotoProstata-705x202.jpg 705w, https:\/\/www.creugroga.com\/wp-content\/uploads\/2019\/02\/FotoProstata-450x129.jpg 450w\" sizes=\"(max-width: 1500px) 100vw, 1500px\" \/><\/div><\/li><\/ul><\/div><\/div>\n<div id='full_slider_2'  class='avia-fullwidth-slider main_color avia-shadow av-desktop-hide av-medium-hide  avia-builder-el-1  el_after_av_slideshow_full  el_before_av_hr   slider-not-first container_wrap fullsize'  ><div  class='avia-slideshow av-265ke4z-b2fb28cb49c7b3b21df3ea231d6966c7 avia-slideshow-featured av_slideshow_full avia-slide-slider av-desktop-hide av-medium-hide av-slideshow-ui av-control-default av-slideshow-autoplay av-loop-endless av-loop-manual-endless av-default-height-applied   avia-slideshow-2' data-slideshow-options=\"{&quot;animation&quot;:&quot;slide&quot;,&quot;autoplay&quot;:true,&quot;loop_autoplay&quot;:&quot;endless&quot;,&quot;interval&quot;:4,&quot;loop_manual&quot;:&quot;manual-endless&quot;,&quot;autoplay_stopper&quot;:false,&quot;noNavigation&quot;:false,&quot;bg_slider&quot;:false,&quot;keep_padding&quot;:false,&quot;hoverpause&quot;:false,&quot;show_slide_delay&quot;:0}\"  itemprop=\"image\" itemscope=\"itemscope\" itemtype=\"https:\/\/schema.org\/ImageObject\" ><ul class='avia-slideshow-inner ' style='padding-bottom: 71.666666666667%;'><li  class='avia-slideshow-slide av-265ke4z-b2fb28cb49c7b3b21df3ea231d6966c7__0  av-single-slide slide-1 slide-odd'><div data-rel='slideshow-2' class='avia-slide-wrap '   ><img decoding=\"async\" fetchpriority=\"high\" class=\"wp-image-4396 avia-img-lazy-loading-not-4396\"  src=\"https:\/\/www.creugroga.com\/wp-content\/uploads\/2019\/03\/SliderCentresCreuGroga_MVL-1-600x430.jpg\" width=\"600\" height=\"430\" title='Cl\u00ednica Creu Groga' alt='Cl\u00ednica Creu Groga'  itemprop=\"thumbnailUrl\" srcset=\"https:\/\/www.creugroga.com\/wp-content\/uploads\/2019\/03\/SliderCentresCreuGroga_MVL-1-600x430.jpg 600w, https:\/\/www.creugroga.com\/wp-content\/uploads\/2019\/03\/SliderCentresCreuGroga_MVL-1-260x185.jpg 260w\" sizes=\"(max-width: 600px) 100vw, 600px\" \/><\/div><\/li><\/ul><\/div><\/div><div id='after_full_slider_2'  class='main_color av_default_container_wrap container_wrap fullsize'  ><div class='container av-section-cont-open' ><div class='template-page content  av-content-full alpha units'><div class='post-entry post-entry-type-page post-entry-11264'><div class='entry-content-wrapper clearfix'>\n\n<style type=\"text\/css\" data-created_by=\"avia_inline_auto\" id=\"style-css-av-146j01f-43e7a970012b0b29b4908ba73c4295c7\">\n#top .hr.hr-invisible.av-146j01f-43e7a970012b0b29b4908ba73c4295c7{\nheight:50px;\n}\n<\/style>\n<div  class='hr av-146j01f-43e7a970012b0b29b4908ba73c4295c7 hr-invisible  avia-builder-el-2  el_after_av_slideshow_full  el_before_av_textblock  avia-builder-el-first '><span class='hr-inner '><span class=\"hr-inner-style\"><\/span><\/span><\/div>\n<section  class='av_textblock_section av-kp3zogc5-98695b70c88836fca724dd25a8dd66de '   itemscope=\"itemscope\" itemtype=\"https:\/\/schema.org\/CreativeWork\" ><div class='avia_textblock'  itemprop=\"text\" ><h2 style=\"text-align: center; color: #00bcb0;\">SOLICITUD DOCUMENTACI\u00d3N ASISTENCIAL<\/h2>\n<\/div><\/section>\n\n<style type=\"text\/css\" data-created_by=\"avia_inline_auto\" id=\"style-css-av-notjlf-8bedd7ad13edd9d58116d8eade4a4419\">\n#top .hr.av-notjlf-8bedd7ad13edd9d58116d8eade4a4419{\nmargin-top:-10px;\nmargin-bottom:30px;\n}\n.hr.av-notjlf-8bedd7ad13edd9d58116d8eade4a4419 .hr-inner{\nwidth:50px;\nborder-color:#00bcb0;\n}\n<\/style>\n<div  class='hr av-notjlf-8bedd7ad13edd9d58116d8eade4a4419 hr-custom  avia-builder-el-4  el_after_av_textblock  el_before_av_textblock  hr-center hr-icon-no'><span class='hr-inner inner-border-av-border-fat'><span class=\"hr-inner-style\"><\/span><\/span><\/div>\n<section  class='av_textblock_section av-kp405vuj-53b482b80c160826d232ef026c334cb3 '   itemscope=\"itemscope\" itemtype=\"https:\/\/schema.org\/CreativeWork\" ><div class='avia_textblock'  itemprop=\"text\" ><p>Ahora <strong>puedes pedir tu informe o historial m\u00e9dico ONLINE<\/strong> siguiendo los siguiente pasos:<\/p>\n<ul>\n<li>Tienes que enviar un email a <strong>recepcio@creugroga.com<\/strong> con el NOMBRE, APELLIDOS (los 2), DNI y el informe que solicitas (nombre del doctor y fecha de visita) adjuntando una foto del DNI.<\/li>\n<li>Tambi\u00e9n deber\u00e1s firmar un documento \u00abSolicitud de documentaci\u00f3n asistencial\u00bb para la LOPD que te facilitaremos una vez recibamos este email con la solicitud y que, una vez firmado nos deber\u00e1s enviar.<\/li>\n<\/ul>\n<p>En caso de necesitar un<strong> informe del SERVICIO DE PSIQUIATR\u00cdA O PSICOLOG\u00cdA<\/strong>, deber\u00eda:<\/p>\n<ul>\n<li>Enviar un email a <strong>recepcio3@creugroga.com<\/strong> con el NOMBRE, APELLIDOS (los 2) y el informe que solicita (nombre del doctor y fecha de visita).<\/li>\n<\/ul>\n<\/div><\/section>\n","protected":false},"excerpt":{"rendered":"","protected":false},"author":2,"featured_media":0,"parent":11263,"menu_order":0,"comment_status":"closed","ping_status":"closed","template":"","meta":{"footnotes":""},"class_list":["post-11264","page","type-page","status-publish","hentry"],"yoast_head":"<!-- This site is optimized with the Yoast SEO plugin v27.4 - https:\/\/yoast.com\/product\/yoast-seo-wordpress\/ -->\n<title>Historial M\u00e9dico - Centre M\u00e8dic Creu Groga<\/title>\n<meta name=\"robots\" content=\"index, follow, max-snippet:-1, max-image-preview:large, max-video-preview:-1\" \/>\n<link rel=\"canonical\" href=\"https:\/\/www.creugroga.com\/es\/paciente\/historial-medico\/\" \/>\n<meta property=\"og:locale\" content=\"es_ES\" \/>\n<meta property=\"og:type\" content=\"article\" \/>\n<meta property=\"og:title\" content=\"Historial M\u00e9dico - Centre M\u00e8dic Creu Groga\" \/>\n<meta property=\"og:url\" content=\"https:\/\/www.creugroga.com\/es\/paciente\/historial-medico\/\" \/>\n<meta property=\"og:site_name\" content=\"Centre M\u00e8dic Creu Groga\" \/>\n<meta property=\"article:publisher\" content=\"https:\/\/www.facebook.com\/creugroga\" \/>\n<meta property=\"article:modified_time\" content=\"2021-05-26T09:28:47+00:00\" \/>\n<meta name=\"twitter:card\" content=\"summary_large_image\" \/>\n<meta name=\"twitter:site\" content=\"@CreuGrogaCM\" \/>\n<meta name=\"twitter:label1\" content=\"Tiempo de lectura\" \/>\n\t<meta name=\"twitter:data1\" content=\"3 minutos\" \/>\n<script type=\"application\/ld+json\" class=\"yoast-schema-graph\">{\"@context\":\"https:\\\/\\\/schema.org\",\"@graph\":[{\"@type\":\"WebPage\",\"@id\":\"https:\\\/\\\/www.creugroga.com\\\/es\\\/paciente\\\/historial-medico\\\/\",\"url\":\"https:\\\/\\\/www.creugroga.com\\\/es\\\/paciente\\\/historial-medico\\\/\",\"name\":\"Historial M\u00e9dico - Centre M\u00e8dic Creu Groga\",\"isPartOf\":{\"@id\":\"https:\\\/\\\/www.creugroga.com\\\/es\\\/#website\"},\"datePublished\":\"2021-05-26T09:21:32+00:00\",\"dateModified\":\"2021-05-26T09:28:47+00:00\",\"breadcrumb\":{\"@id\":\"https:\\\/\\\/www.creugroga.com\\\/es\\\/paciente\\\/historial-medico\\\/#breadcrumb\"},\"inLanguage\":\"es\",\"potentialAction\":[{\"@type\":\"ReadAction\",\"target\":[\"https:\\\/\\\/www.creugroga.com\\\/es\\\/paciente\\\/historial-medico\\\/\"]}]},{\"@type\":\"BreadcrumbList\",\"@id\":\"https:\\\/\\\/www.creugroga.com\\\/es\\\/paciente\\\/historial-medico\\\/#breadcrumb\",\"itemListElement\":[{\"@type\":\"ListItem\",\"position\":1,\"name\":\"Portada\",\"item\":\"https:\\\/\\\/www.creugroga.com\\\/es\\\/home\\\/\"},{\"@type\":\"ListItem\",\"position\":2,\"name\":\"PACIENTE\",\"item\":\"https:\\\/\\\/www.creugroga.com\\\/es\\\/paciente\\\/\"},{\"@type\":\"ListItem\",\"position\":3,\"name\":\"Historial M\u00e9dico\"}]},{\"@type\":\"WebSite\",\"@id\":\"https:\\\/\\\/www.creugroga.com\\\/es\\\/#website\",\"url\":\"https:\\\/\\\/www.creugroga.com\\\/es\\\/\",\"name\":\"Centre M\u00e8dic Creu Groga\",\"description\":\"Centre M\u00e8dic Creu Groga\",\"potentialAction\":[{\"@type\":\"SearchAction\",\"target\":{\"@type\":\"EntryPoint\",\"urlTemplate\":\"https:\\\/\\\/www.creugroga.com\\\/es\\\/?s={search_term_string}\"},\"query-input\":{\"@type\":\"PropertyValueSpecification\",\"valueRequired\":true,\"valueName\":\"search_term_string\"}}],\"inLanguage\":\"es\"}]}<\/script>\n<!-- \/ Yoast SEO plugin. -->","yoast_head_json":{"title":"Historial M\u00e9dico - Centre M\u00e8dic Creu Groga","robots":{"index":"index","follow":"follow","max-snippet":"max-snippet:-1","max-image-preview":"max-image-preview:large","max-video-preview":"max-video-preview:-1"},"canonical":"https:\/\/www.creugroga.com\/es\/paciente\/historial-medico\/","og_locale":"es_ES","og_type":"article","og_title":"Historial M\u00e9dico - Centre M\u00e8dic Creu Groga","og_url":"https:\/\/www.creugroga.com\/es\/paciente\/historial-medico\/","og_site_name":"Centre M\u00e8dic Creu Groga","article_publisher":"https:\/\/www.facebook.com\/creugroga","article_modified_time":"2021-05-26T09:28:47+00:00","twitter_card":"summary_large_image","twitter_site":"@CreuGrogaCM","twitter_misc":{"Tiempo de lectura":"3 minutos"},"schema":{"@context":"https:\/\/schema.org","@graph":[{"@type":"WebPage","@id":"https:\/\/www.creugroga.com\/es\/paciente\/historial-medico\/","url":"https:\/\/www.creugroga.com\/es\/paciente\/historial-medico\/","name":"Historial M\u00e9dico - Centre M\u00e8dic Creu Groga","isPartOf":{"@id":"https:\/\/www.creugroga.com\/es\/#website"},"datePublished":"2021-05-26T09:21:32+00:00","dateModified":"2021-05-26T09:28:47+00:00","breadcrumb":{"@id":"https:\/\/www.creugroga.com\/es\/paciente\/historial-medico\/#breadcrumb"},"inLanguage":"es","potentialAction":[{"@type":"ReadAction","target":["https:\/\/www.creugroga.com\/es\/paciente\/historial-medico\/"]}]},{"@type":"BreadcrumbList","@id":"https:\/\/www.creugroga.com\/es\/paciente\/historial-medico\/#breadcrumb","itemListElement":[{"@type":"ListItem","position":1,"name":"Portada","item":"https:\/\/www.creugroga.com\/es\/home\/"},{"@type":"ListItem","position":2,"name":"PACIENTE","item":"https:\/\/www.creugroga.com\/es\/paciente\/"},{"@type":"ListItem","position":3,"name":"Historial M\u00e9dico"}]},{"@type":"WebSite","@id":"https:\/\/www.creugroga.com\/es\/#website","url":"https:\/\/www.creugroga.com\/es\/","name":"Centre M\u00e8dic Creu Groga","description":"Centre M\u00e8dic Creu Groga","potentialAction":[{"@type":"SearchAction","target":{"@type":"EntryPoint","urlTemplate":"https:\/\/www.creugroga.com\/es\/?s={search_term_string}"},"query-input":{"@type":"PropertyValueSpecification","valueRequired":true,"valueName":"search_term_string"}}],"inLanguage":"es"}]}},"_links":{"self":[{"href":"https:\/\/www.creugroga.com\/es\/wp-json\/wp\/v2\/pages\/11264","targetHints":{"allow":["GET"]}}],"collection":[{"href":"https:\/\/www.creugroga.com\/es\/wp-json\/wp\/v2\/pages"}],"about":[{"href":"https:\/\/www.creugroga.com\/es\/wp-json\/wp\/v2\/types\/page"}],"author":[{"embeddable":true,"href":"https:\/\/www.creugroga.com\/es\/wp-json\/wp\/v2\/users\/2"}],"replies":[{"embeddable":true,"href":"https:\/\/www.creugroga.com\/es\/wp-json\/wp\/v2\/comments?post=11264"}],"version-history":[{"count":0,"href":"https:\/\/www.creugroga.com\/es\/wp-json\/wp\/v2\/pages\/11264\/revisions"}],"up":[{"embeddable":true,"href":"https:\/\/www.creugroga.com\/es\/wp-json\/wp\/v2\/pages\/11263"}],"wp:attachment":[{"href":"https:\/\/www.creugroga.com\/es\/wp-json\/wp\/v2\/media?parent=11264"}],"curies":[{"name":"wp","href":"https:\/\/api.w.org\/{rel}","templated":true}]}}