{"id":13851,"date":"2023-11-30T12:44:32","date_gmt":"2023-11-30T12:44:32","guid":{"rendered":"https:\/\/www.creugroga.com\/canal-etic\/"},"modified":"2025-05-28T11:47:06","modified_gmt":"2025-05-28T11:47:06","slug":"canal-etico","status":"publish","type":"page","link":"https:\/\/www.creugroga.com\/es\/canal-etico\/","title":{"rendered":"Canal \u00e9tico"},"content":{"rendered":"<div id='av_section_1'  class='avia-section av-16sf44v-3d8261dd83ff8af1a9865e42c3ce3a47 main_color avia-section-default avia-no-border-styling  avia-builder-el-0  el_before_av_section  avia-builder-el-first  avia-bg-style-scroll container_wrap fullsize'  ><div class='container av-section-cont-open' ><main  role=\"main\" itemprop=\"mainContentOfPage\"  class='template-page content  av-content-full alpha units'><div class='post-entry post-entry-type-page post-entry-13851'><div class='entry-content-wrapper clearfix'>\n<div  class='flex_column av-2a645r-8060ae4d6f959b262863ee0bfc9db5e7 av_one_full  avia-builder-el-1  avia-builder-el-no-sibling  first flex_column_div  '     ><section  class='av_textblock_section av-lpl6q45h-1ca6fafa6122f702b54ed8e825cd87db '   itemscope=\"itemscope\" itemtype=\"https:\/\/schema.org\/CreativeWork\" ><div class='avia_textblock'  itemprop=\"text\" ><h1 style=\"text-align: center; color: #017c95;\">CANAL \u00c9TICO<\/h1>\n<\/div><\/section><br \/>\n\n<style type=\"text\/css\" data-created_by=\"avia_inline_auto\" id=\"style-css-av-lpl6th4u-5cc99a1a757abb9400730adffa0d9896\">\n#top .hr.av-lpl6th4u-5cc99a1a757abb9400730adffa0d9896{\nmargin-top:0px;\nmargin-bottom:30px;\n}\n.hr.av-lpl6th4u-5cc99a1a757abb9400730adffa0d9896 .hr-inner{\nwidth:50px;\nborder-color:#017c95;\n}\n<\/style>\n<div  class='hr av-lpl6th4u-5cc99a1a757abb9400730adffa0d9896 hr-custom  avia-builder-el-3  el_after_av_textblock  el_before_av_textblock  hr-center hr-icon-no'><span class='hr-inner inner-border-av-border-fat'><span class=\"hr-inner-style\"><\/span><\/span><\/div><br \/>\n<section  class='av_textblock_section av-lpl6tn5a-718695ed9c4c43176ccf7eb0c47b5961 '   itemscope=\"itemscope\" itemtype=\"https:\/\/schema.org\/CreativeWork\" ><div class='avia_textblock'  itemprop=\"text\" ><p style=\"text-align: center;\">El <strong>Grupo Creu Groga<\/strong> se basa en el fomento de un entorno seguro, responsable, \u00e9tico, transparente, de igualdad y de confianza para todos nuestros empleados, usuarios y proveedores. Adem\u00e1s, uno de nuestros fundamentos es cuidar el medio ambiente y el entorno social.<\/p>\n<p style=\"text-align: center;\">Sin embargo, el grupo se basa en un C\u00f3digo \u00c9tico que define la hoja de ruta y el marco normativo que contempla, adem\u00e1s, los valores, la misi\u00f3n y la visi\u00f3n del Grupo Creu Groga.<\/p>\n<\/div><\/section><br \/>\n\n<style type=\"text\/css\" data-created_by=\"avia_inline_auto\" id=\"style-css-av-lpl6twoi-2e81d30acd8e04163fe7114800b294bd\">\n#top .hr.hr-invisible.av-lpl6twoi-2e81d30acd8e04163fe7114800b294bd{\nheight:20px;\n}\n<\/style>\n<div  class='hr av-lpl6twoi-2e81d30acd8e04163fe7114800b294bd hr-invisible  avia-builder-el-5  el_after_av_textblock  avia-builder-el-last '><span class='hr-inner '><span class=\"hr-inner-style\"><\/span><\/span><\/div><\/p><\/div><\/div><\/div><\/main><!-- close content main element --><\/div><\/div>\n<style type=\"text\/css\" data-created_by=\"avia_inline_auto\" id=\"style-css-av-lpl7fsyj-b382f002c12bc68f1837f881223cb605\">\n.avia-section.av-lpl7fsyj-b382f002c12bc68f1837f881223cb605{\nbackground-color:#017c95;\nbackground-image:unset;\n}\n<\/style>\n<div id='av_section_2'  class='avia-section av-lpl7fsyj-b382f002c12bc68f1837f881223cb605 main_color avia-section-default avia-no-border-styling  avia-builder-el-6  el_after_av_section  el_before_av_section  avia-bg-style-scroll container_wrap fullsize'  ><div class='container av-section-cont-open' ><div class='template-page content  av-content-full alpha units'><div class='post-entry post-entry-type-page post-entry-13851'><div class='entry-content-wrapper clearfix'>\n<div  class='avia-button-wrap av-lpl7ho6w-02e8a1a9ef4c70dafcfc149cdd3333da-wrap avia-button-center  avia-builder-el-7  avia-builder-el-no-sibling '>\n<style type=\"text\/css\" data-created_by=\"avia_inline_auto\" id=\"style-css-av-lpl7ho6w-02e8a1a9ef4c70dafcfc149cdd3333da\">\n#top #wrap_all .avia-button.av-lpl7ho6w-02e8a1a9ef4c70dafcfc149cdd3333da{\nborder-style:solid;\nborder-radius:0 0 0 0;\ntransition:all 0.4s ease-in-out;\n}\n#top #wrap_all.avia-button.av-lpl7ho6w-02e8a1a9ef4c70dafcfc149cdd3333da:hover .avia_button_background{\nborder-radius:0 0 0 0;\n}\n<\/style>\n<a href='https:\/\/www.creugroga.com\/wp-content\/uploads\/2023\/11\/CODIGO-ETICO-Y-CONDUCTA-GRUPO-CREU-GROGA-1.pdf'  class='avia-button av-lpl7ho6w-02e8a1a9ef4c70dafcfc149cdd3333da av-link-btn avia-icon_select-no avia-size-x-large avia-position-center avia-color-light'  target=\"_blank\"  rel=\"noopener noreferrer\"  aria-label=\"C\u00d3DIGO \u00c9TICO\"><span class='avia_iconbox_title' >C\u00d3DIGO \u00c9TICO<\/span><\/a><\/div>\n<\/div><\/div><\/div><!-- close content main div --><\/div><\/div><div id='av_section_3'  class='avia-section av-1qbbgxb-3f0cd46c4738a62e06ab1361621988ce main_color avia-section-default avia-no-border-styling  avia-builder-el-8  el_after_av_section  el_before_av_layout_row  avia-bg-style-scroll container_wrap fullsize'  ><div class='container av-section-cont-open' ><div class='template-page content  av-content-full alpha units'><div class='post-entry post-entry-type-page post-entry-13851'><div class='entry-content-wrapper clearfix'>\n<div  class='flex_column av-199hk8f-44409cefc95aebd3eb36954c99d718f8 av_one_half  avia-builder-el-9  el_before_av_one_half  avia-builder-el-first  first flex_column_div  '     ><section  class='av_textblock_section av-lpl7kj2b-bcc579eca3b8a6e816c37a310f8b3b1a '   itemscope=\"itemscope\" itemtype=\"https:\/\/schema.org\/CreativeWork\" ><div class='avia_textblock'  itemprop=\"text\" ><h3 class=\"elementor-heading-title elementor-size-default\">Cumplimiento de la normativa vigente<\/h3>\n<\/div><\/section><br \/>\n<section  class='av_textblock_section av-lpl7krp8-7889b1114b238d3757694a5efcf1ae98 '   itemscope=\"itemscope\" itemtype=\"https:\/\/schema.org\/CreativeWork\" ><div class='avia_textblock'  itemprop=\"text\" ><p>Estamos comprometidos en el cumplimiento de la normativa vigente y del C\u00f3digo \u00c9tico, as\u00ed como en la detecci\u00f3n y prevenci\u00f3n de comportamientos irregulares en el centro.<\/p>\n<p>Por todos estos motivos, hemos implementado un Canal \u00c9tico que permite a cualquier persona reportar posibles conductas indebidas o violaciones \u00e9ticas detectadas en nuestra instituci\u00f3n.<\/p>\n<\/div><\/section><br \/>\n<section  class='av_textblock_section av-lpl7l6fx-fd67a3d6a46408b0e74134b3808dd422 '   itemscope=\"itemscope\" itemtype=\"https:\/\/schema.org\/CreativeWork\" ><div class='avia_textblock'  itemprop=\"text\" ><h3 class=\"elementor-heading-title elementor-size-default\">\u00a1Importante!<\/h3>\n<\/div><\/section><br \/>\n<section  class='av_textblock_section av-lpl7lg22-cc52cabd82b020e51a529e14e1dbe79b '   itemscope=\"itemscope\" itemtype=\"https:\/\/schema.org\/CreativeWork\" ><div class='avia_textblock'  itemprop=\"text\" ><p>Este Canal \u00c9tico no es un servicio de emergencias. No debe utilizarse para informar sobre situaciones que comporten una amenaza inmediata. Si necesita asistencia en una situaci\u00f3n de este tipo, por favor contacte con sus autoridades locales y utilice los canales definidos al efecto.<\/p>\n<\/div><\/section><\/p><\/div><div  class='flex_column av-jpmulr-d1cee1ce3f941ac3d0b1f82beb43f0dd av_one_half  avia-builder-el-14  el_after_av_one_half  el_before_av_one_full  flex_column_div  '     ><section  class='av_textblock_section av-lpl7u1p1-a0f896663b5ee4cd4649a5de0c53c8ca '   itemscope=\"itemscope\" itemtype=\"https:\/\/schema.org\/CreativeWork\" ><div class='avia_textblock'  itemprop=\"text\" ><h3 class=\"elementor-heading-title elementor-size-default\">\u00bfQu\u00e9 hechos se pueden notificar?<\/h3>\n<\/div><\/section><br \/>\n<section  class='av_textblock_section av-lpl7ud3k-710e0f894f7cae429d92c11c08c7280d '   itemscope=\"itemscope\" itemtype=\"https:\/\/schema.org\/CreativeWork\" ><div class='avia_textblock'  itemprop=\"text\" ><p>Puedes informar a trav\u00e9s del Canal \u00c9tico de los hechos que consideres puedan suponer un incumplimiento de la normativa legal, del C\u00f3digo \u00c9tico o de cualquier normativa interna vigente, como:<\/p>\n<ul class=\"elementor-icon-list-items\">\n<li class=\"elementor-icon-list-item\"><span class=\"elementor-icon-list-text\">Conductas relativas al fraude y corrupci\u00f3n.<\/span><\/li>\n<li class=\"elementor-icon-list-item\"><i class=\"fas fa-chevron-circle-right\" aria-hidden=\"true\"><\/i><span class=\"elementor-icon-list-text\">Conductas relativas a la Seguridad, salud e higiene en el trabajo.<\/span><\/li>\n<li class=\"elementor-icon-list-item\"><i class=\"fas fa-chevron-circle-right\" aria-hidden=\"true\"><\/i><span class=\"elementor-icon-list-text\">Discriminaci\u00f3n y acoso en el puesto de trabajo.<\/span><\/li>\n<li class=\"elementor-icon-list-item\"><i class=\"fas fa-chevron-circle-right\" aria-hidden=\"true\"><\/i><span class=\"elementor-icon-list-text\">Conductas relativas a la seguridad de la informaci\u00f3n, protecci\u00f3n de datos y mercados de valores.<\/span><\/li>\n<li class=\"elementor-icon-list-item\"><i class=\"fas fa-chevron-circle-right\" aria-hidden=\"true\"><\/i><span class=\"elementor-icon-list-text\">Pr\u00e1cticas anticonceptivas<\/span><\/li>\n<li class=\"elementor-icon-list-item\"><i class=\"fas fa-chevron-circle-right\" aria-hidden=\"true\"><\/i><span class=\"elementor-icon-list-text\">Conductas contrarias a los derechos humanos o da\u00f1os en el medio ambiente.<\/span><\/li>\n<li class=\"elementor-icon-list-item\"><i class=\"fas fa-chevron-circle-right\" aria-hidden=\"true\"><\/i><span class=\"elementor-icon-list-text\">Otras posibles infracciones penales o administrativas.<\/span><\/li>\n<\/ul>\n<\/div><\/section><\/p><\/div><div  class='flex_column av-3dsisxb-9744a82175f332bdd68f9e3747351fc9 av_one_full  avia-builder-el-17  el_after_av_one_half  avia-builder-el-last  first flex_column_div  column-top-margin'     ><section  class='av_textblock_section av-lpl9kkgy-c1ee8ff9c617414dd14de8f09c9ffa04 '   itemscope=\"itemscope\" itemtype=\"https:\/\/schema.org\/CreativeWork\" ><div class='avia_textblock'  itemprop=\"text\" ><h3 class=\"elementor-heading-title elementor-size-default\" style=\"text-align: center; color: #017c95;\">Caracter\u00edsticas principales<\/h3>\n<\/div><\/section><\/div><\/div><\/div><\/div><!-- close content main div --><\/div><\/div><div id='av-layout-grid-1'  class='av-layout-grid-container av-2yfw97z-35c1cd554788ee12899b3d0adfbd4cef entry-content-wrapper main_color av-flex-cells  avia-builder-el-19  el_after_av_section  el_before_av_section  grid-row-not-first  container_wrap fullsize'  >\n<div class='flex_cell av-2g6ykbz-4659af816a97591d1922cf007bd1cf26 av-gridrow-cell av_one_fourth no_margin  avia-builder-el-20  el_before_av_cell_one_fourth  avia-builder-el-first '  ><div class='flex_cell_inner'><div  class='avia-button-wrap av-1x7l86n-d781831f50a18c6202f92faead71ffc3-wrap avia-button-center  avia-builder-el-21  avia-builder-el-no-sibling '>\n<style type=\"text\/css\" data-created_by=\"avia_inline_auto\" id=\"style-css-av-1x7l86n-d781831f50a18c6202f92faead71ffc3\">\n#top #wrap_all .avia-button.av-1x7l86n-d781831f50a18c6202f92faead71ffc3{\nbackground-color:#017c95;\nborder-color:#017c95;\ncolor:#ffffff;\nborder-style:solid;\nborder-radius:0 0 0 0;\ntransition:all 0.4s ease-in-out;\n}\n#top #wrap_all.avia-button.av-1x7l86n-d781831f50a18c6202f92faead71ffc3:hover .avia_button_background{\nborder-radius:0 0 0 0;\n}\n#top #wrap_all .avia-button.av-1x7l86n-d781831f50a18c6202f92faead71ffc3 .avia-svg-icon svg:first-child{\nfill:#ffffff;\nstroke:#ffffff;\n}\n<\/style>\n<a href=''  class='avia-button av-1x7l86n-d781831f50a18c6202f92faead71ffc3 av-link-btn avia-icon_select-no avia-size-x-large avia-position-center'   aria-label=\"CONFIDENCIALIDAD\"><span class='avia_iconbox_title' >CONFIDENCIALIDAD<\/span><\/a><\/div>\n<\/div><\/div><div class='flex_cell av-1guiy9b-4b312f4733989cdaadb7432e46b62ad5 av-gridrow-cell av_one_fourth no_margin  avia-builder-el-22  el_after_av_cell_one_fourth  el_before_av_cell_one_fourth '  ><div class='flex_cell_inner'><div  class='avia-button-wrap av-lpl9qygf-15900880f40fd32e2189d0a479fcd237-wrap avia-button-center  avia-builder-el-23  avia-builder-el-no-sibling '>\n<style type=\"text\/css\" data-created_by=\"avia_inline_auto\" id=\"style-css-av-lpl9qygf-15900880f40fd32e2189d0a479fcd237\">\n#top #wrap_all .avia-button.av-lpl9qygf-15900880f40fd32e2189d0a479fcd237{\nbackground-color:#017c95;\nborder-color:#017c95;\ncolor:#ffffff;\nborder-style:solid;\nborder-radius:0 0 0 0;\ntransition:all 0.4s ease-in-out;\n}\n#top #wrap_all.avia-button.av-lpl9qygf-15900880f40fd32e2189d0a479fcd237:hover .avia_button_background{\nborder-radius:0 0 0 0;\n}\n#top #wrap_all .avia-button.av-lpl9qygf-15900880f40fd32e2189d0a479fcd237 .avia-svg-icon svg:first-child{\nfill:#ffffff;\nstroke:#ffffff;\n}\n<\/style>\n<a href=''  class='avia-button av-lpl9qygf-15900880f40fd32e2189d0a479fcd237 av-link-btn avia-icon_select-no avia-size-x-large avia-position-center'   aria-label=\"PROCESO DE INVESTIGACI\u00d3N IMPARCIAL\"><span class='avia_iconbox_title' >PROCESO DE INVESTIGACI\u00d3N IMPARCIAL<\/span><\/a><\/div>\n<\/div><\/div>\n<style type=\"text\/css\" data-created_by=\"avia_inline_auto\" id=\"style-css-av-4d4l7z-af5020c0e2bec3d173dd1540c44326ab\">\n.flex_cell.av-4d4l7z-af5020c0e2bec3d173dd1540c44326ab{\nvertical-align:top;\n}\n<\/style>\n<div class='flex_cell av-4d4l7z-af5020c0e2bec3d173dd1540c44326ab av-gridrow-cell av_one_fourth no_margin  avia-builder-el-24  el_after_av_cell_one_fourth  el_before_av_cell_one_fourth  content-align-top'  ><div class='flex_cell_inner'><div  class='avia-button-wrap av-lpl9rk7s-044084b45068c1e46c24be3361322b96-wrap avia-button-center  avia-builder-el-25  avia-builder-el-no-sibling '>\n<style type=\"text\/css\" data-created_by=\"avia_inline_auto\" id=\"style-css-av-lpl9rk7s-044084b45068c1e46c24be3361322b96\">\n#top #wrap_all .avia-button.av-lpl9rk7s-044084b45068c1e46c24be3361322b96{\nbackground-color:#017c95;\nborder-color:#017c95;\ncolor:#ffffff;\nborder-style:solid;\nborder-radius:0 0 0 0;\ntransition:all 0.4s ease-in-out;\n}\n#top #wrap_all.avia-button.av-lpl9rk7s-044084b45068c1e46c24be3361322b96:hover .avia_button_background{\nborder-radius:0 0 0 0;\n}\n#top #wrap_all .avia-button.av-lpl9rk7s-044084b45068c1e46c24be3361322b96 .avia-svg-icon svg:first-child{\nfill:#ffffff;\nstroke:#ffffff;\n}\n<\/style>\n<a href=''  class='avia-button av-lpl9rk7s-044084b45068c1e46c24be3361322b96 av-link-btn avia-icon_select-no avia-size-x-large avia-position-center'   aria-label=\" RESOLUCI\u00d3N Y SEGUIMIENTO\"><span class='avia_iconbox_title' > RESOLUCI\u00d3N Y SEGUIMIENTO<\/span><\/a><\/div>\n<\/div><\/div>\n<style type=\"text\/css\" data-created_by=\"avia_inline_auto\" id=\"style-css-av-mp5qgf-7af0a2d3e0b6a430512e9879ff944291\">\n.flex_cell.av-mp5qgf-7af0a2d3e0b6a430512e9879ff944291{\nvertical-align:top;\n}\n<\/style>\n<div class='flex_cell av-mp5qgf-7af0a2d3e0b6a430512e9879ff944291 av-gridrow-cell av_one_fourth no_margin  avia-builder-el-26  el_after_av_cell_one_fourth  avia-builder-el-last  content-align-top'  ><div class='flex_cell_inner'><div  class='avia-button-wrap av-lpl9rs93-eee9a340f45111d0236807bbc2b76323-wrap avia-button-center  avia-builder-el-27  avia-builder-el-no-sibling '>\n<style type=\"text\/css\" data-created_by=\"avia_inline_auto\" id=\"style-css-av-lpl9rs93-eee9a340f45111d0236807bbc2b76323\">\n#top #wrap_all .avia-button.av-lpl9rs93-eee9a340f45111d0236807bbc2b76323{\nbackground-color:#017c95;\nborder-color:#017c95;\ncolor:#ffffff;\nborder-style:solid;\nborder-radius:0 0 0 0;\ntransition:all 0.4s ease-in-out;\n}\n#top #wrap_all.avia-button.av-lpl9rs93-eee9a340f45111d0236807bbc2b76323:hover .avia_button_background{\nborder-radius:0 0 0 0;\n}\n#top #wrap_all .avia-button.av-lpl9rs93-eee9a340f45111d0236807bbc2b76323 .avia-svg-icon svg:first-child{\nfill:#ffffff;\nstroke:#ffffff;\n}\n<\/style>\n<a href=''  class='avia-button av-lpl9rs93-eee9a340f45111d0236807bbc2b76323 av-link-btn avia-icon_select-no avia-size-x-large avia-position-center'   aria-label=\"PROTECCI\u00d3N CONTRA REPRESALIA\"><span class='avia_iconbox_title' >PROTECCI\u00d3N CONTRA REPRESALIA<\/span><\/a><\/div>\n<\/div><\/div><\/div><div id='av_section_4'  class='avia-section av-2pdxfin-c868e0cb72dc19492713dd51b8eac3ec main_color avia-section-default avia-no-border-styling  avia-builder-el-28  el_after_av_layout_row  el_before_av_section  avia-bg-style-scroll container_wrap fullsize'  ><div class='container av-section-cont-open' ><div class='template-page content  av-content-full alpha units'><div class='post-entry post-entry-type-page post-entry-13851'><div class='entry-content-wrapper clearfix'>\n<div  class='flex_column av-2772r8v-39f5fa107e58d99f534da6fd8a9747f8 av_one_full  avia-builder-el-29  avia-builder-el-no-sibling  first flex_column_div  '     ><section  class='av_textblock_section av-lpl9y7xi-7102b4691888d9ef23f27fae813f0ab6 '   itemscope=\"itemscope\" itemtype=\"https:\/\/schema.org\/CreativeWork\" ><div class='avia_textblock'  itemprop=\"text\" ><h2 class=\"elementor-heading-title elementor-size-default\" style=\"text-align: center; color: #017c95;\">\u00bfC\u00d3MO SE PUEDE ENVIAR UNA COMUNICACI\u00d3N?<\/h2>\n<\/div><\/section><br \/>\n<section  class='av_textblock_section av-lpla02pp-6d0d384bcc66218b28f1295dca0b59bd '   itemscope=\"itemscope\" itemtype=\"https:\/\/schema.org\/CreativeWork\" ><div class='avia_textblock'  itemprop=\"text\" ><p style=\"text-align: center;\">Puedes enviar la comunicaci\u00f3n a trav\u00e9s del siguiente enlace. Tambi\u00e9n adjuntamos un manual del procedimiento a seguir para realizar un comunicado.<\/p>\n<\/div><\/section><\/p><\/div><\/div><\/div><\/div><!-- close content main div --><\/div><\/div>\n<style type=\"text\/css\" data-created_by=\"avia_inline_auto\" id=\"style-css-av-1g3fq8f-ca3ac1e33f5683b760ac3657bf7b8c26\">\n.avia-section.av-1g3fq8f-ca3ac1e33f5683b760ac3657bf7b8c26{\nbackground-color:#017c95;\nbackground-image:unset;\n}\n<\/style>\n<div id='av_section_5'  class='avia-section av-1g3fq8f-ca3ac1e33f5683b760ac3657bf7b8c26 main_color avia-section-default avia-no-border-styling  avia-builder-el-32  el_after_av_section  avia-builder-el-last  avia-bg-style-scroll container_wrap fullsize'  ><div class='container av-section-cont-open' ><div class='template-page content  av-content-full alpha units'><div class='post-entry post-entry-type-page post-entry-13851'><div class='entry-content-wrapper clearfix'>\n<div  class='flex_column av-10s6h7z-962e378833f2fcbb373f7443492f507c av_one_half  avia-builder-el-33  el_before_av_one_half  avia-builder-el-first  first flex_column_div  '     ><div  class='avia-button-wrap av-lpla22lh-d649f001f666fda84260b610369caadb-wrap avia-button-center  avia-builder-el-34  avia-builder-el-no-sibling '>\n<style type=\"text\/css\" data-created_by=\"avia_inline_auto\" id=\"style-css-av-lpla22lh-d649f001f666fda84260b610369caadb\">\n#top #wrap_all .avia-button.av-lpla22lh-d649f001f666fda84260b610369caadb{\nborder-style:solid;\nborder-radius:0 0 0 0;\ntransition:all 0.4s ease-in-out;\n}\n#top #wrap_all.avia-button.av-lpla22lh-d649f001f666fda84260b610369caadb:hover .avia_button_background{\nborder-radius:0 0 0 0;\n}\n<\/style>\n<a href='https:\/\/www.ovetauki.com\/index.php?route=login\/complaint&amp;c_key=yUnKDUhSrbdYscLQfmtYFfRrNAjgcCXkEnGT'  class='avia-button av-lpla22lh-d649f001f666fda84260b610369caadb av-link-btn avia-icon_select-no avia-size-x-large avia-position-center avia-color-light'  target=\"_blank\"  rel=\"noopener noreferrer\"  aria-label=\"CANAL \u00c9TICO\"><span class='avia_iconbox_title' >CANAL \u00c9TICO<\/span><\/a><\/div><\/div><div  class='flex_column av-qx7ucv-c2307ef2d5e6286dcadb517e3079a978 av_one_half  avia-builder-el-35  el_after_av_one_half  avia-builder-el-last  flex_column_div  '     ><div  class='avia-button-wrap av-lpla2g9x-2d1a0ead478b17e484e0c0bc2a9fbb64-wrap avia-button-center  avia-builder-el-36  avia-builder-el-no-sibling '>\n<style type=\"text\/css\" data-created_by=\"avia_inline_auto\" id=\"style-css-av-lpla2g9x-2d1a0ead478b17e484e0c0bc2a9fbb64\">\n#top #wrap_all .avia-button.av-lpla2g9x-2d1a0ead478b17e484e0c0bc2a9fbb64{\nborder-style:solid;\nborder-radius:0 0 0 0;\ntransition:all 0.4s ease-in-out;\n}\n#top #wrap_all.avia-button.av-lpla2g9x-2d1a0ead478b17e484e0c0bc2a9fbb64:hover .avia_button_background{\nborder-radius:0 0 0 0;\n}\n<\/style>\n<a href='#'  class='avia-button av-lpla2g9x-2d1a0ead478b17e484e0c0bc2a9fbb64 av-link-btn avia-icon_select-no avia-size-x-large avia-position-center avia-color-light'  target=\"_blank\"  rel=\"noopener noreferrer\"  aria-label=\"MANUAL DE PROCEDIMIENTO\"><span class='avia_iconbox_title' >MANUAL DE PROCEDIMIENTO<\/span><\/a><\/div><\/div>\n","protected":false},"excerpt":{"rendered":"","protected":false},"author":2,"featured_media":0,"parent":0,"menu_order":0,"comment_status":"closed","ping_status":"closed","template":"","meta":{"footnotes":""},"class_list":["post-13851","page","type-page","status-publish","hentry"],"yoast_head":"<!-- This site is optimized with the Yoast SEO plugin v27.4 - https:\/\/yoast.com\/product\/yoast-seo-wordpress\/ -->\n<title>Canal \u00e9tico - Centre M\u00e8dic Creu Groga<\/title>\n<meta name=\"robots\" content=\"index, follow, max-snippet:-1, max-image-preview:large, max-video-preview:-1\" \/>\n<link rel=\"canonical\" href=\"https:\/\/www.creugroga.com\/es\/canal-etico\/\" \/>\n<meta property=\"og:locale\" content=\"es_ES\" \/>\n<meta property=\"og:type\" content=\"article\" \/>\n<meta property=\"og:title\" content=\"Canal \u00e9tico - Centre M\u00e8dic Creu Groga\" \/>\n<meta property=\"og:url\" content=\"https:\/\/www.creugroga.com\/es\/canal-etico\/\" \/>\n<meta property=\"og:site_name\" content=\"Centre M\u00e8dic Creu Groga\" \/>\n<meta property=\"article:publisher\" content=\"https:\/\/www.facebook.com\/creugroga\" \/>\n<meta property=\"article:modified_time\" content=\"2025-05-28T11:47:06+00:00\" \/>\n<meta name=\"twitter:card\" content=\"summary_large_image\" \/>\n<meta name=\"twitter:site\" content=\"@CreuGrogaCM\" \/>\n<meta name=\"twitter:label1\" content=\"Tiempo de lectura\" \/>\n\t<meta name=\"twitter:data1\" content=\"2 minutos\" \/>\n<script type=\"application\/ld+json\" class=\"yoast-schema-graph\">{\"@context\":\"https:\\\/\\\/schema.org\",\"@graph\":[{\"@type\":\"WebPage\",\"@id\":\"https:\\\/\\\/www.creugroga.com\\\/es\\\/canal-etico\\\/\",\"url\":\"https:\\\/\\\/www.creugroga.com\\\/es\\\/canal-etico\\\/\",\"name\":\"Canal \u00e9tico - Centre M\u00e8dic Creu Groga\",\"isPartOf\":{\"@id\":\"https:\\\/\\\/www.creugroga.com\\\/es\\\/#website\"},\"datePublished\":\"2023-11-30T12:44:32+00:00\",\"dateModified\":\"2025-05-28T11:47:06+00:00\",\"breadcrumb\":{\"@id\":\"https:\\\/\\\/www.creugroga.com\\\/es\\\/canal-etico\\\/#breadcrumb\"},\"inLanguage\":\"es\",\"potentialAction\":[{\"@type\":\"ReadAction\",\"target\":[\"https:\\\/\\\/www.creugroga.com\\\/es\\\/canal-etico\\\/\"]}]},{\"@type\":\"BreadcrumbList\",\"@id\":\"https:\\\/\\\/www.creugroga.com\\\/es\\\/canal-etico\\\/#breadcrumb\",\"itemListElement\":[{\"@type\":\"ListItem\",\"position\":1,\"name\":\"Portada\",\"item\":\"https:\\\/\\\/www.creugroga.com\\\/es\\\/home\\\/\"},{\"@type\":\"ListItem\",\"position\":2,\"name\":\"Canal \u00e9tico\"}]},{\"@type\":\"WebSite\",\"@id\":\"https:\\\/\\\/www.creugroga.com\\\/es\\\/#website\",\"url\":\"https:\\\/\\\/www.creugroga.com\\\/es\\\/\",\"name\":\"Centre M\u00e8dic Creu Groga\",\"description\":\"Centre M\u00e8dic Creu Groga\",\"potentialAction\":[{\"@type\":\"SearchAction\",\"target\":{\"@type\":\"EntryPoint\",\"urlTemplate\":\"https:\\\/\\\/www.creugroga.com\\\/es\\\/?s={search_term_string}\"},\"query-input\":{\"@type\":\"PropertyValueSpecification\",\"valueRequired\":true,\"valueName\":\"search_term_string\"}}],\"inLanguage\":\"es\"}]}<\/script>\n<!-- \/ Yoast SEO plugin. -->","yoast_head_json":{"title":"Canal \u00e9tico - Centre M\u00e8dic Creu Groga","robots":{"index":"index","follow":"follow","max-snippet":"max-snippet:-1","max-image-preview":"max-image-preview:large","max-video-preview":"max-video-preview:-1"},"canonical":"https:\/\/www.creugroga.com\/es\/canal-etico\/","og_locale":"es_ES","og_type":"article","og_title":"Canal \u00e9tico - Centre M\u00e8dic Creu Groga","og_url":"https:\/\/www.creugroga.com\/es\/canal-etico\/","og_site_name":"Centre M\u00e8dic Creu Groga","article_publisher":"https:\/\/www.facebook.com\/creugroga","article_modified_time":"2025-05-28T11:47:06+00:00","twitter_card":"summary_large_image","twitter_site":"@CreuGrogaCM","twitter_misc":{"Tiempo de lectura":"2 minutos"},"schema":{"@context":"https:\/\/schema.org","@graph":[{"@type":"WebPage","@id":"https:\/\/www.creugroga.com\/es\/canal-etico\/","url":"https:\/\/www.creugroga.com\/es\/canal-etico\/","name":"Canal \u00e9tico - Centre M\u00e8dic Creu Groga","isPartOf":{"@id":"https:\/\/www.creugroga.com\/es\/#website"},"datePublished":"2023-11-30T12:44:32+00:00","dateModified":"2025-05-28T11:47:06+00:00","breadcrumb":{"@id":"https:\/\/www.creugroga.com\/es\/canal-etico\/#breadcrumb"},"inLanguage":"es","potentialAction":[{"@type":"ReadAction","target":["https:\/\/www.creugroga.com\/es\/canal-etico\/"]}]},{"@type":"BreadcrumbList","@id":"https:\/\/www.creugroga.com\/es\/canal-etico\/#breadcrumb","itemListElement":[{"@type":"ListItem","position":1,"name":"Portada","item":"https:\/\/www.creugroga.com\/es\/home\/"},{"@type":"ListItem","position":2,"name":"Canal \u00e9tico"}]},{"@type":"WebSite","@id":"https:\/\/www.creugroga.com\/es\/#website","url":"https:\/\/www.creugroga.com\/es\/","name":"Centre M\u00e8dic Creu Groga","description":"Centre M\u00e8dic Creu Groga","potentialAction":[{"@type":"SearchAction","target":{"@type":"EntryPoint","urlTemplate":"https:\/\/www.creugroga.com\/es\/?s={search_term_string}"},"query-input":{"@type":"PropertyValueSpecification","valueRequired":true,"valueName":"search_term_string"}}],"inLanguage":"es"}]}},"_links":{"self":[{"href":"https:\/\/www.creugroga.com\/es\/wp-json\/wp\/v2\/pages\/13851","targetHints":{"allow":["GET"]}}],"collection":[{"href":"https:\/\/www.creugroga.com\/es\/wp-json\/wp\/v2\/pages"}],"about":[{"href":"https:\/\/www.creugroga.com\/es\/wp-json\/wp\/v2\/types\/page"}],"author":[{"embeddable":true,"href":"https:\/\/www.creugroga.com\/es\/wp-json\/wp\/v2\/users\/2"}],"replies":[{"embeddable":true,"href":"https:\/\/www.creugroga.com\/es\/wp-json\/wp\/v2\/comments?post=13851"}],"version-history":[{"count":0,"href":"https:\/\/www.creugroga.com\/es\/wp-json\/wp\/v2\/pages\/13851\/revisions"}],"wp:attachment":[{"href":"https:\/\/www.creugroga.com\/es\/wp-json\/wp\/v2\/media?parent=13851"}],"curies":[{"name":"wp","href":"https:\/\/api.w.org\/{rel}","templated":true}]}}