{"id":13880,"date":"2023-12-05T12:02:52","date_gmt":"2023-12-05T12:02:52","guid":{"rendered":"https:\/\/www.creugroga.com\/unidades-asistenciales\/puncion-seca\/"},"modified":"2023-12-05T12:07:12","modified_gmt":"2023-12-05T12:07:12","slug":"puncion-seca","status":"publish","type":"page","link":"https:\/\/www.creugroga.com\/es\/unidades-asistenciales\/puncion-seca\/","title":{"rendered":"Punci\u00f3n Seca"},"content":{"rendered":"\n<style type=\"text\/css\" data-created_by=\"avia_inline_auto\" id=\"style-css-av-ra2t1x-baa06adc2cd62ae0082ac80f4f74d284\">\n.avia-section.av-ra2t1x-baa06adc2cd62ae0082ac80f4f74d284{\nbackground-color:#ffffff;\nbackground-image:unset;\n}\n<\/style>\n<div id='av_section_1'  class='avia-section av-ra2t1x-baa06adc2cd62ae0082ac80f4f74d284 main_color avia-section-small avia-no-border-styling  avia-builder-el-0  el_before_av_section  avia-builder-el-first  av-small-hide av-mini-hide avia-bg-style-scroll container_wrap fullsize'  ><div class='container av-section-cont-open' ><main  role=\"main\" itemprop=\"mainContentOfPage\"  class='template-page content  av-content-full alpha units'><div class='post-entry post-entry-type-page post-entry-13880'><div class='entry-content-wrapper clearfix'>\n\n<style type=\"text\/css\" data-created_by=\"avia_inline_auto\" id=\"style-css-av-77avoj9-9c1fb0a5cf778d6b60ad9e748f1d2df9\">\n.flex_column.av-77avoj9-9c1fb0a5cf778d6b60ad9e748f1d2df9{\nborder-radius:0px 0px 0px 0px;\npadding:0px 0px 0px 0px;\n}\n<\/style>\n<div  class='flex_column av-77avoj9-9c1fb0a5cf778d6b60ad9e748f1d2df9 av_four_fifth  avia-builder-el-1  el_before_av_one_fifth  avia-builder-el-first  first flex_column_div av-zero-column-padding  '     ><style type=\"text\/css\" data-created_by=\"avia_inline_auto\" id=\"style-css-av-lps8bzrh-41efb8557c8906c7272cb91368818cf1\">\n#top .av_textblock_section.av-lps8bzrh-41efb8557c8906c7272cb91368818cf1 .avia_textblock{\ncolor:#01bbaf;\n}\n<\/style>\n<section  class='av_textblock_section av-lps8bzrh-41efb8557c8906c7272cb91368818cf1 '   itemscope=\"itemscope\" itemtype=\"https:\/\/schema.org\/CreativeWork\" ><div class='avia_textblock av_inherit_color'  itemprop=\"text\" ><h4 style=\"font-weight: 300;\">UNIDADES ASISTENCIALES \/ SERVICIO DE FISIOTERAPIA Y REHABILITAC\u00d3N \/ <strong>PUNCI\u00d3N SECA<\/strong><\/h4>\n<\/div><\/section><\/div>\n<style type=\"text\/css\" data-created_by=\"avia_inline_auto\" id=\"style-css-av-6nuu7g5-bae38247e92ae7ca34e6c4740c13ed21\">\n.flex_column.av-6nuu7g5-bae38247e92ae7ca34e6c4740c13ed21{\nborder-radius:0px 0px 0px 0px;\npadding:0px 0px 0px 0px;\n}\n<\/style>\n<div  class='flex_column av-6nuu7g5-bae38247e92ae7ca34e6c4740c13ed21 av_one_fifth  avia-builder-el-3  el_after_av_four_fifth  avia-builder-el-last  flex_column_div av-zero-column-padding  '     ><style type=\"text\/css\" data-created_by=\"avia_inline_auto\" id=\"style-css-av-62wfutx-d7b9acc223b6e226a1a487d2033cb0b7\">\n.av_font_icon.av-62wfutx-d7b9acc223b6e226a1a487d2033cb0b7{\ncolor:#01bbaf;\nborder-color:#01bbaf;\n}\n.avia-svg-icon.av-62wfutx-d7b9acc223b6e226a1a487d2033cb0b7 svg:first-child{\nstroke:#01bbaf;\nfill:#01bbaf;\n}\n.av_font_icon.av-62wfutx-d7b9acc223b6e226a1a487d2033cb0b7 .av-icon-char{\nfont-size:30px;\nline-height:30px;\n}\n<\/style>\n<span  class='av_font_icon av-62wfutx-d7b9acc223b6e226a1a487d2033cb0b7 avia_animate_when_visible av-icon-style- avia-icon-pos-left avia-iconfont avia-font-flaticon avia-icon-animate'><span class='av-icon-char' data-av_icon='\uf117' data-av_iconfont='flaticon' aria-hidden=\"true\" ><\/span><\/span><\/div>\n\n<\/div><\/div><\/main><!-- close content main element --><\/div><\/div>\n<style type=\"text\/css\" data-created_by=\"avia_inline_auto\" id=\"style-css-av-5mga4k5-0efe70ebf61598e0d87eae8cea0614fd\">\n.avia-section.av-5mga4k5-0efe70ebf61598e0d87eae8cea0614fd{\nbackground-color:#ffffff;\nbackground-image:unset;\n}\n<\/style>\n<div id='av_section_2'  class='avia-section av-5mga4k5-0efe70ebf61598e0d87eae8cea0614fd main_color avia-section-small avia-no-border-styling  avia-builder-el-5  el_after_av_section  el_before_av_one_full  av-desktop-hide av-medium-hide avia-bg-style-scroll container_wrap fullsize'  ><div class='container av-section-cont-open' ><div class='template-page content  av-content-full alpha units'><div class='post-entry post-entry-type-page post-entry-13880'><div class='entry-content-wrapper clearfix'>\n\n<style type=\"text\/css\" data-created_by=\"avia_inline_auto\" id=\"style-css-av-58p1rkl-8e1ac5c307a4c25fe30f178e7b7064d4\">\n.flex_column.av-58p1rkl-8e1ac5c307a4c25fe30f178e7b7064d4{\nborder-radius:0px 0px 0px 0px;\npadding:0px 0px 0px 0px;\n}\n<\/style>\n<div  class='flex_column av-58p1rkl-8e1ac5c307a4c25fe30f178e7b7064d4 av_one_fifth  avia-builder-el-6  el_before_av_four_fifth  avia-builder-el-first  first flex_column_div av-zero-column-padding  '     ><style type=\"text\/css\" data-created_by=\"avia_inline_auto\" id=\"style-css-av-4u9n7f9-d0eef3c59563e9c09686c8e527a60885\">\n.av_font_icon.av-4u9n7f9-d0eef3c59563e9c09686c8e527a60885{\ncolor:#01bbaf;\nborder-color:#01bbaf;\n}\n.avia-svg-icon.av-4u9n7f9-d0eef3c59563e9c09686c8e527a60885 svg:first-child{\nstroke:#01bbaf;\nfill:#01bbaf;\n}\n.av_font_icon.av-4u9n7f9-d0eef3c59563e9c09686c8e527a60885 .av-icon-char{\nfont-size:30px;\nline-height:30px;\n}\n<\/style>\n<span  class='av_font_icon av-4u9n7f9-d0eef3c59563e9c09686c8e527a60885 avia_animate_when_visible av-icon-style- avia-icon-pos-left avia-iconfont avia-font-flaticon avia-icon-animate'><span class='av-icon-char' data-av_icon='\uf117' data-av_iconfont='flaticon' aria-hidden=\"true\" ><\/span><\/span><\/div>\n<style type=\"text\/css\" data-created_by=\"avia_inline_auto\" id=\"style-css-av-4aauks5-1fdea1d5335faf51098329ea9d8f02ff\">\n.flex_column.av-4aauks5-1fdea1d5335faf51098329ea9d8f02ff{\nborder-radius:0px 0px 0px 0px;\npadding:0px 0px 0px 0px;\n}\n<\/style>\n<div  class='flex_column av-4aauks5-1fdea1d5335faf51098329ea9d8f02ff av_four_fifth  avia-builder-el-8  el_after_av_one_fifth  avia-builder-el-last  flex_column_div av-zero-column-padding  '     ><style type=\"text\/css\" data-created_by=\"avia_inline_auto\" id=\"style-css-av-lps8cafh-1057c525fdc6dbabc8c1547bfa555994\">\n#top .av_textblock_section.av-lps8cafh-1057c525fdc6dbabc8c1547bfa555994 .avia_textblock{\ncolor:#01bbaf;\n}\n<\/style>\n<section  class='av_textblock_section av-lps8cafh-1057c525fdc6dbabc8c1547bfa555994 '   itemscope=\"itemscope\" itemtype=\"https:\/\/schema.org\/CreativeWork\" ><div class='avia_textblock av_inherit_color'  itemprop=\"text\" ><h4 style=\"font-weight: 300;\">UNIDADES ASISTENCIALES \/ SERVICIO DE FISIOTERAPIA Y REHABILITAC\u00d3N \/ <strong>PUNCI\u00d3N SECA<\/strong><\/h4>\n<\/div><\/section><\/div>\n<\/div><\/div><\/div><!-- close content main div --><\/div><\/div><div id='after_section_2'  class='main_color av_default_container_wrap container_wrap fullsize'  ><div class='container av-section-cont-open' ><div class='template-page content  av-content-full alpha units'><div class='post-entry post-entry-type-page post-entry-13880'><div class='entry-content-wrapper clearfix'>\n\n<style type=\"text\/css\" data-created_by=\"avia_inline_auto\" id=\"style-css-av-43szid1-5657c28223d528f8724b121e95fa08a7\">\n.flex_column.av-43szid1-5657c28223d528f8724b121e95fa08a7{\nborder-radius:0px 0px 0px 0px;\npadding:0px 0px 0px 0px;\n}\n<\/style>\n<div  class='flex_column av-43szid1-5657c28223d528f8724b121e95fa08a7 av_one_full  avia-builder-el-10  el_after_av_section  el_before_av_section  avia-builder-el-no-sibling  first flex_column_div av-zero-column-padding  '     ><p>\n<style type=\"text\/css\" data-created_by=\"avia_inline_auto\" id=\"style-css-av-lps8clnb-c1046dac2cfcb3436ba04a648b378224\">\n.avia-image-container.av-lps8clnb-c1046dac2cfcb3436ba04a648b378224 img.avia_image{\nbox-shadow:none;\n}\n.avia-image-container.av-lps8clnb-c1046dac2cfcb3436ba04a648b378224 .av-image-caption-overlay-center{\ncolor:#ffffff;\n}\n<\/style>\n<div  class='avia-image-container av-lps8clnb-c1046dac2cfcb3436ba04a648b378224 av-styling- avia-align-center  avia-builder-el-11  el_before_av_image  avia-builder-el-first  av-small-hide av-mini-hide'   itemprop=\"image\" itemscope=\"itemscope\" itemtype=\"https:\/\/schema.org\/ImageObject\" ><div class=\"avia-image-container-inner\"><div class=\"avia-image-overlay-wrap\"><img decoding=\"async\" fetchpriority=\"high\" class='wp-image-13875 avia-img-lazy-loading-not-13875 avia_image ' src=\"https:\/\/www.creugroga.com\/wp-content\/uploads\/2023\/12\/Puncio_seca_web_llarg.jpg\" alt='' title='Puncio_seca_web_llarg'  height=\"430\" width=\"1500\"  itemprop=\"thumbnailUrl\" srcset=\"https:\/\/www.creugroga.com\/wp-content\/uploads\/2023\/12\/Puncio_seca_web_llarg.jpg 1500w, https:\/\/www.creugroga.com\/wp-content\/uploads\/2023\/12\/Puncio_seca_web_llarg-300x86.jpg 300w, https:\/\/www.creugroga.com\/wp-content\/uploads\/2023\/12\/Puncio_seca_web_llarg-1030x295.jpg 1030w, https:\/\/www.creugroga.com\/wp-content\/uploads\/2023\/12\/Puncio_seca_web_llarg-768x220.jpg 768w, https:\/\/www.creugroga.com\/wp-content\/uploads\/2023\/12\/Puncio_seca_web_llarg-705x202.jpg 705w, https:\/\/www.creugroga.com\/wp-content\/uploads\/2023\/12\/Puncio_seca_web_llarg-240x69.jpg 240w\" sizes=\"(max-width: 1500px) 100vw, 1500px\" \/><\/div><\/div><\/div><br \/>\n\n<style type=\"text\/css\" data-created_by=\"avia_inline_auto\" id=\"style-css-av-lps8ctk9-fcc768998f48ade7b57d51447a564476\">\n.avia-image-container.av-lps8ctk9-fcc768998f48ade7b57d51447a564476 img.avia_image{\nbox-shadow:none;\n}\n.avia-image-container.av-lps8ctk9-fcc768998f48ade7b57d51447a564476 .av-image-caption-overlay-center{\ncolor:#ffffff;\n}\n<\/style>\n<div  class='avia-image-container av-lps8ctk9-fcc768998f48ade7b57d51447a564476 av-styling- avia-align-center  avia-builder-el-12  el_after_av_image  avia-builder-el-last  av-desktop-hide av-medium-hide'   itemprop=\"image\" itemscope=\"itemscope\" itemtype=\"https:\/\/schema.org\/ImageObject\" ><div class=\"avia-image-container-inner\"><div class=\"avia-image-overlay-wrap\"><img decoding=\"async\" fetchpriority=\"high\" class='wp-image-13871 avia-img-lazy-loading-not-13871 avia_image ' src=\"https:\/\/www.creugroga.com\/wp-content\/uploads\/2023\/12\/Puncio_seca_web_curt.jpg\" alt='' title='Puncio_seca_web_curt'  height=\"500\" width=\"600\"  itemprop=\"thumbnailUrl\" srcset=\"https:\/\/www.creugroga.com\/wp-content\/uploads\/2023\/12\/Puncio_seca_web_curt.jpg 600w, https:\/\/www.creugroga.com\/wp-content\/uploads\/2023\/12\/Puncio_seca_web_curt-300x250.jpg 300w, https:\/\/www.creugroga.com\/wp-content\/uploads\/2023\/12\/Puncio_seca_web_curt-216x180.jpg 216w\" sizes=\"(max-width: 600px) 100vw, 600px\" \/><\/div><\/div><\/div><\/p><\/div>\n<\/div><\/div><\/div><!-- close content main div --><\/div><\/div>\n<style type=\"text\/css\" data-created_by=\"avia_inline_auto\" id=\"style-css-av-3axzyl1-dd35a9368c36664650c8bd6e9abfb07f\">\n.avia-section.av-3axzyl1-dd35a9368c36664650c8bd6e9abfb07f{\nbackground-color:#01bbaf;\nbackground-image:unset;\n}\n<\/style>\n<div id='av_section_3'  class='avia-section av-3axzyl1-dd35a9368c36664650c8bd6e9abfb07f main_color avia-section-default avia-no-border-styling  avia-builder-el-13  el_after_av_one_full  el_before_av_one_half  avia-bg-style-scroll container_wrap fullsize'  ><div class='container av-section-cont-open' ><div class='template-page content  av-content-full alpha units'><div class='post-entry post-entry-type-page post-entry-13880'><div class='entry-content-wrapper clearfix'>\n\n<style type=\"text\/css\" data-created_by=\"avia_inline_auto\" id=\"style-css-av-lps8ee47-ff437406ab76b1af34aadfb154780b3f\">\n#top .av_textblock_section.av-lps8ee47-ff437406ab76b1af34aadfb154780b3f .avia_textblock{\nfont-size:18px;\ncolor:#ffffff;\n}\n<\/style>\n<section  class='av_textblock_section av-lps8ee47-ff437406ab76b1af34aadfb154780b3f '   itemscope=\"itemscope\" itemtype=\"https:\/\/schema.org\/CreativeWork\" ><div class='avia_textblock av_inherit_color'  itemprop=\"text\" ><p>La <strong>punci\u00f3n seca<\/strong> es una t\u00e9cnica invasiva que consiste en la introducci\u00f3n de una aguja de peque\u00f1o di\u00e1metro, sin inyectar ninguna sustancia, en un punto gatillo (banda tensa o contractura palpable en el m\u00fasculo). Con esta t\u00e9cnica <strong>generamos una presi\u00f3n y contracci\u00f3n del punto gatillo para que deje de liberar la acetilcolina y de esta forma disminuya el dolor, produciendo una relajaci\u00f3n muscular con aumento de la elasticidad<\/strong>.<\/p>\n<\/div><\/section>\n<\/div><\/div><\/div><!-- close content main div --><\/div><\/div><div id='after_section_3'  class='main_color av_default_container_wrap container_wrap fullsize'  ><div class='container av-section-cont-open' ><div class='template-page content  av-content-full alpha units'><div class='post-entry post-entry-type-page post-entry-13880'><div class='entry-content-wrapper clearfix'>\n<style type=\"text\/css\" data-created_by=\"avia_inline_auto\" id=\"style-css-av-2tuk6k5-f561c8ee16fbd44b3ed8f9ceaad03b42\">\n.flex_column.av-2tuk6k5-f561c8ee16fbd44b3ed8f9ceaad03b42{\nborder-radius:0px 0px 0px 0px;\npadding:0px 0px 0px 0px;\n}\n<\/style>\n<div  class='flex_column av-2tuk6k5-f561c8ee16fbd44b3ed8f9ceaad03b42 av_one_half  avia-builder-el-15  el_after_av_section  el_before_av_one_half  avia-builder-el-first  first flex_column_div av-zero-column-padding  '     ><section  class='av_textblock_section av-lps8fs6n-d5ec92fa432b8dc2afb9e4536d988a24 '   itemscope=\"itemscope\" itemtype=\"https:\/\/schema.org\/CreativeWork\" ><div class='avia_textblock'  itemprop=\"text\" ><p><strong>Efectos<\/strong><\/p>\n<ul>\n<li>Aumento del flujo sangu\u00edneo y de la oxigenaci\u00f3n.<\/li>\n<li>Activaci\u00f3n de la analgesia opioide.<\/li>\n<li>Disminuci\u00f3n del dolor.<\/li>\n<li>Disminuci\u00f3n de la tensi\u00f3n muscular<\/li>\n<li>Disminuci\u00f3n del tejido cicatricial<\/li>\n<li>Aumento del rango de movimiento.<\/li>\n<\/ul>\n<\/div><\/section><\/div>\n<style type=\"text\/css\" data-created_by=\"avia_inline_auto\" id=\"style-css-av-2lyopbp-15b319513f20bceca990bda01ef50a65\">\n.flex_column.av-2lyopbp-15b319513f20bceca990bda01ef50a65{\nborder-radius:0px 0px 0px 0px;\npadding:0px 0px 0px 0px;\n}\n<\/style>\n<div  class='flex_column av-2lyopbp-15b319513f20bceca990bda01ef50a65 av_one_half  avia-builder-el-17  el_after_av_one_half  el_before_av_one_half  flex_column_div av-zero-column-padding  '     ><section  class='av_textblock_section av-lps8gwgd-3bf79c246c366e8338de4945f4e24ce8 '   itemscope=\"itemscope\" itemtype=\"https:\/\/schema.org\/CreativeWork\" ><div class='avia_textblock'  itemprop=\"text\" ><p><strong>Contraindicaciones<\/strong><\/p>\n<ul>\n<li>Negativa o falta de colaboraci\u00f3n del paciente.<\/li>\n<li>Infecci\u00f3n local o sist\u00e9mica, acompa\u00f1ada o no de fiebre.<\/li>\n<li>Anticoagulaci\u00f3n severa.<\/li>\n<li>Hematoma o linfedema.<\/li>\n<li>Linfadenectom\u00edas.<\/li>\n<li>Alteraci\u00f3n o enfermedad de la piel en la zona de punci\u00f3n.<\/li>\n<\/ul>\n<\/div><\/section><\/div>\n<style type=\"text\/css\" data-created_by=\"avia_inline_auto\" id=\"style-css-av-1ygjgdx-c015fba671a7ebf83b3d364f824a87ab\">\n.flex_column.av-1ygjgdx-c015fba671a7ebf83b3d364f824a87ab{\nborder-radius:0px 0px 0px 0px;\npadding:0px 0px 0px 0px;\n}\n<\/style>\n<div  class='flex_column av-1ygjgdx-c015fba671a7ebf83b3d364f824a87ab av_one_half  avia-builder-el-19  el_after_av_one_half  el_before_av_one_half  first flex_column_div av-zero-column-padding  column-top-margin'     ><style type=\"text\/css\" data-created_by=\"avia_inline_auto\" id=\"style-css-av-1olte5x-11ca10a1275b3e46a4249e195beeb3ed\">\n.iconbox.av-1olte5x-11ca10a1275b3e46a4249e195beeb3ed .iconbox_icon{\nbackground-color:#f7cfdc;\ncolor:#d4197c;\n}\n.iconbox.av-1olte5x-11ca10a1275b3e46a4249e195beeb3ed .iconbox_icon.avia-svg-icon svg:first-child{\nfill:#d4197c;\nstroke:#d4197c;\n}\n#top #wrap_all .iconbox.av-1olte5x-11ca10a1275b3e46a4249e195beeb3ed .iconbox_content_title{\ncolor:#ffffff;\n}\n<\/style>\n<article  class='iconbox iconbox_top av-1olte5x-11ca10a1275b3e46a4249e195beeb3ed  avia-builder-el-20  avia-builder-el-no-sibling  main_color'  itemscope=\"itemscope\" itemtype=\"https:\/\/schema.org\/CreativeWork\" ><div class=\"iconbox_content\"><header class=\"entry-content-header\" aria-label=\"Icon: RESERVA CITA E INF\u00d3RMATE\"><div class='iconbox_icon heading-color avia-iconfont avia-font-entypo-fontello' data-av_icon='' data-av_iconfont='entypo-fontello' title=\"RESERVA CITA E INF\u00d3RMATE\" desc=\"RESERVA CITA E INF\u00d3RMATE\" ><\/div><h3 class='iconbox_content_title '  itemprop=\"headline\" ><a href='https:\/\/www.creugroga.com\/es\/contacta-con-nosotros\/' title='RESERVA CITA E INF\u00d3RMATE'  >RESERVA CITA E INF\u00d3RMATE<\/a><\/h3><\/header><div class='iconbox_content_container '  itemprop=\"text\" ><\/div><\/div><footer class=\"entry-footer\"><\/footer><\/article><\/div>\n\n<style type=\"text\/css\" data-created_by=\"avia_inline_auto\" id=\"style-css-av-1ai77sl-9fae4c37af869c50d7c555c02ce01f8f\">\n.flex_column.av-1ai77sl-9fae4c37af869c50d7c555c02ce01f8f{\nborder-radius:0px 0px 0px 0px;\npadding:0px 0px 0px 0px;\n}\n<\/style>\n<div  class='flex_column av-1ai77sl-9fae4c37af869c50d7c555c02ce01f8f av_one_half  avia-builder-el-21  el_after_av_one_half  avia-builder-el-last  flex_column_div av-zero-column-padding  column-top-margin'     ><style type=\"text\/css\" data-created_by=\"avia_inline_auto\" id=\"style-css-av-jxm251-1d08a820f36d5519a78f6b844fe42162\">\n.iconbox.av-jxm251-1d08a820f36d5519a78f6b844fe42162 .iconbox_icon{\nbackground-color:#f7cfdc;\ncolor:#d4197c;\n}\n.iconbox.av-jxm251-1d08a820f36d5519a78f6b844fe42162 .iconbox_icon.avia-svg-icon svg:first-child{\nfill:#d4197c;\nstroke:#d4197c;\n}\n#top #wrap_all .iconbox.av-jxm251-1d08a820f36d5519a78f6b844fe42162 .iconbox_content_title{\ncolor:#ffffff;\n}\n<\/style>\n<article  class='iconbox iconbox_top av-jxm251-1d08a820f36d5519a78f6b844fe42162  avia-builder-el-22  avia-builder-el-no-sibling  main_color'  itemscope=\"itemscope\" itemtype=\"https:\/\/schema.org\/CreativeWork\" ><div class=\"iconbox_content\"><header class=\"entry-content-header\" aria-label=\"Icon: CUADRO M\u00c9DICO\"><div class='iconbox_icon heading-color avia-iconfont avia-font-flaticon' data-av_icon='\uf10a' data-av_iconfont='flaticon' title=\"CUADRO M\u00c9DICO\" desc=\"CUADRO M\u00c9DICO\" ><\/div><h3 class='iconbox_content_title '  itemprop=\"headline\" ><a href='https:\/\/www.creugroga.com\/es\/cuadro-medico-home\/' title='CUADRO M\u00c9DICO'  >CUADRO M\u00c9DICO<\/a><\/h3><\/header><div class='iconbox_content_container '  itemprop=\"text\" ><\/div><\/div><footer class=\"entry-footer\"><\/footer><\/article><\/div>\n","protected":false},"excerpt":{"rendered":"","protected":false},"author":2,"featured_media":0,"parent":6720,"menu_order":0,"comment_status":"closed","ping_status":"closed","template":"","meta":{"footnotes":""},"class_list":["post-13880","page","type-page","status-publish","hentry"],"yoast_head":"<!-- This site is optimized with the Yoast SEO plugin v27.3 - https:\/\/yoast.com\/product\/yoast-seo-wordpress\/ -->\n<title>Punci\u00f3n Seca - Centre M\u00e8dic Creu Groga<\/title>\n<meta name=\"robots\" content=\"index, follow, max-snippet:-1, max-image-preview:large, max-video-preview:-1\" \/>\n<link rel=\"canonical\" href=\"https:\/\/www.creugroga.com\/es\/unidades-asistenciales\/puncion-seca\/\" \/>\n<meta property=\"og:locale\" content=\"es_ES\" \/>\n<meta property=\"og:type\" content=\"article\" \/>\n<meta property=\"og:title\" content=\"Punci\u00f3n Seca - Centre M\u00e8dic Creu Groga\" \/>\n<meta property=\"og:url\" content=\"https:\/\/www.creugroga.com\/es\/unidades-asistenciales\/puncion-seca\/\" \/>\n<meta property=\"og:site_name\" content=\"Centre M\u00e8dic Creu Groga\" \/>\n<meta property=\"article:publisher\" content=\"https:\/\/www.facebook.com\/creugroga\" \/>\n<meta property=\"article:modified_time\" content=\"2023-12-05T12:07:12+00:00\" \/>\n<meta name=\"twitter:card\" content=\"summary_large_image\" \/>\n<meta name=\"twitter:site\" content=\"@CreuGrogaCM\" \/>\n<meta name=\"twitter:label1\" content=\"Tiempo de lectura\" \/>\n\t<meta name=\"twitter:data1\" content=\"5 minutos\" \/>\n<script type=\"application\/ld+json\" class=\"yoast-schema-graph\">{\"@context\":\"https:\\\/\\\/schema.org\",\"@graph\":[{\"@type\":\"WebPage\",\"@id\":\"https:\\\/\\\/www.creugroga.com\\\/es\\\/unidades-asistenciales\\\/puncion-seca\\\/\",\"url\":\"https:\\\/\\\/www.creugroga.com\\\/es\\\/unidades-asistenciales\\\/puncion-seca\\\/\",\"name\":\"Punci\u00f3n Seca - Centre M\u00e8dic Creu Groga\",\"isPartOf\":{\"@id\":\"https:\\\/\\\/www.creugroga.com\\\/es\\\/#website\"},\"datePublished\":\"2023-12-05T12:02:52+00:00\",\"dateModified\":\"2023-12-05T12:07:12+00:00\",\"breadcrumb\":{\"@id\":\"https:\\\/\\\/www.creugroga.com\\\/es\\\/unidades-asistenciales\\\/puncion-seca\\\/#breadcrumb\"},\"inLanguage\":\"es\",\"potentialAction\":[{\"@type\":\"ReadAction\",\"target\":[\"https:\\\/\\\/www.creugroga.com\\\/es\\\/unidades-asistenciales\\\/puncion-seca\\\/\"]}]},{\"@type\":\"BreadcrumbList\",\"@id\":\"https:\\\/\\\/www.creugroga.com\\\/es\\\/unidades-asistenciales\\\/puncion-seca\\\/#breadcrumb\",\"itemListElement\":[{\"@type\":\"ListItem\",\"position\":1,\"name\":\"Portada\",\"item\":\"https:\\\/\\\/www.creugroga.com\\\/es\\\/home\\\/\"},{\"@type\":\"ListItem\",\"position\":2,\"name\":\"U. Asistenciales\",\"item\":\"https:\\\/\\\/www.creugroga.com\\\/es\\\/unidades-asistenciales\\\/\"},{\"@type\":\"ListItem\",\"position\":3,\"name\":\"Punci\u00f3n Seca\"}]},{\"@type\":\"WebSite\",\"@id\":\"https:\\\/\\\/www.creugroga.com\\\/es\\\/#website\",\"url\":\"https:\\\/\\\/www.creugroga.com\\\/es\\\/\",\"name\":\"Centre M\u00e8dic Creu Groga\",\"description\":\"Centre M\u00e8dic Creu Groga\",\"potentialAction\":[{\"@type\":\"SearchAction\",\"target\":{\"@type\":\"EntryPoint\",\"urlTemplate\":\"https:\\\/\\\/www.creugroga.com\\\/es\\\/?s={search_term_string}\"},\"query-input\":{\"@type\":\"PropertyValueSpecification\",\"valueRequired\":true,\"valueName\":\"search_term_string\"}}],\"inLanguage\":\"es\"}]}<\/script>\n<!-- \/ Yoast SEO plugin. -->","yoast_head_json":{"title":"Punci\u00f3n Seca - Centre M\u00e8dic Creu Groga","robots":{"index":"index","follow":"follow","max-snippet":"max-snippet:-1","max-image-preview":"max-image-preview:large","max-video-preview":"max-video-preview:-1"},"canonical":"https:\/\/www.creugroga.com\/es\/unidades-asistenciales\/puncion-seca\/","og_locale":"es_ES","og_type":"article","og_title":"Punci\u00f3n Seca - Centre M\u00e8dic Creu Groga","og_url":"https:\/\/www.creugroga.com\/es\/unidades-asistenciales\/puncion-seca\/","og_site_name":"Centre M\u00e8dic Creu Groga","article_publisher":"https:\/\/www.facebook.com\/creugroga","article_modified_time":"2023-12-05T12:07:12+00:00","twitter_card":"summary_large_image","twitter_site":"@CreuGrogaCM","twitter_misc":{"Tiempo de lectura":"5 minutos"},"schema":{"@context":"https:\/\/schema.org","@graph":[{"@type":"WebPage","@id":"https:\/\/www.creugroga.com\/es\/unidades-asistenciales\/puncion-seca\/","url":"https:\/\/www.creugroga.com\/es\/unidades-asistenciales\/puncion-seca\/","name":"Punci\u00f3n Seca - Centre M\u00e8dic Creu Groga","isPartOf":{"@id":"https:\/\/www.creugroga.com\/es\/#website"},"datePublished":"2023-12-05T12:02:52+00:00","dateModified":"2023-12-05T12:07:12+00:00","breadcrumb":{"@id":"https:\/\/www.creugroga.com\/es\/unidades-asistenciales\/puncion-seca\/#breadcrumb"},"inLanguage":"es","potentialAction":[{"@type":"ReadAction","target":["https:\/\/www.creugroga.com\/es\/unidades-asistenciales\/puncion-seca\/"]}]},{"@type":"BreadcrumbList","@id":"https:\/\/www.creugroga.com\/es\/unidades-asistenciales\/puncion-seca\/#breadcrumb","itemListElement":[{"@type":"ListItem","position":1,"name":"Portada","item":"https:\/\/www.creugroga.com\/es\/home\/"},{"@type":"ListItem","position":2,"name":"U. Asistenciales","item":"https:\/\/www.creugroga.com\/es\/unidades-asistenciales\/"},{"@type":"ListItem","position":3,"name":"Punci\u00f3n Seca"}]},{"@type":"WebSite","@id":"https:\/\/www.creugroga.com\/es\/#website","url":"https:\/\/www.creugroga.com\/es\/","name":"Centre M\u00e8dic Creu Groga","description":"Centre M\u00e8dic Creu Groga","potentialAction":[{"@type":"SearchAction","target":{"@type":"EntryPoint","urlTemplate":"https:\/\/www.creugroga.com\/es\/?s={search_term_string}"},"query-input":{"@type":"PropertyValueSpecification","valueRequired":true,"valueName":"search_term_string"}}],"inLanguage":"es"}]}},"_links":{"self":[{"href":"https:\/\/www.creugroga.com\/es\/wp-json\/wp\/v2\/pages\/13880","targetHints":{"allow":["GET"]}}],"collection":[{"href":"https:\/\/www.creugroga.com\/es\/wp-json\/wp\/v2\/pages"}],"about":[{"href":"https:\/\/www.creugroga.com\/es\/wp-json\/wp\/v2\/types\/page"}],"author":[{"embeddable":true,"href":"https:\/\/www.creugroga.com\/es\/wp-json\/wp\/v2\/users\/2"}],"replies":[{"embeddable":true,"href":"https:\/\/www.creugroga.com\/es\/wp-json\/wp\/v2\/comments?post=13880"}],"version-history":[{"count":0,"href":"https:\/\/www.creugroga.com\/es\/wp-json\/wp\/v2\/pages\/13880\/revisions"}],"up":[{"embeddable":true,"href":"https:\/\/www.creugroga.com\/es\/wp-json\/wp\/v2\/pages\/6720"}],"wp:attachment":[{"href":"https:\/\/www.creugroga.com\/es\/wp-json\/wp\/v2\/media?parent=13880"}],"curies":[{"name":"wp","href":"https:\/\/api.w.org\/{rel}","templated":true}]}}