{"id":6354,"date":"2019-04-24T08:27:08","date_gmt":"2019-04-24T08:27:08","guid":{"rendered":"https:\/\/www.creugroga.com\/centro-medico-calella\/"},"modified":"2020-04-07T08:53:27","modified_gmt":"2020-04-07T08:53:27","slug":"centro-medico-calella","status":"publish","type":"page","link":"https:\/\/www.creugroga.com\/es\/centros-creu-groga\/centro-medico-calella\/","title":{"rendered":"Centro m\u00e9dico Calella"},"content":{"rendered":"<div id='full_slider_1'  class='avia-fullwidth-slider main_color avia-shadow av-small-hide av-mini-hide  avia-builder-el-0  el_before_av_slideshow_full  avia-builder-el-first   container_wrap fullsize'  ><div  class='avia-slideshow av-jqqff14q-9943136f66257c6526f48b33f189ffdd avia-slideshow-featured av_slideshow_full avia-slide-slider av-small-hide av-mini-hide av-slideshow-ui av-control-default av-slideshow-autoplay av-loop-endless av-loop-manual-endless av-default-height-applied   avia-slideshow-1' data-slideshow-options=\"{&quot;animation&quot;:&quot;slide&quot;,&quot;autoplay&quot;:true,&quot;loop_autoplay&quot;:&quot;endless&quot;,&quot;interval&quot;:4,&quot;loop_manual&quot;:&quot;manual-endless&quot;,&quot;autoplay_stopper&quot;:false,&quot;noNavigation&quot;:false,&quot;bg_slider&quot;:false,&quot;keep_padding&quot;:false,&quot;hoverpause&quot;:false,&quot;show_slide_delay&quot;:0}\"  itemprop=\"image\" itemscope=\"itemscope\" itemtype=\"https:\/\/schema.org\/ImageObject\" ><ul class='avia-slideshow-inner ' style='padding-bottom: 28.666666666667%;'><li  class='avia-slideshow-slide av-jqqff14q-9943136f66257c6526f48b33f189ffdd__0  av-single-slide slide-1 slide-odd'><div data-rel='slideshow-1' class='avia-slide-wrap '   ><img decoding=\"async\" fetchpriority=\"high\" class=\"wp-image-1524 avia-img-lazy-loading-not-1524\"  src=\"https:\/\/www.creugroga.com\/wp-content\/uploads\/2019\/02\/SliderClinica-3.jpg\" width=\"1500\" height=\"430\" title='Cl\u00ednica Creu Groga' alt='Cl\u00ednica Creu Groga'  itemprop=\"thumbnailUrl\" srcset=\"https:\/\/www.creugroga.com\/wp-content\/uploads\/2019\/02\/SliderClinica-3.jpg 1500w, https:\/\/www.creugroga.com\/wp-content\/uploads\/2019\/02\/SliderClinica-3-300x86.jpg 300w, https:\/\/www.creugroga.com\/wp-content\/uploads\/2019\/02\/SliderClinica-3-768x220.jpg 768w, https:\/\/www.creugroga.com\/wp-content\/uploads\/2019\/02\/SliderClinica-3-1030x295.jpg 1030w, https:\/\/www.creugroga.com\/wp-content\/uploads\/2019\/02\/SliderClinica-3-705x202.jpg 705w, https:\/\/www.creugroga.com\/wp-content\/uploads\/2019\/02\/SliderClinica-3-450x129.jpg 450w\" sizes=\"(max-width: 1500px) 100vw, 1500px\" \/><\/div><\/li><\/ul><\/div><\/div>\n<div id='full_slider_2'  class='avia-fullwidth-slider main_color avia-shadow av-desktop-hide av-medium-hide  avia-builder-el-1  el_after_av_slideshow_full  el_before_av_hr   slider-not-first container_wrap fullsize'  ><div  class='avia-slideshow av-jqqff14q-cf5e5fab7b81fffe42e74cf71f699239 avia-slideshow-featured av_slideshow_full avia-slide-slider av-desktop-hide av-medium-hide av-slideshow-ui av-control-default av-slideshow-autoplay av-loop-endless av-loop-manual-endless av-default-height-applied   avia-slideshow-2' data-slideshow-options=\"{&quot;animation&quot;:&quot;slide&quot;,&quot;autoplay&quot;:true,&quot;loop_autoplay&quot;:&quot;endless&quot;,&quot;interval&quot;:4,&quot;loop_manual&quot;:&quot;manual-endless&quot;,&quot;autoplay_stopper&quot;:false,&quot;noNavigation&quot;:false,&quot;bg_slider&quot;:false,&quot;keep_padding&quot;:false,&quot;hoverpause&quot;:false,&quot;show_slide_delay&quot;:0}\"  itemprop=\"image\" itemscope=\"itemscope\" itemtype=\"https:\/\/schema.org\/ImageObject\" ><ul class='avia-slideshow-inner ' style='padding-bottom: 71.666666666667%;'><li  class='avia-slideshow-slide av-jqqff14q-cf5e5fab7b81fffe42e74cf71f699239__0  av-single-slide slide-1 slide-odd'><div data-rel='slideshow-2' class='avia-slide-wrap '   ><img decoding=\"async\" fetchpriority=\"high\" class=\"wp-image-4396 avia-img-lazy-loading-not-4396\"  src=\"https:\/\/www.creugroga.com\/wp-content\/uploads\/2019\/03\/SliderCentresCreuGroga_MVL-1-600x430.jpg\" width=\"600\" height=\"430\" title='Cl\u00ednica Creu Groga' alt='Cl\u00ednica Creu Groga'  itemprop=\"thumbnailUrl\" srcset=\"https:\/\/www.creugroga.com\/wp-content\/uploads\/2019\/03\/SliderCentresCreuGroga_MVL-1-600x430.jpg 600w, https:\/\/www.creugroga.com\/wp-content\/uploads\/2019\/03\/SliderCentresCreuGroga_MVL-1-260x185.jpg 260w\" sizes=\"(max-width: 600px) 100vw, 600px\" \/><\/div><\/li><\/ul><\/div><\/div><div id='after_full_slider_2'  class='main_color av_default_container_wrap container_wrap fullsize'  ><div class='container av-section-cont-open' ><div class='template-page content  av-content-full alpha units'><div class='post-entry post-entry-type-page post-entry-6354'><div class='entry-content-wrapper clearfix'>\n\n<style type=\"text\/css\" data-created_by=\"avia_inline_auto\" id=\"style-css-av-22hzu8-5de2dc117b05da06bc12dd77a126fcfd\">\n#top .hr.hr-invisible.av-22hzu8-5de2dc117b05da06bc12dd77a126fcfd{\nheight:50px;\n}\n<\/style>\n<div  class='hr av-22hzu8-5de2dc117b05da06bc12dd77a126fcfd hr-invisible  avia-builder-el-2  el_after_av_slideshow_full  el_before_av_textblock  avia-builder-el-first '><span class='hr-inner '><span class=\"hr-inner-style\"><\/span><\/span><\/div>\n<section  class='av_textblock_section av-jqqffzuc-25c1b1d0b7bd40f94ad0fc45c525b39b '   itemscope=\"itemscope\" itemtype=\"https:\/\/schema.org\/CreativeWork\" ><div class='avia_textblock'  itemprop=\"text\" ><h2 style=\"text-align: center; color: #00bcb0;\">CENTRO M\u00c9DICO CALELLA<\/h2>\n<\/div><\/section>\n\n<style type=\"text\/css\" data-created_by=\"avia_inline_auto\" id=\"style-css-av-jqqfgkko-670d2e0b3c93201a225a00035cea9681\">\n#top .hr.av-jqqfgkko-670d2e0b3c93201a225a00035cea9681{\nmargin-top:-10px;\nmargin-bottom:30px;\n}\n.hr.av-jqqfgkko-670d2e0b3c93201a225a00035cea9681 .hr-inner{\nwidth:50px;\nborder-color:#00bcb0;\n}\n<\/style>\n<div  class='hr av-jqqfgkko-670d2e0b3c93201a225a00035cea9681 hr-custom  avia-builder-el-4  el_after_av_textblock  el_before_av_textblock  hr-center hr-icon-no'><span class='hr-inner inner-border-av-border-fat'><span class=\"hr-inner-style\"><\/span><\/span><\/div>\n<section  class='av_textblock_section av-jqqfgu7t-345f8a4b382070f22e5209cb922c4d84 '   itemscope=\"itemscope\" itemtype=\"https:\/\/schema.org\/CreativeWork\" ><div class='avia_textblock'  itemprop=\"text\" ><p>Hace ya 30 a\u00f1os de aquella primavera de 1983 en que Creu Groga iniciaba su camino t\u00edmidamente, liderado por un equipo joven y emprendedor que apostaba con fuerza para sacar adelante un proyecto vocacional, un nuevo modelo de centro asistencial que ha dado un servicio m\u00e9dico de calidad a todos los visitantes y vecinos de Calella hasta el d\u00eda de hoy.<\/p>\n<p>Los tiempos cambian y Creu Groga se adapta a las nuevas necesidades ya los nuevos tiempos que corren. Sus instalaciones de m\u00e1s de 3.000m2 son ya un referente en la Comarca del Maresme, tanto por la diversidad de los servicios m\u00e9dicos que se dan como por su tecnolog\u00eda de \u00faltima generaci\u00f3n.<\/p>\n<p>Nuestra filosof\u00eda nos conduce a innovar y dar constantemente la mejor atenci\u00f3n a los usuarios.<\/p>\n<p>A Creu Groga ofrecemos una atenci\u00f3n integral a los pacientes. Queremos que el paciente que venga a nuestro centro salga con un diagn\u00f3stico concreto. Esto es posible gracias a una estricta y planificada log\u00edstica interna que nos permite realizar todas las pruebas de manera m\u00e1s r\u00e1pida y precisa.<\/p>\n<p>Trabajamos en base a la m\u00e1xima calidad que nos ofrece al estar certificados con la norma ISO 9001.<\/p>\n<p>As\u00ed queremos destacar los servicios incorporados \u00faltimamente de diagn\u00f3stico por la imagen como: Resonancias Magn\u00e9ticas, TAC, TAC dental, endoscopia digestiva y Densitometr\u00eda \u00f3sea.<\/p>\n<p>Especialidades como Oftalmolog\u00eda, Endocrinolog\u00eda, Cirug\u00eda Maxilofacial, Ortodoncia pedi\u00e1trica, Dermatolog\u00eda Pedi\u00e1trica, Medicina Deportiva ,. &#8230;<\/p>\n<p>T\u00e9cnicas nuevas como los Factores de Crecimiento, Ozonoterapia, Blanqueamiento Dental, Indiba Activ, Hidroterapia Neurol\u00f3gica, Fisioterapia respiratoria, Reeducaci\u00f3n del Suelo P\u00e9lvico, Terapia Visual, etc.<\/p>\n<\/div><\/section>\n","protected":false},"excerpt":{"rendered":"","protected":false},"author":2,"featured_media":0,"parent":6573,"menu_order":0,"comment_status":"closed","ping_status":"closed","template":"","meta":{"footnotes":""},"class_list":["post-6354","page","type-page","status-publish","hentry"],"yoast_head":"<!-- This site is optimized with the Yoast SEO plugin v27.5 - https:\/\/yoast.com\/product\/yoast-seo-wordpress\/ -->\n<title>Centro m\u00e9dico Calella - Centre M\u00e8dic Creu Groga<\/title>\n<meta name=\"robots\" content=\"index, follow, max-snippet:-1, max-image-preview:large, max-video-preview:-1\" \/>\n<link rel=\"canonical\" href=\"https:\/\/www.creugroga.com\/es\/centros-creu-groga\/centro-medico-calella\/\" \/>\n<meta property=\"og:locale\" content=\"es_ES\" \/>\n<meta property=\"og:type\" content=\"article\" \/>\n<meta property=\"og:title\" content=\"Centro m\u00e9dico Calella - Centre M\u00e8dic Creu Groga\" \/>\n<meta property=\"og:url\" content=\"https:\/\/www.creugroga.com\/es\/centros-creu-groga\/centro-medico-calella\/\" \/>\n<meta property=\"og:site_name\" content=\"Centre M\u00e8dic Creu Groga\" \/>\n<meta property=\"article:publisher\" content=\"https:\/\/www.facebook.com\/creugroga\" \/>\n<meta property=\"article:modified_time\" content=\"2020-04-07T08:53:27+00:00\" \/>\n<meta name=\"twitter:card\" content=\"summary_large_image\" \/>\n<meta name=\"twitter:site\" content=\"@CreuGrogaCM\" \/>\n<meta name=\"twitter:label1\" content=\"Tiempo de lectura\" \/>\n\t<meta name=\"twitter:data1\" content=\"4 minutos\" \/>\n<script type=\"application\/ld+json\" class=\"yoast-schema-graph\">{\"@context\":\"https:\\\/\\\/schema.org\",\"@graph\":[{\"@type\":\"WebPage\",\"@id\":\"https:\\\/\\\/www.creugroga.com\\\/es\\\/centros-creu-groga\\\/centro-medico-calella\\\/\",\"url\":\"https:\\\/\\\/www.creugroga.com\\\/es\\\/centros-creu-groga\\\/centro-medico-calella\\\/\",\"name\":\"Centro m\u00e9dico Calella - Centre M\u00e8dic Creu Groga\",\"isPartOf\":{\"@id\":\"https:\\\/\\\/www.creugroga.com\\\/es\\\/#website\"},\"datePublished\":\"2019-04-24T08:27:08+00:00\",\"dateModified\":\"2020-04-07T08:53:27+00:00\",\"breadcrumb\":{\"@id\":\"https:\\\/\\\/www.creugroga.com\\\/es\\\/centros-creu-groga\\\/centro-medico-calella\\\/#breadcrumb\"},\"inLanguage\":\"es\",\"potentialAction\":[{\"@type\":\"ReadAction\",\"target\":[\"https:\\\/\\\/www.creugroga.com\\\/es\\\/centros-creu-groga\\\/centro-medico-calella\\\/\"]}]},{\"@type\":\"BreadcrumbList\",\"@id\":\"https:\\\/\\\/www.creugroga.com\\\/es\\\/centros-creu-groga\\\/centro-medico-calella\\\/#breadcrumb\",\"itemListElement\":[{\"@type\":\"ListItem\",\"position\":1,\"name\":\"Portada\",\"item\":\"https:\\\/\\\/www.creugroga.com\\\/es\\\/home\\\/\"},{\"@type\":\"ListItem\",\"position\":2,\"name\":\"Creu Groga\",\"item\":\"https:\\\/\\\/www.creugroga.com\\\/es\\\/centros-creu-groga\\\/\"},{\"@type\":\"ListItem\",\"position\":3,\"name\":\"Centro m\u00e9dico Calella\"}]},{\"@type\":\"WebSite\",\"@id\":\"https:\\\/\\\/www.creugroga.com\\\/es\\\/#website\",\"url\":\"https:\\\/\\\/www.creugroga.com\\\/es\\\/\",\"name\":\"Centre M\u00e8dic Creu Groga\",\"description\":\"Centre M\u00e8dic Creu Groga\",\"potentialAction\":[{\"@type\":\"SearchAction\",\"target\":{\"@type\":\"EntryPoint\",\"urlTemplate\":\"https:\\\/\\\/www.creugroga.com\\\/es\\\/?s={search_term_string}\"},\"query-input\":{\"@type\":\"PropertyValueSpecification\",\"valueRequired\":true,\"valueName\":\"search_term_string\"}}],\"inLanguage\":\"es\"}]}<\/script>\n<!-- \/ Yoast SEO plugin. -->","yoast_head_json":{"title":"Centro m\u00e9dico Calella - Centre M\u00e8dic Creu Groga","robots":{"index":"index","follow":"follow","max-snippet":"max-snippet:-1","max-image-preview":"max-image-preview:large","max-video-preview":"max-video-preview:-1"},"canonical":"https:\/\/www.creugroga.com\/es\/centros-creu-groga\/centro-medico-calella\/","og_locale":"es_ES","og_type":"article","og_title":"Centro m\u00e9dico Calella - Centre M\u00e8dic Creu Groga","og_url":"https:\/\/www.creugroga.com\/es\/centros-creu-groga\/centro-medico-calella\/","og_site_name":"Centre M\u00e8dic Creu Groga","article_publisher":"https:\/\/www.facebook.com\/creugroga","article_modified_time":"2020-04-07T08:53:27+00:00","twitter_card":"summary_large_image","twitter_site":"@CreuGrogaCM","twitter_misc":{"Tiempo de lectura":"4 minutos"},"schema":{"@context":"https:\/\/schema.org","@graph":[{"@type":"WebPage","@id":"https:\/\/www.creugroga.com\/es\/centros-creu-groga\/centro-medico-calella\/","url":"https:\/\/www.creugroga.com\/es\/centros-creu-groga\/centro-medico-calella\/","name":"Centro m\u00e9dico Calella - Centre M\u00e8dic Creu Groga","isPartOf":{"@id":"https:\/\/www.creugroga.com\/es\/#website"},"datePublished":"2019-04-24T08:27:08+00:00","dateModified":"2020-04-07T08:53:27+00:00","breadcrumb":{"@id":"https:\/\/www.creugroga.com\/es\/centros-creu-groga\/centro-medico-calella\/#breadcrumb"},"inLanguage":"es","potentialAction":[{"@type":"ReadAction","target":["https:\/\/www.creugroga.com\/es\/centros-creu-groga\/centro-medico-calella\/"]}]},{"@type":"BreadcrumbList","@id":"https:\/\/www.creugroga.com\/es\/centros-creu-groga\/centro-medico-calella\/#breadcrumb","itemListElement":[{"@type":"ListItem","position":1,"name":"Portada","item":"https:\/\/www.creugroga.com\/es\/home\/"},{"@type":"ListItem","position":2,"name":"Creu Groga","item":"https:\/\/www.creugroga.com\/es\/centros-creu-groga\/"},{"@type":"ListItem","position":3,"name":"Centro m\u00e9dico Calella"}]},{"@type":"WebSite","@id":"https:\/\/www.creugroga.com\/es\/#website","url":"https:\/\/www.creugroga.com\/es\/","name":"Centre M\u00e8dic Creu Groga","description":"Centre M\u00e8dic Creu Groga","potentialAction":[{"@type":"SearchAction","target":{"@type":"EntryPoint","urlTemplate":"https:\/\/www.creugroga.com\/es\/?s={search_term_string}"},"query-input":{"@type":"PropertyValueSpecification","valueRequired":true,"valueName":"search_term_string"}}],"inLanguage":"es"}]}},"_links":{"self":[{"href":"https:\/\/www.creugroga.com\/es\/wp-json\/wp\/v2\/pages\/6354","targetHints":{"allow":["GET"]}}],"collection":[{"href":"https:\/\/www.creugroga.com\/es\/wp-json\/wp\/v2\/pages"}],"about":[{"href":"https:\/\/www.creugroga.com\/es\/wp-json\/wp\/v2\/types\/page"}],"author":[{"embeddable":true,"href":"https:\/\/www.creugroga.com\/es\/wp-json\/wp\/v2\/users\/2"}],"replies":[{"embeddable":true,"href":"https:\/\/www.creugroga.com\/es\/wp-json\/wp\/v2\/comments?post=6354"}],"version-history":[{"count":0,"href":"https:\/\/www.creugroga.com\/es\/wp-json\/wp\/v2\/pages\/6354\/revisions"}],"up":[{"embeddable":true,"href":"https:\/\/www.creugroga.com\/es\/wp-json\/wp\/v2\/pages\/6573"}],"wp:attachment":[{"href":"https:\/\/www.creugroga.com\/es\/wp-json\/wp\/v2\/media?parent=6354"}],"curies":[{"name":"wp","href":"https:\/\/api.w.org\/{rel}","templated":true}]}}