{"id":6358,"date":"2019-04-24T08:35:58","date_gmt":"2019-04-24T08:35:58","guid":{"rendered":"https:\/\/www.creugroga.com\/contacta-con-nosotros\/"},"modified":"2025-07-30T10:05:02","modified_gmt":"2025-07-30T10:05:02","slug":"contacta-con-nosotros","status":"publish","type":"page","link":"https:\/\/www.creugroga.com\/es\/contacta-con-nosotros\/","title":{"rendered":"Contacta con nosotros"},"content":{"rendered":"\n<style type=\"text\/css\" data-created_by=\"avia_inline_auto\" id=\"style-css-av-av_one_half-1c08f1f4acc1f18a4b615a8d7311199a\">\n.flex_column.av-av_one_half-1c08f1f4acc1f18a4b615a8d7311199a{\nborder-radius:0px 0px 0px 0px;\npadding:20px 20px 20px 20px;\nbackground-color:#d4197c;\n}\n<\/style>\n<div  class='flex_column av-av_one_half-1c08f1f4acc1f18a4b615a8d7311199a av_one_half  avia-builder-el-0  el_before_av_one_half  avia-builder-el-first  first flex_column_div  '     ><p>\n<style type=\"text\/css\" data-created_by=\"avia_inline_auto\" id=\"style-css-av-lk9in1dx-e589406e5a4b646457f84e1038b245d0\">\n.av_font_icon.av-lk9in1dx-e589406e5a4b646457f84e1038b245d0{\ncolor:#ffffff;\nborder-color:#ffffff;\n}\n.avia-svg-icon.av-lk9in1dx-e589406e5a4b646457f84e1038b245d0 svg:first-child{\nstroke:#ffffff;\nfill:#ffffff;\n}\n.av_font_icon.av-lk9in1dx-e589406e5a4b646457f84e1038b245d0 .av-icon-char{\nfont-size:40px;\nline-height:40px;\n}\n<\/style>\n<span  class='av_font_icon av-lk9in1dx-e589406e5a4b646457f84e1038b245d0 avia_animate_when_visible av-icon-style- avia-icon-pos-center avia-iconfont avia-font-entypo-fontello avia-icon-animate'><span class='av-icon-char' data-av_icon='\ue8ac' data-av_iconfont='entypo-fontello' aria-hidden=\"true\" ><\/span><\/span><br \/>\n\n<style type=\"text\/css\" data-created_by=\"avia_inline_auto\" id=\"style-css-av-av_hr-82f5be0ae0af6a64fe3091010b237709\">\n#top .hr.hr-invisible.av-av_hr-82f5be0ae0af6a64fe3091010b237709{\nheight:20px;\n}\n<\/style>\n<div  class='hr av-av_hr-82f5be0ae0af6a64fe3091010b237709 hr-invisible  avia-builder-el-2  el_after_av_font_icon  el_before_av_textblock '><span class='hr-inner '><span class=\"hr-inner-style\"><\/span><\/span><\/div><br \/>\n\n<style type=\"text\/css\" data-created_by=\"avia_inline_auto\" id=\"style-css-av-krncar8s-d33e7ddbf9b016ea436a386c9dbc2ca4\">\n#top .av_textblock_section.av-krncar8s-d33e7ddbf9b016ea436a386c9dbc2ca4 .avia_textblock{\ncolor:#ffffff;\n}\n<\/style>\n<section  class='av_textblock_section av-krncar8s-d33e7ddbf9b016ea436a386c9dbc2ca4 '   itemscope=\"itemscope\" itemtype=\"https:\/\/schema.org\/CreativeWork\" ><div class='avia_textblock av_inherit_color'  itemprop=\"text\" ><h2 style=\"text-align: center;\">RESERVA TU CITA ONLINE<\/h2>\n<p style=\"text-align: center;\">Evite las molestas esperas o llamadas de tel\u00e9fono con la nueva cita online. Gracias a la aplicaci\u00f3n que tenemos en Grup Creu Groga, podr\u00e1s en pocos pasos, escoger el centro que desee visitarse (Calella, Matar\u00f3 o Blanes), la especialidad, el d\u00eda y la hora que le venga mejor. Tambi\u00e9n podr\u00e1 modificar y\/o anular sus citas online.<\/p>\n<h3 style=\"text-align: center;\"><a href=\"https:\/\/www.creugroga.com\/citaonline\/\">PIDE AHORA TU CITA ONLINE<\/a><\/h3>\n<\/div><\/section><\/p><\/div>\n\n<style type=\"text\/css\" data-created_by=\"avia_inline_auto\" id=\"style-css-av-av_one_half-f0f509ed1d1902cf52aad8216175ac43\">\n.flex_column.av-av_one_half-f0f509ed1d1902cf52aad8216175ac43{\nborder-radius:0px 0px 0px 0px;\npadding:20px 20px 20px 20px;\nbackground-color:#d4197c;\n}\n<\/style>\n<div  class='flex_column av-av_one_half-f0f509ed1d1902cf52aad8216175ac43 av_one_half  avia-builder-el-4  el_after_av_one_half  el_before_av_section  avia-builder-el-last  flex_column_div  '     ><p>\n<style type=\"text\/css\" data-created_by=\"avia_inline_auto\" id=\"style-css-av-av_font_icon-7efede441e1fd8d0b483e9bded8579e6\">\n.av_font_icon.av-av_font_icon-7efede441e1fd8d0b483e9bded8579e6{\ncolor:#ffffff;\nborder-color:#ffffff;\n}\n.avia-svg-icon.av-av_font_icon-7efede441e1fd8d0b483e9bded8579e6 svg:first-child{\nstroke:#ffffff;\nfill:#ffffff;\n}\n.av_font_icon.av-av_font_icon-7efede441e1fd8d0b483e9bded8579e6 .av-icon-char{\nfont-size:40px;\nline-height:40px;\n}\n<\/style>\n<span  class='av_font_icon av-av_font_icon-7efede441e1fd8d0b483e9bded8579e6 avia_animate_when_visible av-icon-style- avia-icon-pos-center avia-iconfont avia-font-entypo-fontello avia-icon-animate'><span class='av-icon-char' data-av_icon='\uf232' data-av_iconfont='entypo-fontello' aria-hidden=\"true\" ><\/span><\/span><br \/>\n\n<style type=\"text\/css\" data-created_by=\"avia_inline_auto\" id=\"style-css-av-av_hr-82f5be0ae0af6a64fe3091010b237709\">\n#top .hr.hr-invisible.av-av_hr-82f5be0ae0af6a64fe3091010b237709{\nheight:20px;\n}\n<\/style>\n<div  class='hr av-av_hr-82f5be0ae0af6a64fe3091010b237709 hr-invisible  avia-builder-el-6  el_after_av_font_icon  el_before_av_textblock '><span class='hr-inner '><span class=\"hr-inner-style\"><\/span><\/span><\/div><br \/>\n\n<style type=\"text\/css\" data-created_by=\"avia_inline_auto\" id=\"style-css-av-krncbil0-1851232ea42feece6bec9fe175d4d9a7\">\n#top .av_textblock_section.av-krncbil0-1851232ea42feece6bec9fe175d4d9a7 .avia_textblock{\ncolor:#ffffff;\n}\n<\/style>\n<section  class='av_textblock_section av-krncbil0-1851232ea42feece6bec9fe175d4d9a7 '   itemscope=\"itemscope\" itemtype=\"https:\/\/schema.org\/CreativeWork\" ><div class='avia_textblock av_inherit_color'  itemprop=\"text\" ><h2 style=\"text-align: center;\">ESCRIBE UN WHATSAPP PARA ANULAR TU CITA (NO LLAMES)<\/h2>\n<h3 style=\"text-align: center;\">93 766 20 30<\/h3>\n<p style=\"text-align: center;\">Este servicio s\u00f3lo est\u00e1 disponible exclusivamente para anulaciones de citas. Su funcionamiento est\u00e1 sujeto al horario siguiente: de lunes a viernes de 9 a 19h. Recuerda poner los siguientes datos al enviar el mensaje escrito (NO ACEPTAMOS LLAMADAS): Nombre y Apellidos (los 2) del paciente, Hora y Fecha de la cita, Nombre y \/ o Apellidos del especialista o Especialidad.<\/p>\n<\/div><\/section><\/p><\/div>\n<\/div><\/div><\/div><!-- close content main div --><\/div><\/div>\n<style type=\"text\/css\" data-created_by=\"avia_inline_auto\" id=\"style-css-av-jt8hi1c0-ecc7c83d995e27fe518e4250a49a5a26\">\n.avia-section.av-jt8hi1c0-ecc7c83d995e27fe518e4250a49a5a26{\nbackground-color:#f7cedc;\nbackground-image:unset;\n}\n<\/style>\n<div id='av_section_1'  class='avia-section av-jt8hi1c0-ecc7c83d995e27fe518e4250a49a5a26 main_color avia-section-small avia-no-border-styling  avia-builder-el-8  el_after_av_one_half  avia-builder-el-last  avia-bg-style-scroll container_wrap fullsize'  ><div class='container av-section-cont-open' ><div class='template-page content  av-content-full alpha units'><div class='post-entry post-entry-type-page post-entry-6358'><div class='entry-content-wrapper clearfix'>\n\n<style type=\"text\/css\" data-created_by=\"avia_inline_auto\" id=\"style-css-av-jrvrpjin-e5b4843b157157ee35aca5b661878f18\">\n#top .hr.hr-invisible.av-jrvrpjin-e5b4843b157157ee35aca5b661878f18{\nheight:20px;\n}\n<\/style>\n<div  class='hr av-jrvrpjin-e5b4843b157157ee35aca5b661878f18 hr-invisible  avia-builder-el-9  el_before_av_two_fifth  avia-builder-el-first '><span class='hr-inner '><span class=\"hr-inner-style\"><\/span><\/span><\/div>\n\n<style type=\"text\/css\" data-created_by=\"avia_inline_auto\" id=\"style-css-av-966lka-9631415498e5c8126be12c94e7fc05d5\">\n.flex_column.av-966lka-9631415498e5c8126be12c94e7fc05d5{\nborder-radius:0px 0px 0px 0px;\npadding:0px 0px 0px 0px;\n}\n<\/style>\n<div  class='flex_column av-966lka-9631415498e5c8126be12c94e7fc05d5 av_two_fifth  avia-builder-el-10  el_after_av_hr  el_before_av_three_fifth  first flex_column_div av-zero-column-padding  '     ><p>\n<style type=\"text\/css\" data-created_by=\"avia_inline_auto\" id=\"style-css-av-jt8it767-cbd2e80f96fe4782ee0690ee6ac8efba\">\n.av_font_icon.av-jt8it767-cbd2e80f96fe4782ee0690ee6ac8efba{\ncolor:#d4187c;\nborder-color:#d4187c;\n}\n.avia-svg-icon.av-jt8it767-cbd2e80f96fe4782ee0690ee6ac8efba svg:first-child{\nstroke:#d4187c;\nfill:#d4187c;\n}\n.av_font_icon.av-jt8it767-cbd2e80f96fe4782ee0690ee6ac8efba .av-icon-char{\nfont-size:90px;\nline-height:90px;\n}\n<\/style>\n<span  class='av_font_icon av-jt8it767-cbd2e80f96fe4782ee0690ee6ac8efba avia_animate_when_visible av-icon-style- avia-icon-pos-right av-small-hide av-mini-hide avia-iconfont avia-font-flaticon avia-icon-animate'><span class='av-icon-char' data-av_icon='\uf122' data-av_iconfont='flaticon' aria-hidden=\"true\" ><\/span><\/span><br \/>\n\n<style type=\"text\/css\" data-created_by=\"avia_inline_auto\" id=\"style-css-av-jt8it767-9f0d102c289c730bb9e7aec67b1364f1\">\n.av_font_icon.av-jt8it767-9f0d102c289c730bb9e7aec67b1364f1{\ncolor:#d4187c;\nborder-color:#d4187c;\n}\n.avia-svg-icon.av-jt8it767-9f0d102c289c730bb9e7aec67b1364f1 svg:first-child{\nstroke:#d4187c;\nfill:#d4187c;\n}\n.av_font_icon.av-jt8it767-9f0d102c289c730bb9e7aec67b1364f1 .av-icon-char{\nfont-size:90px;\nline-height:90px;\n}\n<\/style>\n<span  class='av_font_icon av-jt8it767-9f0d102c289c730bb9e7aec67b1364f1 avia_animate_when_visible av-icon-style- avia-icon-pos-center av-desktop-hide av-medium-hide avia-iconfont avia-font-flaticon avia-icon-animate'><span class='av-icon-char' data-av_icon='\uf122' data-av_iconfont='flaticon' aria-hidden=\"true\" ><\/span><\/span><\/p><\/div>\n<style type=\"text\/css\" data-created_by=\"avia_inline_auto\" id=\"style-css-av-966lka-1e44dbc91643af378672b7d42b888c31\">\n.flex_column.av-966lka-1e44dbc91643af378672b7d42b888c31{\nborder-radius:0px 0px 0px 0px;\npadding:0px 0px 0px 0px;\n}\n<\/style>\n<div  class='flex_column av-966lka-1e44dbc91643af378672b7d42b888c31 av_three_fifth  avia-builder-el-13  el_after_av_two_fifth  el_before_av_hr  flex_column_div av-zero-column-padding  '     ><style type=\"text\/css\" data-created_by=\"avia_inline_auto\" id=\"style-css-av-jrvrq7rh-78d03b7ffe9c4b371d00b97c1b596b65\">\n#top .av_textblock_section.av-jrvrq7rh-78d03b7ffe9c4b371d00b97c1b596b65 .avia_textblock{\ncolor:#d4187c;\n}\n<\/style>\n<section  class='av_textblock_section av-jrvrq7rh-78d03b7ffe9c4b371d00b97c1b596b65 '   itemscope=\"itemscope\" itemtype=\"https:\/\/schema.org\/CreativeWork\" ><div class='av-small-hide av-mini-hide avia_textblock av_inherit_color'  itemprop=\"text\" ><h1 style=\"text-align: left; margin-top: 25px;\">CONTACTA CON NOSOTROS<\/h1>\n<\/div><\/section><br \/>\n\n<style type=\"text\/css\" data-created_by=\"avia_inline_auto\" id=\"style-css-av-jrvrq7rh-6cb8065cc3175ce0fde74fc83238b71f\">\n#top .av_textblock_section.av-jrvrq7rh-6cb8065cc3175ce0fde74fc83238b71f .avia_textblock{\ncolor:#d4187c;\n}\n<\/style>\n<section  class='av_textblock_section av-jrvrq7rh-6cb8065cc3175ce0fde74fc83238b71f '   itemscope=\"itemscope\" itemtype=\"https:\/\/schema.org\/CreativeWork\" ><div class='av-desktop-hide av-medium-hide avia_textblock av_inherit_color'  itemprop=\"text\" ><h1 style=\"text-align: center;\">CONTACTA CON NOSOTROS<\/h1>\n<\/div><\/section><\/p><\/div>\n<style type=\"text\/css\" data-created_by=\"avia_inline_auto\" id=\"style-css-av-jrvrpjin-d2ab3bddb66e04d767a36f9be13de1ca\">\n#top .hr.hr-invisible.av-jrvrpjin-d2ab3bddb66e04d767a36f9be13de1ca{\nheight:40px;\n}\n<\/style>\n<div  class='hr av-jrvrpjin-d2ab3bddb66e04d767a36f9be13de1ca hr-invisible  avia-builder-el-16  el_after_av_three_fifth  el_before_av_contact '><span class='hr-inner '><span class=\"hr-inner-style\"><\/span><\/span><\/div>\n<form action=\"https:\/\/www.creugroga.com\/es\/contacta-con-nosotros\/\" method=\"post\" data-fields-with-error=\"Found errors in the following field(s):\" class=\"avia_ajax_form av-form-labels-visible   avia-builder-el-17  el_after_av_hr  avia-builder-el-last  av-custom-form-color av-dark-form \" data-avia-form-id=\"1\" data-avia-redirect='' ><h3 class=''>Rellena el siguiente formulario<\/h3><fieldset><p class='  first_form  form_element form_element_half' id='element_avia_1_1'><label for=\"avia_1_1\">Nombre <abbr class=\"required\" title=\"requerido\">*<\/abbr><\/label> <input name=\"avia_1_1\" class=\"text_input is_empty\" type=\"text\" id=\"avia_1_1\" value=\"\" \/><\/p><p class='  form_element form_element_half' id='element_avia_2_1'><label for=\"avia_2_1\">Apellidos <abbr class=\"required\" title=\"requerido\">*<\/abbr><\/label> <input name=\"avia_2_1\" class=\"text_input is_empty\" type=\"text\" id=\"avia_2_1\" value=\"\" \/><\/p><p class='  first_form  form_element form_element_half' id='element_avia_3_1'><label for=\"avia_3_1\">Tel\u00e9fono <abbr class=\"required\" title=\"requerido\">*<\/abbr><\/label> <input name=\"avia_3_1\" class=\"text_input is_phone\" type=\"text\" id=\"avia_3_1\" value=\"\" \/><\/p><p class='  form_element form_element_half' id='element_avia_4_1'><label for=\"avia_4_1\">E-Mail <abbr class=\"required\" title=\"requerido\">*<\/abbr><\/label> <input name=\"avia_4_1\" class=\"text_input is_email\" type=\"text\" id=\"avia_4_1\" value=\"\" \/><\/p><p class='  first_form  form_element form_fullwidth' id='element_avia_5_1'><label for=\"avia_5_1\">Asunto <abbr class=\"required\" title=\"requerido\">*<\/abbr><\/label> <input name=\"avia_5_1\" class=\"text_input is_empty\" type=\"text\" id=\"avia_5_1\" value=\"\" \/><\/p><p class='  first_form  form_element form_fullwidth' id='element_avia_6_1'><label for=\"avia_6_1\" class=\"textare_label hidden textare_label_avia_6_1\">Mensaje <abbr class=\"required\" title=\"requerido\">*<\/abbr><\/label><textarea  name=\"avia_6_1\" class=\"text_area is_empty\" cols=\"40\" rows=\"7\" id=\"avia_6_1\" ><\/textarea><\/p><p class='  first_form  form_element form_fullwidth' id='element_avia_7_1'><input  name=\"avia_7_1\" class=\"input_checkbox \" type=\"checkbox\" id=\"avia_7_1\" value=\"true\"\/><label class=\"input_checkbox_label\" for=\"avia_7_1\">Consiento el uso de mis datos personales para recibir publicidad de su entidad.<\/label><\/p><p class=\"hidden\"><input type=\"text\" name=\"avia_8_1\" class=\"hidden \" id=\"avia_8_1\" value=\"\" \/><\/p><div id='avia_9_1' class='av-recaptcha-area  first_form  form_element form_fullwidth av-last-visible-form-element '  data-container_class=\"\" data-custom_class=\"\" data-context=\"av_contact_form\" data-token_input=\"av_recaptcha_token\" data-version=\"avia_recaptcha_v2\" data-theme=\"light\" data-size=\"normal\" data-score=\"0.5\" data-text_to_preview=\"\" data-value=\"\"><div class=\"av-google-badge-message hidden\">This site is protected by reCAPTCHA and the Google <a href=\"https:\/\/policies.google.com\/privacy\" target=\"_blank\" rel=\"noopener noreferrer\">Privacy Policy<\/a> and <a href=\"https:\/\/policies.google.com\/terms\" target=\"_blank\" rel=\"noopener noreferrer\">Terms of Service<\/a> apply.<\/div><\/div><p class=' av_form_privacy_check av_contact_privacy_check first_form  form_element form_fullwidth' id='element_avia_10_1'><input  name=\"avia_10_1\" class=\"input_checkbox is_empty\" type=\"checkbox\" id=\"avia_10_1\" value=\"true\"\/><label class=\"input_checkbox_label\" for=\"avia_10_1\">Consiento el uso de mis datos para los fines indicados en la <a href='https:\/\/www.creugroga.com\/es\/politica-de-privacidad\/' target='_blank'>Pol\u00edtica de privacidad <\/a> \u201cSUS DATOS SEGUROS\u201d. <abbr class=\"required\" title=\"requerido\">*<\/abbr><\/label><\/p><p class=\"form_element \"><input type=\"hidden\" value=\"1\" name=\"avia_generated_form1\" \/><input type=\"submit\" value=\"Enviar\" class=\"button\"  data-sending-label=\"Enviando\"\/><\/p><\/fieldset><div class=\"avia-disabled-form\">Este formulario de contacto est\u00e1 desactivado porque rechazaste aceptar el servicio de Google reCaptcha, que es necesario para validar los mensajes enviados a trav\u00e9s del formulario.<\/div><\/form><div id=\"ajaxresponse_1\" class=\"ajaxresponse ajaxresponse_1 hidden\"><\/div>\n\n","protected":false},"excerpt":{"rendered":"","protected":false},"author":2,"featured_media":0,"parent":0,"menu_order":0,"comment_status":"closed","ping_status":"closed","template":"","meta":{"footnotes":""},"class_list":["post-6358","page","type-page","status-publish","hentry"],"yoast_head":"<!-- This site is optimized with the Yoast SEO plugin v27.3 - https:\/\/yoast.com\/product\/yoast-seo-wordpress\/ -->\n<title>Contacta con nosotros - Centre M\u00e8dic Creu Groga<\/title>\n<meta name=\"robots\" content=\"index, follow, max-snippet:-1, max-image-preview:large, max-video-preview:-1\" \/>\n<link rel=\"canonical\" href=\"https:\/\/www.creugroga.com\/es\/contacta-con-nosotros\/\" \/>\n<meta property=\"og:locale\" content=\"es_ES\" \/>\n<meta property=\"og:type\" content=\"article\" \/>\n<meta property=\"og:title\" content=\"Contacta con nosotros - Centre M\u00e8dic Creu Groga\" \/>\n<meta property=\"og:url\" content=\"https:\/\/www.creugroga.com\/es\/contacta-con-nosotros\/\" \/>\n<meta property=\"og:site_name\" content=\"Centre M\u00e8dic Creu Groga\" \/>\n<meta property=\"article:publisher\" content=\"https:\/\/www.facebook.com\/creugroga\" \/>\n<meta property=\"article:modified_time\" content=\"2025-07-30T10:05:02+00:00\" \/>\n<meta name=\"twitter:card\" content=\"summary_large_image\" \/>\n<meta name=\"twitter:site\" content=\"@CreuGrogaCM\" \/>\n<meta name=\"twitter:label1\" content=\"Tiempo de lectura\" \/>\n\t<meta name=\"twitter:data1\" content=\"2 minutos\" \/>\n<script type=\"application\/ld+json\" class=\"yoast-schema-graph\">{\"@context\":\"https:\\\/\\\/schema.org\",\"@graph\":[{\"@type\":\"WebPage\",\"@id\":\"https:\\\/\\\/www.creugroga.com\\\/es\\\/contacta-con-nosotros\\\/\",\"url\":\"https:\\\/\\\/www.creugroga.com\\\/es\\\/contacta-con-nosotros\\\/\",\"name\":\"Contacta con nosotros - Centre M\u00e8dic Creu Groga\",\"isPartOf\":{\"@id\":\"https:\\\/\\\/www.creugroga.com\\\/es\\\/#website\"},\"datePublished\":\"2019-04-24T08:35:58+00:00\",\"dateModified\":\"2025-07-30T10:05:02+00:00\",\"breadcrumb\":{\"@id\":\"https:\\\/\\\/www.creugroga.com\\\/es\\\/contacta-con-nosotros\\\/#breadcrumb\"},\"inLanguage\":\"es\",\"potentialAction\":[{\"@type\":\"ReadAction\",\"target\":[\"https:\\\/\\\/www.creugroga.com\\\/es\\\/contacta-con-nosotros\\\/\"]}]},{\"@type\":\"BreadcrumbList\",\"@id\":\"https:\\\/\\\/www.creugroga.com\\\/es\\\/contacta-con-nosotros\\\/#breadcrumb\",\"itemListElement\":[{\"@type\":\"ListItem\",\"position\":1,\"name\":\"Portada\",\"item\":\"https:\\\/\\\/www.creugroga.com\\\/es\\\/home\\\/\"},{\"@type\":\"ListItem\",\"position\":2,\"name\":\"Contacta con nosotros\"}]},{\"@type\":\"WebSite\",\"@id\":\"https:\\\/\\\/www.creugroga.com\\\/es\\\/#website\",\"url\":\"https:\\\/\\\/www.creugroga.com\\\/es\\\/\",\"name\":\"Centre M\u00e8dic Creu Groga\",\"description\":\"Centre M\u00e8dic Creu Groga\",\"potentialAction\":[{\"@type\":\"SearchAction\",\"target\":{\"@type\":\"EntryPoint\",\"urlTemplate\":\"https:\\\/\\\/www.creugroga.com\\\/es\\\/?s={search_term_string}\"},\"query-input\":{\"@type\":\"PropertyValueSpecification\",\"valueRequired\":true,\"valueName\":\"search_term_string\"}}],\"inLanguage\":\"es\"}]}<\/script>\n<!-- \/ Yoast SEO plugin. -->","yoast_head_json":{"title":"Contacta con nosotros - Centre M\u00e8dic Creu Groga","robots":{"index":"index","follow":"follow","max-snippet":"max-snippet:-1","max-image-preview":"max-image-preview:large","max-video-preview":"max-video-preview:-1"},"canonical":"https:\/\/www.creugroga.com\/es\/contacta-con-nosotros\/","og_locale":"es_ES","og_type":"article","og_title":"Contacta con nosotros - Centre M\u00e8dic Creu Groga","og_url":"https:\/\/www.creugroga.com\/es\/contacta-con-nosotros\/","og_site_name":"Centre M\u00e8dic Creu Groga","article_publisher":"https:\/\/www.facebook.com\/creugroga","article_modified_time":"2025-07-30T10:05:02+00:00","twitter_card":"summary_large_image","twitter_site":"@CreuGrogaCM","twitter_misc":{"Tiempo de lectura":"2 minutos"},"schema":{"@context":"https:\/\/schema.org","@graph":[{"@type":"WebPage","@id":"https:\/\/www.creugroga.com\/es\/contacta-con-nosotros\/","url":"https:\/\/www.creugroga.com\/es\/contacta-con-nosotros\/","name":"Contacta con nosotros - Centre M\u00e8dic Creu Groga","isPartOf":{"@id":"https:\/\/www.creugroga.com\/es\/#website"},"datePublished":"2019-04-24T08:35:58+00:00","dateModified":"2025-07-30T10:05:02+00:00","breadcrumb":{"@id":"https:\/\/www.creugroga.com\/es\/contacta-con-nosotros\/#breadcrumb"},"inLanguage":"es","potentialAction":[{"@type":"ReadAction","target":["https:\/\/www.creugroga.com\/es\/contacta-con-nosotros\/"]}]},{"@type":"BreadcrumbList","@id":"https:\/\/www.creugroga.com\/es\/contacta-con-nosotros\/#breadcrumb","itemListElement":[{"@type":"ListItem","position":1,"name":"Portada","item":"https:\/\/www.creugroga.com\/es\/home\/"},{"@type":"ListItem","position":2,"name":"Contacta con nosotros"}]},{"@type":"WebSite","@id":"https:\/\/www.creugroga.com\/es\/#website","url":"https:\/\/www.creugroga.com\/es\/","name":"Centre M\u00e8dic Creu Groga","description":"Centre M\u00e8dic Creu Groga","potentialAction":[{"@type":"SearchAction","target":{"@type":"EntryPoint","urlTemplate":"https:\/\/www.creugroga.com\/es\/?s={search_term_string}"},"query-input":{"@type":"PropertyValueSpecification","valueRequired":true,"valueName":"search_term_string"}}],"inLanguage":"es"}]}},"_links":{"self":[{"href":"https:\/\/www.creugroga.com\/es\/wp-json\/wp\/v2\/pages\/6358","targetHints":{"allow":["GET"]}}],"collection":[{"href":"https:\/\/www.creugroga.com\/es\/wp-json\/wp\/v2\/pages"}],"about":[{"href":"https:\/\/www.creugroga.com\/es\/wp-json\/wp\/v2\/types\/page"}],"author":[{"embeddable":true,"href":"https:\/\/www.creugroga.com\/es\/wp-json\/wp\/v2\/users\/2"}],"replies":[{"embeddable":true,"href":"https:\/\/www.creugroga.com\/es\/wp-json\/wp\/v2\/comments?post=6358"}],"version-history":[{"count":0,"href":"https:\/\/www.creugroga.com\/es\/wp-json\/wp\/v2\/pages\/6358\/revisions"}],"wp:attachment":[{"href":"https:\/\/www.creugroga.com\/es\/wp-json\/wp\/v2\/media?parent=6358"}],"curies":[{"name":"wp","href":"https:\/\/api.w.org\/{rel}","templated":true}]}}