{"id":6362,"date":"2019-04-24T08:38:12","date_gmt":"2019-04-24T08:38:12","guid":{"rendered":"https:\/\/www.creugroga.com\/contacta-con-nosotros\/trabaja-con-nosotros\/"},"modified":"2020-07-08T10:42:52","modified_gmt":"2020-07-08T10:42:52","slug":"trabaja-con-nosotros","status":"publish","type":"page","link":"https:\/\/www.creugroga.com\/es\/contacta-con-nosotros\/trabaja-con-nosotros\/","title":{"rendered":"Trabaja con nosotros"},"content":{"rendered":"<div id='full_slider_1'  class='avia-fullwidth-slider main_color avia-shadow   avia-builder-el-0  el_before_av_hr  avia-builder-el-first   container_wrap fullsize'  ><div  class='avia-slideshow av-jqqfu7xx-f7430b8885e9119d65ac4b66727ce33a avia-slideshow-featured av_slideshow_full avia-slide-slider av-slideshow-ui av-control-default av-slideshow-manual av-loop-once av-loop-manual-endless av-default-height-applied   avia-slideshow-1' data-slideshow-options=\"{&quot;animation&quot;:&quot;slide&quot;,&quot;autoplay&quot;:false,&quot;loop_autoplay&quot;:&quot;once&quot;,&quot;interval&quot;:5,&quot;loop_manual&quot;:&quot;manual-endless&quot;,&quot;autoplay_stopper&quot;:false,&quot;noNavigation&quot;:false,&quot;bg_slider&quot;:false,&quot;keep_padding&quot;:false,&quot;hoverpause&quot;:false,&quot;show_slide_delay&quot;:0}\"  itemprop=\"image\" itemscope=\"itemscope\" itemtype=\"https:\/\/schema.org\/ImageObject\" ><ul class='avia-slideshow-inner ' style='padding-bottom: 28.666666666667%;'><li  class='avia-slideshow-slide av-jqqfu7xx-f7430b8885e9119d65ac4b66727ce33a__0  av-single-slide slide-1 slide-odd'><div data-rel='slideshow-1' class='avia-slide-wrap '   ><img decoding=\"async\" fetchpriority=\"high\" class=\"wp-image-1195 avia-img-lazy-loading-not-1195\"  src=\"https:\/\/www.creugroga.com\/wp-content\/uploads\/2019\/01\/SliderCreuGroga1.jpg\" width=\"1500\" height=\"430\" title='Trabaja con nosotros' alt='Trabaja con nosotros Creu Grga'  itemprop=\"thumbnailUrl\" srcset=\"https:\/\/www.creugroga.com\/wp-content\/uploads\/2019\/01\/SliderCreuGroga1.jpg 1500w, https:\/\/www.creugroga.com\/wp-content\/uploads\/2019\/01\/SliderCreuGroga1-300x86.jpg 300w, https:\/\/www.creugroga.com\/wp-content\/uploads\/2019\/01\/SliderCreuGroga1-768x220.jpg 768w, https:\/\/www.creugroga.com\/wp-content\/uploads\/2019\/01\/SliderCreuGroga1-1030x295.jpg 1030w, https:\/\/www.creugroga.com\/wp-content\/uploads\/2019\/01\/SliderCreuGroga1-705x202.jpg 705w, https:\/\/www.creugroga.com\/wp-content\/uploads\/2019\/01\/SliderCreuGroga1-450x129.jpg 450w\" sizes=\"(max-width: 1500px) 100vw, 1500px\" \/><\/div><\/li><\/ul><\/div><\/div><div id='after_full_slider_1'  class='main_color av_default_container_wrap container_wrap fullsize'  ><div class='container av-section-cont-open' ><div class='template-page content  av-content-full alpha units'><div class='post-entry post-entry-type-page post-entry-6362'><div class='entry-content-wrapper clearfix'>\n\n<style type=\"text\/css\" data-created_by=\"avia_inline_auto\" id=\"style-css-av-1zm9a0-25b2598a5cecabae63627540ca947fac\">\n#top .hr.hr-invisible.av-1zm9a0-25b2598a5cecabae63627540ca947fac{\nheight:50px;\n}\n<\/style>\n<div  class='hr av-1zm9a0-25b2598a5cecabae63627540ca947fac hr-invisible  avia-builder-el-1  el_after_av_slideshow_full  el_before_av_textblock  avia-builder-el-first '><span class='hr-inner '><span class=\"hr-inner-style\"><\/span><\/span><\/div>\n<section  class='av_textblock_section av-jqqfvy9e-96d9d1b1a5e5335ade4a21279491620a '   itemscope=\"itemscope\" itemtype=\"https:\/\/schema.org\/CreativeWork\" ><div class='avia_textblock'  itemprop=\"text\" ><h2 style=\"text-align: center; color: #00bcb0;\">TRABAJA CON NOSOTROS<\/h2>\n<\/div><\/section>\n\n<style type=\"text\/css\" data-created_by=\"avia_inline_auto\" id=\"style-css-av-jqqfx47y-36062e6bebf999b35f38080e692be65a\">\n#top .hr.av-jqqfx47y-36062e6bebf999b35f38080e692be65a{\nmargin-top:-10px;\nmargin-bottom:30px;\n}\n.hr.av-jqqfx47y-36062e6bebf999b35f38080e692be65a .hr-inner{\nwidth:50px;\nborder-color:#00bcb0;\n}\n<\/style>\n<div  class='hr av-jqqfx47y-36062e6bebf999b35f38080e692be65a hr-custom  avia-builder-el-3  el_after_av_textblock  el_before_av_textblock  hr-center hr-icon-no'><span class='hr-inner inner-border-av-border-fat'><span class=\"hr-inner-style\"><\/span><\/span><\/div>\n<section  class='av_textblock_section av-jqqfwiyu-20dfbafd55c6b044a2e0dd4222687fda '   itemscope=\"itemscope\" itemtype=\"https:\/\/schema.org\/CreativeWork\" ><div class='avia_textblock'  itemprop=\"text\" ><p>Actualmente no tenemos ninguna Oferta Activa, pero si est\u00e1s interesado en trabajar en nuestro centro m\u00e9dico, nos puedes enviar tu curr\u00edculum a: <a href=\"mailto:rrhh@creugroga.com\">rrhh@creugroga.com<\/a><\/p>\n<\/div><\/section>\n","protected":false},"excerpt":{"rendered":"","protected":false},"author":2,"featured_media":0,"parent":6358,"menu_order":0,"comment_status":"closed","ping_status":"closed","template":"","meta":{"footnotes":""},"class_list":["post-6362","page","type-page","status-publish","hentry"],"yoast_head":"<!-- This site is optimized with the Yoast SEO plugin v27.4 - https:\/\/yoast.com\/product\/yoast-seo-wordpress\/ -->\n<title>Trabaja con nosotros - Centre M\u00e8dic Creu Groga<\/title>\n<meta name=\"robots\" content=\"index, follow, max-snippet:-1, max-image-preview:large, max-video-preview:-1\" \/>\n<link rel=\"canonical\" href=\"https:\/\/www.creugroga.com\/es\/contacta-con-nosotros\/trabaja-con-nosotros\/\" \/>\n<meta property=\"og:locale\" content=\"es_ES\" \/>\n<meta property=\"og:type\" content=\"article\" \/>\n<meta property=\"og:title\" content=\"Trabaja con nosotros - Centre M\u00e8dic Creu Groga\" \/>\n<meta property=\"og:url\" content=\"https:\/\/www.creugroga.com\/es\/contacta-con-nosotros\/trabaja-con-nosotros\/\" \/>\n<meta property=\"og:site_name\" content=\"Centre M\u00e8dic Creu Groga\" \/>\n<meta property=\"article:publisher\" content=\"https:\/\/www.facebook.com\/creugroga\" \/>\n<meta property=\"article:modified_time\" content=\"2020-07-08T10:42:52+00:00\" \/>\n<meta name=\"twitter:card\" content=\"summary_large_image\" \/>\n<meta name=\"twitter:site\" content=\"@CreuGrogaCM\" \/>\n<meta name=\"twitter:label1\" content=\"Tiempo de lectura\" \/>\n\t<meta name=\"twitter:data1\" content=\"1 minuto\" \/>\n<script type=\"application\/ld+json\" class=\"yoast-schema-graph\">{\"@context\":\"https:\\\/\\\/schema.org\",\"@graph\":[{\"@type\":\"WebPage\",\"@id\":\"https:\\\/\\\/www.creugroga.com\\\/es\\\/contacta-con-nosotros\\\/trabaja-con-nosotros\\\/\",\"url\":\"https:\\\/\\\/www.creugroga.com\\\/es\\\/contacta-con-nosotros\\\/trabaja-con-nosotros\\\/\",\"name\":\"Trabaja con nosotros - Centre M\u00e8dic Creu Groga\",\"isPartOf\":{\"@id\":\"https:\\\/\\\/www.creugroga.com\\\/es\\\/#website\"},\"datePublished\":\"2019-04-24T08:38:12+00:00\",\"dateModified\":\"2020-07-08T10:42:52+00:00\",\"breadcrumb\":{\"@id\":\"https:\\\/\\\/www.creugroga.com\\\/es\\\/contacta-con-nosotros\\\/trabaja-con-nosotros\\\/#breadcrumb\"},\"inLanguage\":\"es\",\"potentialAction\":[{\"@type\":\"ReadAction\",\"target\":[\"https:\\\/\\\/www.creugroga.com\\\/es\\\/contacta-con-nosotros\\\/trabaja-con-nosotros\\\/\"]}]},{\"@type\":\"BreadcrumbList\",\"@id\":\"https:\\\/\\\/www.creugroga.com\\\/es\\\/contacta-con-nosotros\\\/trabaja-con-nosotros\\\/#breadcrumb\",\"itemListElement\":[{\"@type\":\"ListItem\",\"position\":1,\"name\":\"Portada\",\"item\":\"https:\\\/\\\/www.creugroga.com\\\/es\\\/home\\\/\"},{\"@type\":\"ListItem\",\"position\":2,\"name\":\"Contacta con nosotros\",\"item\":\"https:\\\/\\\/www.creugroga.com\\\/es\\\/contacta-con-nosotros\\\/\"},{\"@type\":\"ListItem\",\"position\":3,\"name\":\"Trabaja con nosotros\"}]},{\"@type\":\"WebSite\",\"@id\":\"https:\\\/\\\/www.creugroga.com\\\/es\\\/#website\",\"url\":\"https:\\\/\\\/www.creugroga.com\\\/es\\\/\",\"name\":\"Centre M\u00e8dic Creu Groga\",\"description\":\"Centre M\u00e8dic Creu Groga\",\"potentialAction\":[{\"@type\":\"SearchAction\",\"target\":{\"@type\":\"EntryPoint\",\"urlTemplate\":\"https:\\\/\\\/www.creugroga.com\\\/es\\\/?s={search_term_string}\"},\"query-input\":{\"@type\":\"PropertyValueSpecification\",\"valueRequired\":true,\"valueName\":\"search_term_string\"}}],\"inLanguage\":\"es\"}]}<\/script>\n<!-- \/ Yoast SEO plugin. -->","yoast_head_json":{"title":"Trabaja con nosotros - Centre M\u00e8dic Creu Groga","robots":{"index":"index","follow":"follow","max-snippet":"max-snippet:-1","max-image-preview":"max-image-preview:large","max-video-preview":"max-video-preview:-1"},"canonical":"https:\/\/www.creugroga.com\/es\/contacta-con-nosotros\/trabaja-con-nosotros\/","og_locale":"es_ES","og_type":"article","og_title":"Trabaja con nosotros - Centre M\u00e8dic Creu Groga","og_url":"https:\/\/www.creugroga.com\/es\/contacta-con-nosotros\/trabaja-con-nosotros\/","og_site_name":"Centre M\u00e8dic Creu Groga","article_publisher":"https:\/\/www.facebook.com\/creugroga","article_modified_time":"2020-07-08T10:42:52+00:00","twitter_card":"summary_large_image","twitter_site":"@CreuGrogaCM","twitter_misc":{"Tiempo de lectura":"1 minuto"},"schema":{"@context":"https:\/\/schema.org","@graph":[{"@type":"WebPage","@id":"https:\/\/www.creugroga.com\/es\/contacta-con-nosotros\/trabaja-con-nosotros\/","url":"https:\/\/www.creugroga.com\/es\/contacta-con-nosotros\/trabaja-con-nosotros\/","name":"Trabaja con nosotros - Centre M\u00e8dic Creu Groga","isPartOf":{"@id":"https:\/\/www.creugroga.com\/es\/#website"},"datePublished":"2019-04-24T08:38:12+00:00","dateModified":"2020-07-08T10:42:52+00:00","breadcrumb":{"@id":"https:\/\/www.creugroga.com\/es\/contacta-con-nosotros\/trabaja-con-nosotros\/#breadcrumb"},"inLanguage":"es","potentialAction":[{"@type":"ReadAction","target":["https:\/\/www.creugroga.com\/es\/contacta-con-nosotros\/trabaja-con-nosotros\/"]}]},{"@type":"BreadcrumbList","@id":"https:\/\/www.creugroga.com\/es\/contacta-con-nosotros\/trabaja-con-nosotros\/#breadcrumb","itemListElement":[{"@type":"ListItem","position":1,"name":"Portada","item":"https:\/\/www.creugroga.com\/es\/home\/"},{"@type":"ListItem","position":2,"name":"Contacta con nosotros","item":"https:\/\/www.creugroga.com\/es\/contacta-con-nosotros\/"},{"@type":"ListItem","position":3,"name":"Trabaja con nosotros"}]},{"@type":"WebSite","@id":"https:\/\/www.creugroga.com\/es\/#website","url":"https:\/\/www.creugroga.com\/es\/","name":"Centre M\u00e8dic Creu Groga","description":"Centre M\u00e8dic Creu Groga","potentialAction":[{"@type":"SearchAction","target":{"@type":"EntryPoint","urlTemplate":"https:\/\/www.creugroga.com\/es\/?s={search_term_string}"},"query-input":{"@type":"PropertyValueSpecification","valueRequired":true,"valueName":"search_term_string"}}],"inLanguage":"es"}]}},"_links":{"self":[{"href":"https:\/\/www.creugroga.com\/es\/wp-json\/wp\/v2\/pages\/6362","targetHints":{"allow":["GET"]}}],"collection":[{"href":"https:\/\/www.creugroga.com\/es\/wp-json\/wp\/v2\/pages"}],"about":[{"href":"https:\/\/www.creugroga.com\/es\/wp-json\/wp\/v2\/types\/page"}],"author":[{"embeddable":true,"href":"https:\/\/www.creugroga.com\/es\/wp-json\/wp\/v2\/users\/2"}],"replies":[{"embeddable":true,"href":"https:\/\/www.creugroga.com\/es\/wp-json\/wp\/v2\/comments?post=6362"}],"version-history":[{"count":0,"href":"https:\/\/www.creugroga.com\/es\/wp-json\/wp\/v2\/pages\/6362\/revisions"}],"up":[{"embeddable":true,"href":"https:\/\/www.creugroga.com\/es\/wp-json\/wp\/v2\/pages\/6358"}],"wp:attachment":[{"href":"https:\/\/www.creugroga.com\/es\/wp-json\/wp\/v2\/media?parent=6362"}],"curies":[{"name":"wp","href":"https:\/\/api.w.org\/{rel}","templated":true}]}}