{"id":6378,"date":"2019-04-24T15:01:38","date_gmt":"2019-04-24T15:01:38","guid":{"rendered":"https:\/\/www.creugroga.com\/mutuas-deportivas\/"},"modified":"2019-04-24T15:01:40","modified_gmt":"2019-04-24T15:01:40","slug":"mutuas-deportivas","status":"publish","type":"page","link":"https:\/\/www.creugroga.com\/es\/mutuas-concertadas\/mutuas-deportivas\/","title":{"rendered":"Mutuas deportivas"},"content":{"rendered":"<div id='full_slider_1'  class='avia-fullwidth-slider main_color avia-shadow av-small-hide av-mini-hide  avia-builder-el-0  el_before_av_slideshow_full  avia-builder-el-first   container_wrap fullsize'  ><div  class='avia-slideshow av-bjx2i1-2789504dc77da63dc574ae96ec6bb2b1 avia-slideshow-no scaling av_slideshow_full avia-slide-slider av-small-hide av-mini-hide av-slideshow-ui av-control-default av-slideshow-autoplay av-loop-endless av-loop-manual-endless av-default-height-applied   avia-slideshow-1' data-slideshow-options=\"{&quot;animation&quot;:&quot;slide&quot;,&quot;autoplay&quot;:true,&quot;loop_autoplay&quot;:&quot;endless&quot;,&quot;interval&quot;:5,&quot;loop_manual&quot;:&quot;manual-endless&quot;,&quot;autoplay_stopper&quot;:false,&quot;noNavigation&quot;:false,&quot;bg_slider&quot;:false,&quot;keep_padding&quot;:false,&quot;hoverpause&quot;:false,&quot;show_slide_delay&quot;:0}\"  itemprop=\"image\" itemscope=\"itemscope\" itemtype=\"https:\/\/schema.org\/ImageObject\" ><ul class='avia-slideshow-inner ' style='padding-bottom: 28.666666666667%;'><li  class='avia-slideshow-slide av-bjx2i1-2789504dc77da63dc574ae96ec6bb2b1__0  av-single-slide slide-1 slide-odd'><div data-rel='slideshow-1' class='avia-slide-wrap '   ><img decoding=\"async\" fetchpriority=\"high\" class=\"wp-image-3711 avia-img-lazy-loading-not-3711\"  src=\"https:\/\/www.creugroga.com\/wp-content\/uploads\/2019\/03\/SliderMu\u0301tuesConcertades4.jpg\" width=\"1500\" height=\"430\" title='Mutuas Laborales Creu Groga' alt='Mutuas Laborales Creu Groga'  itemprop=\"thumbnailUrl\" srcset=\"https:\/\/www.creugroga.com\/wp-content\/uploads\/2019\/03\/SliderMu\u0301tuesConcertades4.jpg 1500w, https:\/\/www.creugroga.com\/wp-content\/uploads\/2019\/03\/SliderMu\u0301tuesConcertades4-300x86.jpg 300w, https:\/\/www.creugroga.com\/wp-content\/uploads\/2019\/03\/SliderMu\u0301tuesConcertades4-768x220.jpg 768w, https:\/\/www.creugroga.com\/wp-content\/uploads\/2019\/03\/SliderMu\u0301tuesConcertades4-1030x295.jpg 1030w, https:\/\/www.creugroga.com\/wp-content\/uploads\/2019\/03\/SliderMu\u0301tuesConcertades4-705x202.jpg 705w, https:\/\/www.creugroga.com\/wp-content\/uploads\/2019\/03\/SliderMu\u0301tuesConcertades4-450x129.jpg 450w\" sizes=\"(max-width: 1500px) 100vw, 1500px\" \/><\/div><\/li><\/ul><\/div><\/div>\n<div id='full_slider_2'  class='avia-fullwidth-slider main_color avia-shadow av-desktop-hide av-medium-hide  avia-builder-el-1  el_after_av_slideshow_full  el_before_av_section   slider-not-first container_wrap fullsize'  ><div  class='avia-slideshow av-8zso2h-8a2a725477b56afa9e902e5dd98cb91c avia-slideshow-no scaling av_slideshow_full avia-slide-slider av-desktop-hide av-medium-hide av-slideshow-ui av-control-default av-slideshow-autoplay av-loop-endless av-loop-manual-endless av-default-height-applied   avia-slideshow-2' data-slideshow-options=\"{&quot;animation&quot;:&quot;slide&quot;,&quot;autoplay&quot;:true,&quot;loop_autoplay&quot;:&quot;endless&quot;,&quot;interval&quot;:5,&quot;loop_manual&quot;:&quot;manual-endless&quot;,&quot;autoplay_stopper&quot;:false,&quot;noNavigation&quot;:false,&quot;bg_slider&quot;:false,&quot;keep_padding&quot;:false,&quot;hoverpause&quot;:false,&quot;show_slide_delay&quot;:0}\"  itemprop=\"image\" itemscope=\"itemscope\" itemtype=\"https:\/\/schema.org\/ImageObject\" ><ul class='avia-slideshow-inner ' style='padding-bottom: 83.333333333333%;'><li  class='avia-slideshow-slide av-8zso2h-8a2a725477b56afa9e902e5dd98cb91c__0  av-single-slide slide-1 slide-odd'><div data-rel='slideshow-2' class='avia-slide-wrap '   ><img decoding=\"async\" fetchpriority=\"high\" class=\"wp-image-3708 avia-img-lazy-loading-not-3708\"  src=\"https:\/\/www.creugroga.com\/wp-content\/uploads\/2019\/03\/SliderMu\u0301tuesConcertades4_MVL.jpg\" width=\"600\" height=\"500\" title='Mutuas Laborales Creu Groga' alt='Mutuas Laborales Creu Groga'  itemprop=\"thumbnailUrl\" srcset=\"https:\/\/www.creugroga.com\/wp-content\/uploads\/2019\/03\/SliderMu\u0301tuesConcertades4_MVL.jpg 600w, https:\/\/www.creugroga.com\/wp-content\/uploads\/2019\/03\/SliderMu\u0301tuesConcertades4_MVL-300x250.jpg 300w, https:\/\/www.creugroga.com\/wp-content\/uploads\/2019\/03\/SliderMu\u0301tuesConcertades4_MVL-450x375.jpg 450w\" sizes=\"(max-width: 600px) 100vw, 600px\" \/><\/div><\/li><\/ul><\/div><\/div>\n\n<style type=\"text\/css\" data-created_by=\"avia_inline_auto\" id=\"style-css-av-jsyet0b0-9b5c1e2b9469e80165a7d9725df75f21\">\n.avia-section.av-jsyet0b0-9b5c1e2b9469e80165a7d9725df75f21{\nbackground-color:#ffffff;\nbackground-image:unset;\n}\n<\/style>\n<div id='av_section_1'  class='avia-section av-jsyet0b0-9b5c1e2b9469e80165a7d9725df75f21 main_color avia-section-default avia-no-border-styling  avia-builder-el-2  el_after_av_slideshow_full  el_before_av_layout_row  avia-bg-style-scroll container_wrap fullsize'  ><div class='container av-section-cont-open' ><div class='template-page content  av-content-full alpha units'><div class='post-entry post-entry-type-page post-entry-6378'><div class='entry-content-wrapper clearfix'>\n\n<style type=\"text\/css\" data-created_by=\"avia_inline_auto\" id=\"style-css-av-jsyerzok-3b1f8dbf015f53d7aee05c3f41244c2c\">\n#top .av_textblock_section.av-jsyerzok-3b1f8dbf015f53d7aee05c3f41244c2c .avia_textblock{\ncolor:#01bbaf;\n}\n<\/style>\n<section  class='av_textblock_section av-jsyerzok-3b1f8dbf015f53d7aee05c3f41244c2c '   itemscope=\"itemscope\" itemtype=\"https:\/\/schema.org\/CreativeWork\" ><div class='avia_textblock av_inherit_color'  itemprop=\"text\" ><h2 style=\"text-align: center;\">M\u00daTUES ESPORTIVES<\/h2>\n<\/div><\/section>\n\n<style type=\"text\/css\" data-created_by=\"avia_inline_auto\" id=\"style-css-av-jsyesndp-decc4a2244bc9b86fe6aabac0f55f35a\">\n#top .hr.av-jsyesndp-decc4a2244bc9b86fe6aabac0f55f35a{\nmargin-top:-10px;\nmargin-bottom:30px;\n}\n.hr.av-jsyesndp-decc4a2244bc9b86fe6aabac0f55f35a .hr-inner{\nwidth:50px;\nborder-color:#01bbaf;\n}\n<\/style>\n<div  class='hr av-jsyesndp-decc4a2244bc9b86fe6aabac0f55f35a hr-custom  avia-builder-el-4  el_after_av_textblock  el_before_av_textblock  hr-center hr-icon-no'><span class='hr-inner inner-border-av-border-fat'><span class=\"hr-inner-style\"><\/span><\/span><\/div>\n\n<style type=\"text\/css\" data-created_by=\"avia_inline_auto\" id=\"style-css-av-jsyetwur-e2fb8c993f952952b9c2acf529b882a5\">\n#top .av_textblock_section.av-jsyetwur-e2fb8c993f952952b9c2acf529b882a5 .avia_textblock{\ncolor:#01bbaf;\n}\n<\/style>\n<section  class='av_textblock_section av-jsyetwur-e2fb8c993f952952b9c2acf529b882a5 '   itemscope=\"itemscope\" itemtype=\"https:\/\/schema.org\/CreativeWork\" ><div class='avia_textblock av_inherit_color'  itemprop=\"text\" ><h3 style=\"text-align: center;\">Al Centre M\u00e8dic tenim un conveni amb les principals M\u00fatues M\u00e8diques, Laborals i Entitats d\u2019Assegurances<\/h3>\n<\/div><\/section>\n\n<\/div><\/div><\/div><!-- close content main div --><\/div><\/div><div id='av-layout-grid-1'  class='av-layout-grid-container av-jsyjqk5y-7be824f545730e40ebaccfce39e2c6bf entry-content-wrapper main_color av-flex-cells  avia-builder-el-6  el_after_av_section  el_before_av_layout_row  grid-row-not-first av-small-hide av-mini-hide container_wrap fullsize'  >\n\n<style type=\"text\/css\" data-created_by=\"avia_inline_auto\" id=\"style-css-av-jsyjw4nj-dd1552d21d2649a331edb01709bbccd5\">\n.flex_cell.av-jsyjw4nj-dd1552d21d2649a331edb01709bbccd5{\nvertical-align:middle;\nbackground-color:#01bbaf;\n}\n.responsive #top #wrap_all .flex_cell.av-jsyjw4nj-dd1552d21d2649a331edb01709bbccd5{\npadding:30px 30px 30px 30px !important;\n}\n<\/style>\n<div class='flex_cell av-jsyjw4nj-dd1552d21d2649a331edb01709bbccd5 av-gridrow-cell av_one_full no_margin  avia-builder-el-7  avia-builder-el-no-sibling  content-align-middle'  ><div class='flex_cell_inner'>\n<style type=\"text\/css\" data-created_by=\"avia_inline_auto\" id=\"style-css-av-2fg821-f5eca01469cfd13b85d286273b224a81\">\n.flex_column.av-2fg821-f5eca01469cfd13b85d286273b224a81{\nborder-radius:0px 0px 0px 0px;\npadding:0px 0px 0px 0px;\n}\n<\/style>\n<div  class='flex_column av-2fg821-f5eca01469cfd13b85d286273b224a81 av_one_full  avia-builder-el-8  avia-builder-el-no-sibling  first flex_column_div av-zero-column-padding  '     ><style type=\"text\/css\" data-created_by=\"avia_inline_auto\" id=\"style-css-av-jsyeuvwq-98701d2abbaea9b9eb211cab14484d01\">\n#top .av_textblock_section.av-jsyeuvwq-98701d2abbaea9b9eb211cab14484d01 .avia_textblock{\ncolor:#ffffff;\n}\n<\/style>\n<section  class='av_textblock_section av-jsyeuvwq-98701d2abbaea9b9eb211cab14484d01 '   itemscope=\"itemscope\" itemtype=\"https:\/\/schema.org\/CreativeWork\" ><div class='avia_textblock av_inherit_color'  itemprop=\"text\" ><p style=\"text-align: center;\"><strong>El Centre M\u00e8dic Creugroga disposa de cobertura d\u2019accidents esportius. Les m\u00fatues esportives concertades, \u00a0segons condicions particulars de cada p\u00f2lissa, s\u00f3n:<\/strong><\/p>\n<\/div><\/section><\/div>\n<\/div><\/div>\n<\/div>\n<div id='av-layout-grid-2'  class='av-layout-grid-container av-jsyjqk5y-7be824f545730e40ebaccfce39e2c6bf entry-content-wrapper main_color av-flex-cells  avia-builder-el-10  el_after_av_layout_row  el_before_av_layout_row  grid-row-not-first av-small-hide av-mini-hide container_wrap fullsize'  >\n\n<style type=\"text\/css\" data-created_by=\"avia_inline_auto\" id=\"style-css-av-jsyjxhwd-738fdb71d0d27c122f950725aa4bf652\">\n.flex_cell.av-jsyjxhwd-738fdb71d0d27c122f950725aa4bf652{\nvertical-align:top;\nbackground-color:#b1ede6;\n}\n.responsive #top #wrap_all .flex_cell.av-jsyjxhwd-738fdb71d0d27c122f950725aa4bf652{\npadding:30px 30px 30px 30px !important;\n}\n<\/style>\n<div class='flex_cell av-jsyjxhwd-738fdb71d0d27c122f950725aa4bf652 av-gridrow-cell av_one_full no_margin  avia-builder-el-11  avia-builder-el-no-sibling  content-align-top'  ><div class='flex_cell_inner'><p>\n<style type=\"text\/css\" data-created_by=\"avia_inline_auto\" id=\"style-css-av-2fg821-f5eca01469cfd13b85d286273b224a81\">\n.flex_column.av-2fg821-f5eca01469cfd13b85d286273b224a81{\nborder-radius:0px 0px 0px 0px;\npadding:0px 0px 0px 0px;\n}\n<\/style>\n<div  class='flex_column av-2fg821-f5eca01469cfd13b85d286273b224a81 av_one_fifth  avia-builder-el-12  el_before_av_one_fifth  avia-builder-el-first  first flex_column_div av-zero-column-padding  '     ><\/div>\n<style type=\"text\/css\" data-created_by=\"avia_inline_auto\" id=\"style-css-av-kmj49-045d2527ff0c09563d195db85ef142a4\">\n.flex_column.av-kmj49-045d2527ff0c09563d195db85ef142a4{\nborder-radius:0px 0px 0px 0px;\npadding:0px 0px 0px 0px;\n}\n<\/style>\n<div  class='flex_column av-kmj49-045d2527ff0c09563d195db85ef142a4 av_one_fifth  avia-builder-el-13  el_after_av_one_fifth  el_before_av_one_fifth  flex_column_div av-zero-column-padding  '     ><style type=\"text\/css\" data-created_by=\"avia_inline_auto\" id=\"style-css-av-jsyexzr8-98881d47beec25ace440e0ddd11e5bb2\">\n#top .av_textblock_section.av-jsyexzr8-98881d47beec25ace440e0ddd11e5bb2 .avia_textblock{\ncolor:#000000;\n}\n<\/style>\n<section  class='av_textblock_section av-jsyexzr8-98881d47beec25ace440e0ddd11e5bb2 '   itemscope=\"itemscope\" itemtype=\"https:\/\/schema.org\/CreativeWork\" ><div class='avia_textblock av_inherit_color'  itemprop=\"text\" ><ul>\n<li>Mutualitat Catalana de Futbolistes<\/li>\n<li>CSH (metb)<\/li>\n<li>Nationale Suisse<\/li>\n<li>Fiatc<\/li>\n<li>Mapfre<\/li>\n<\/ul>\n<\/div><\/section><\/div>\n<style type=\"text\/css\" data-created_by=\"avia_inline_auto\" id=\"style-css-av-flmrt-6e281ca7a66e7dcb16ad35bda19acfae\">\n.flex_column.av-flmrt-6e281ca7a66e7dcb16ad35bda19acfae{\nborder-radius:0px 0px 0px 0px;\npadding:0px 0px 0px 0px;\n}\n<\/style>\n<div  class='flex_column av-flmrt-6e281ca7a66e7dcb16ad35bda19acfae av_one_fifth  avia-builder-el-15  el_after_av_one_fifth  el_before_av_one_fifth  flex_column_div av-zero-column-padding  '     ><style type=\"text\/css\" data-created_by=\"avia_inline_auto\" id=\"style-css-av-jsyf0v2h-8a39d3dd80aabd404ded47bf8e2ec6d8\">\n#top .av_textblock_section.av-jsyf0v2h-8a39d3dd80aabd404ded47bf8e2ec6d8 .avia_textblock{\ncolor:#000000;\n}\n<\/style>\n<section  class='av_textblock_section av-jsyf0v2h-8a39d3dd80aabd404ded47bf8e2ec6d8 '   itemscope=\"itemscope\" itemtype=\"https:\/\/schema.org\/CreativeWork\" ><div class='avia_textblock av_inherit_color'  itemprop=\"text\" ><ul>\n<li>Allianz<\/li>\n<li>AON<\/li>\n<li>GES\/Sersanet<\/li>\n<li>Generali<\/li>\n<li>Chartis Europa<\/li>\n<\/ul>\n<\/div><\/section><\/div>\n<style type=\"text\/css\" data-created_by=\"avia_inline_auto\" id=\"style-css-av-2fg821-5b1bf5301950f20de620cd200949657a\">\n.flex_column.av-2fg821-5b1bf5301950f20de620cd200949657a{\nborder-radius:0px 0px 0px 0px;\npadding:0px 0px 0px 0px;\n}\n<\/style>\n<div  class='flex_column av-2fg821-5b1bf5301950f20de620cd200949657a av_one_fifth  avia-builder-el-17  el_after_av_one_fifth  el_before_av_one_fifth  flex_column_div av-zero-column-padding  '     ><section  class='av_textblock_section av-jsyf2mbq-7d725bec3d4dc285c8afd1b2fd378571 '   itemscope=\"itemscope\" itemtype=\"https:\/\/schema.org\/CreativeWork\" ><div class='avia_textblock'  itemprop=\"text\" ><ul>\n<li>Vidacaixa<\/li>\n<li>Reale<\/li>\n<li>CHUBB<\/li>\n<\/ul>\n<\/div><\/section><\/div>\n<style type=\"text\/css\" data-created_by=\"avia_inline_auto\" id=\"style-css-av-2fg821-5b1bf5301950f20de620cd200949657a\">\n.flex_column.av-2fg821-5b1bf5301950f20de620cd200949657a{\nborder-radius:0px 0px 0px 0px;\npadding:0px 0px 0px 0px;\n}\n<\/style>\n<div  class='flex_column av-2fg821-5b1bf5301950f20de620cd200949657a av_one_fifth  avia-builder-el-19  el_after_av_one_fifth  avia-builder-el-last  flex_column_div av-zero-column-padding  '     ><\/div><\/p>\n<\/div><\/div><\/div><div id='av-layout-grid-3'  class='av-layout-grid-container av-jsyjqk5y-473304f671c431c11b15cbfa2c8353e7 entry-content-wrapper main_color av-flex-cells  avia-builder-el-20  el_after_av_layout_row  avia-builder-el-last  grid-row-not-first av-desktop-hide av-medium-hide container_wrap fullsize'  >\n\n<style type=\"text\/css\" data-created_by=\"avia_inline_auto\" id=\"style-css-av-jsyjxhwd-738fdb71d0d27c122f950725aa4bf652\">\n.flex_cell.av-jsyjxhwd-738fdb71d0d27c122f950725aa4bf652{\nvertical-align:top;\nbackground-color:#b1ede6;\n}\n.responsive #top #wrap_all .flex_cell.av-jsyjxhwd-738fdb71d0d27c122f950725aa4bf652{\npadding:30px 30px 30px 30px !important;\n}\n<\/style>\n<div class='flex_cell av-jsyjxhwd-738fdb71d0d27c122f950725aa4bf652 av-gridrow-cell av_one_full no_margin  avia-builder-el-21  avia-builder-el-no-sibling  content-align-top'  ><div class='flex_cell_inner'>\n<style type=\"text\/css\" data-created_by=\"avia_inline_auto\" id=\"style-css-av-kmj49-ebdcdc2bb8dd441fcf503c75bce19d7e\">\n.flex_column.av-kmj49-ebdcdc2bb8dd441fcf503c75bce19d7e{\nborder-radius:0px 0px 0px 0px;\npadding:0px 0px 0px 0px;\n}\n<\/style>\n<div  class='flex_column av-kmj49-ebdcdc2bb8dd441fcf503c75bce19d7e av_one_full  avia-builder-el-22  avia-builder-el-no-sibling  first flex_column_div av-zero-column-padding  '     ><style type=\"text\/css\" data-created_by=\"avia_inline_auto\" id=\"style-css-av-jsyexzr8-98881d47beec25ace440e0ddd11e5bb2\">\n#top .av_textblock_section.av-jsyexzr8-98881d47beec25ace440e0ddd11e5bb2 .avia_textblock{\ncolor:#000000;\n}\n<\/style>\n<section  class='av_textblock_section av-jsyexzr8-98881d47beec25ace440e0ddd11e5bb2 '   itemscope=\"itemscope\" itemtype=\"https:\/\/schema.org\/CreativeWork\" ><div class='avia_textblock av_inherit_color'  itemprop=\"text\" ><ul>\n<li>Mutualitat Catalana de Futbolistes<\/li>\n<li>CSH (metb)<\/li>\n<li>Nationale Suisse<\/li>\n<li>Fiatc<\/li>\n<li>Mapfre<\/li>\n<li>Allianz<\/li>\n<li>AON<\/li>\n<li>GES\/Sersanet<\/li>\n<li>Generali<\/li>\n<li>Chartis Europa<\/li>\n<li>Vidacaixa<\/li>\n<li>Reale<\/li>\n<li>CHUBB<\/li>\n<\/ul>\n<\/div><\/section><\/div>\n<\/div><\/div>\n<\/div>\n","protected":false},"excerpt":{"rendered":"","protected":false},"author":2,"featured_media":0,"parent":6828,"menu_order":0,"comment_status":"closed","ping_status":"closed","template":"","meta":{"footnotes":""},"class_list":["post-6378","page","type-page","status-publish","hentry"],"yoast_head":"<!-- This site is optimized with the Yoast SEO plugin v27.5 - https:\/\/yoast.com\/product\/yoast-seo-wordpress\/ -->\n<title>Mutuas deportivas - Centre M\u00e8dic Creu Groga<\/title>\n<meta name=\"robots\" content=\"index, follow, max-snippet:-1, max-image-preview:large, max-video-preview:-1\" \/>\n<link rel=\"canonical\" href=\"https:\/\/www.creugroga.com\/es\/mutuas-concertadas\/mutuas-deportivas\/\" \/>\n<meta property=\"og:locale\" content=\"es_ES\" \/>\n<meta property=\"og:type\" content=\"article\" \/>\n<meta property=\"og:title\" content=\"Mutuas deportivas - Centre M\u00e8dic Creu Groga\" \/>\n<meta property=\"og:url\" content=\"https:\/\/www.creugroga.com\/es\/mutuas-concertadas\/mutuas-deportivas\/\" \/>\n<meta property=\"og:site_name\" content=\"Centre M\u00e8dic Creu Groga\" \/>\n<meta property=\"article:publisher\" content=\"https:\/\/www.facebook.com\/creugroga\" \/>\n<meta property=\"article:modified_time\" content=\"2019-04-24T15:01:40+00:00\" \/>\n<meta name=\"twitter:card\" content=\"summary_large_image\" \/>\n<meta name=\"twitter:site\" content=\"@CreuGrogaCM\" \/>\n<meta name=\"twitter:label1\" content=\"Tiempo de lectura\" \/>\n\t<meta name=\"twitter:data1\" content=\"9 minutos\" \/>\n<script type=\"application\/ld+json\" class=\"yoast-schema-graph\">{\"@context\":\"https:\\\/\\\/schema.org\",\"@graph\":[{\"@type\":\"WebPage\",\"@id\":\"https:\\\/\\\/www.creugroga.com\\\/es\\\/mutuas-concertadas\\\/mutuas-deportivas\\\/\",\"url\":\"https:\\\/\\\/www.creugroga.com\\\/es\\\/mutuas-concertadas\\\/mutuas-deportivas\\\/\",\"name\":\"Mutuas deportivas - Centre M\u00e8dic Creu Groga\",\"isPartOf\":{\"@id\":\"https:\\\/\\\/www.creugroga.com\\\/es\\\/#website\"},\"datePublished\":\"2019-04-24T15:01:38+00:00\",\"dateModified\":\"2019-04-24T15:01:40+00:00\",\"breadcrumb\":{\"@id\":\"https:\\\/\\\/www.creugroga.com\\\/es\\\/mutuas-concertadas\\\/mutuas-deportivas\\\/#breadcrumb\"},\"inLanguage\":\"es\",\"potentialAction\":[{\"@type\":\"ReadAction\",\"target\":[\"https:\\\/\\\/www.creugroga.com\\\/es\\\/mutuas-concertadas\\\/mutuas-deportivas\\\/\"]}]},{\"@type\":\"BreadcrumbList\",\"@id\":\"https:\\\/\\\/www.creugroga.com\\\/es\\\/mutuas-concertadas\\\/mutuas-deportivas\\\/#breadcrumb\",\"itemListElement\":[{\"@type\":\"ListItem\",\"position\":1,\"name\":\"Portada\",\"item\":\"https:\\\/\\\/www.creugroga.com\\\/es\\\/home\\\/\"},{\"@type\":\"ListItem\",\"position\":2,\"name\":\"Mutuas\",\"item\":\"https:\\\/\\\/www.creugroga.com\\\/es\\\/mutuas-concertadas\\\/\"},{\"@type\":\"ListItem\",\"position\":3,\"name\":\"Mutuas deportivas\"}]},{\"@type\":\"WebSite\",\"@id\":\"https:\\\/\\\/www.creugroga.com\\\/es\\\/#website\",\"url\":\"https:\\\/\\\/www.creugroga.com\\\/es\\\/\",\"name\":\"Centre M\u00e8dic Creu Groga\",\"description\":\"Centre M\u00e8dic Creu Groga\",\"potentialAction\":[{\"@type\":\"SearchAction\",\"target\":{\"@type\":\"EntryPoint\",\"urlTemplate\":\"https:\\\/\\\/www.creugroga.com\\\/es\\\/?s={search_term_string}\"},\"query-input\":{\"@type\":\"PropertyValueSpecification\",\"valueRequired\":true,\"valueName\":\"search_term_string\"}}],\"inLanguage\":\"es\"}]}<\/script>\n<!-- \/ Yoast SEO plugin. -->","yoast_head_json":{"title":"Mutuas deportivas - Centre M\u00e8dic Creu Groga","robots":{"index":"index","follow":"follow","max-snippet":"max-snippet:-1","max-image-preview":"max-image-preview:large","max-video-preview":"max-video-preview:-1"},"canonical":"https:\/\/www.creugroga.com\/es\/mutuas-concertadas\/mutuas-deportivas\/","og_locale":"es_ES","og_type":"article","og_title":"Mutuas deportivas - Centre M\u00e8dic Creu Groga","og_url":"https:\/\/www.creugroga.com\/es\/mutuas-concertadas\/mutuas-deportivas\/","og_site_name":"Centre M\u00e8dic Creu Groga","article_publisher":"https:\/\/www.facebook.com\/creugroga","article_modified_time":"2019-04-24T15:01:40+00:00","twitter_card":"summary_large_image","twitter_site":"@CreuGrogaCM","twitter_misc":{"Tiempo de lectura":"9 minutos"},"schema":{"@context":"https:\/\/schema.org","@graph":[{"@type":"WebPage","@id":"https:\/\/www.creugroga.com\/es\/mutuas-concertadas\/mutuas-deportivas\/","url":"https:\/\/www.creugroga.com\/es\/mutuas-concertadas\/mutuas-deportivas\/","name":"Mutuas deportivas - Centre M\u00e8dic Creu Groga","isPartOf":{"@id":"https:\/\/www.creugroga.com\/es\/#website"},"datePublished":"2019-04-24T15:01:38+00:00","dateModified":"2019-04-24T15:01:40+00:00","breadcrumb":{"@id":"https:\/\/www.creugroga.com\/es\/mutuas-concertadas\/mutuas-deportivas\/#breadcrumb"},"inLanguage":"es","potentialAction":[{"@type":"ReadAction","target":["https:\/\/www.creugroga.com\/es\/mutuas-concertadas\/mutuas-deportivas\/"]}]},{"@type":"BreadcrumbList","@id":"https:\/\/www.creugroga.com\/es\/mutuas-concertadas\/mutuas-deportivas\/#breadcrumb","itemListElement":[{"@type":"ListItem","position":1,"name":"Portada","item":"https:\/\/www.creugroga.com\/es\/home\/"},{"@type":"ListItem","position":2,"name":"Mutuas","item":"https:\/\/www.creugroga.com\/es\/mutuas-concertadas\/"},{"@type":"ListItem","position":3,"name":"Mutuas deportivas"}]},{"@type":"WebSite","@id":"https:\/\/www.creugroga.com\/es\/#website","url":"https:\/\/www.creugroga.com\/es\/","name":"Centre M\u00e8dic Creu Groga","description":"Centre M\u00e8dic Creu Groga","potentialAction":[{"@type":"SearchAction","target":{"@type":"EntryPoint","urlTemplate":"https:\/\/www.creugroga.com\/es\/?s={search_term_string}"},"query-input":{"@type":"PropertyValueSpecification","valueRequired":true,"valueName":"search_term_string"}}],"inLanguage":"es"}]}},"_links":{"self":[{"href":"https:\/\/www.creugroga.com\/es\/wp-json\/wp\/v2\/pages\/6378","targetHints":{"allow":["GET"]}}],"collection":[{"href":"https:\/\/www.creugroga.com\/es\/wp-json\/wp\/v2\/pages"}],"about":[{"href":"https:\/\/www.creugroga.com\/es\/wp-json\/wp\/v2\/types\/page"}],"author":[{"embeddable":true,"href":"https:\/\/www.creugroga.com\/es\/wp-json\/wp\/v2\/users\/2"}],"replies":[{"embeddable":true,"href":"https:\/\/www.creugroga.com\/es\/wp-json\/wp\/v2\/comments?post=6378"}],"version-history":[{"count":0,"href":"https:\/\/www.creugroga.com\/es\/wp-json\/wp\/v2\/pages\/6378\/revisions"}],"up":[{"embeddable":true,"href":"https:\/\/www.creugroga.com\/es\/wp-json\/wp\/v2\/pages\/6828"}],"wp:attachment":[{"href":"https:\/\/www.creugroga.com\/es\/wp-json\/wp\/v2\/media?parent=6378"}],"curies":[{"name":"wp","href":"https:\/\/api.w.org\/{rel}","templated":true}]}}