{"id":6571,"date":"2019-05-08T13:31:37","date_gmt":"2019-05-08T13:31:37","guid":{"rendered":"https:\/\/www.creugroga.com\/anula-tu-cita\/"},"modified":"2022-03-02T09:13:26","modified_gmt":"2022-03-02T09:13:26","slug":"anula-tu-cita","status":"publish","type":"page","link":"https:\/\/www.creugroga.com\/es\/anula-tu-cita\/","title":{"rendered":"ANULA TU CITA"},"content":{"rendered":"\n<style type=\"text\/css\" data-created_by=\"avia_inline_auto\" id=\"style-css-av-juwtqdvu-28b10722f356bdbd7d7807dad7622205\">\n.avia-section.av-juwtqdvu-28b10722f356bdbd7d7807dad7622205{\nbackground-color:#00bcaf;\nbackground-image:unset;\n}\n<\/style>\n<div id='av_section_1'  class='avia-section av-juwtqdvu-28b10722f356bdbd7d7807dad7622205 main_color avia-section-default avia-no-border-styling  avia-builder-el-0  avia-builder-el-no-sibling  avia-bg-style-scroll container_wrap fullsize'  ><div class='container av-section-cont-open' ><main  role=\"main\" itemprop=\"mainContentOfPage\"  class='template-page content  av-content-full alpha units'><div class='post-entry post-entry-type-page post-entry-6571'><div class='entry-content-wrapper clearfix'>\n\n<style type=\"text\/css\" data-created_by=\"avia_inline_auto\" id=\"style-css-av-3phqh9-80c28a8e5d99f84d5fe3019a742358de\">\n.flex_column.av-3phqh9-80c28a8e5d99f84d5fe3019a742358de{\nborder-radius:0px 0px 0px 0px;\npadding:0px 0px 0px 0px;\n}\n<\/style>\n<div  class='flex_column av-3phqh9-80c28a8e5d99f84d5fe3019a742358de av_one_full  avia-builder-el-1  el_before_av_one_full  avia-builder-el-first  first flex_column_div av-zero-column-padding  '     ><style type=\"text\/css\" data-created_by=\"avia_inline_auto\" id=\"style-css-av-juwtrf0z-0fe5e730be366a71456a275e0c85f46d\">\n.av_font_icon.av-juwtrf0z-0fe5e730be366a71456a275e0c85f46d{\ncolor:#ffffff;\nborder-color:#ffffff;\n}\n.avia-svg-icon.av-juwtrf0z-0fe5e730be366a71456a275e0c85f46d svg:first-child{\nstroke:#ffffff;\nfill:#ffffff;\n}\n.av_font_icon.av-juwtrf0z-0fe5e730be366a71456a275e0c85f46d .av-icon-char{\nfont-size:120px;\nline-height:120px;\n}\n<\/style>\n<span  class='av_font_icon av-juwtrf0z-0fe5e730be366a71456a275e0c85f46d avia_animate_when_visible av-icon-style- avia-icon-pos-center avia-iconfont avia-font-flaticon avia-icon-animate'><span class='av-icon-char' data-av_icon='\uf120' data-av_iconfont='flaticon' aria-hidden=\"true\" ><\/span><\/span><\/div>\n<style type=\"text\/css\" data-created_by=\"avia_inline_auto\" id=\"style-css-av-2zbqfx-fb86325e2b70190288761fd05bdbf3f1\">\n.flex_column.av-2zbqfx-fb86325e2b70190288761fd05bdbf3f1{\nborder-radius:0px 0px 0px 0px;\npadding:0px 0px 0px 0px;\n}\n<\/style>\n<div  class='flex_column av-2zbqfx-fb86325e2b70190288761fd05bdbf3f1 av_one_full  avia-builder-el-3  el_after_av_one_full  avia-builder-el-last  first flex_column_div av-zero-column-padding  column-top-margin'     ><style type=\"text\/css\" data-created_by=\"avia_inline_auto\" id=\"style-css-av-juwtwnh1-acc5cf9d6f82259ccf8df441d611d819\">\n#top .av_textblock_section.av-juwtwnh1-acc5cf9d6f82259ccf8df441d611d819 .avia_textblock{\ncolor:#ffffff;\n}\n<\/style>\n<section  class='av_textblock_section av-juwtwnh1-acc5cf9d6f82259ccf8df441d611d819 '   itemscope=\"itemscope\" itemtype=\"https:\/\/schema.org\/CreativeWork\" ><div class='avia_textblock av_inherit_color'  itemprop=\"text\" ><p class=\"p1\" style=\"text-align: center; font-size: 20pt;\"><strong><span class=\"s1\">Servicio exclusivo para ANULACIONES DE CITAS<\/span><\/strong><\/p>\n<p class=\"p1\" style=\"text-align: center; font-size: 20pt;\"><strong><span class=\"s1\">Env\u00eda un mensaje escrito por WhatsApp (no llames) a:<\/span><\/strong><\/p>\n<p class=\"p1\" style=\"text-align: center; font-size: 30pt;\"><span class=\"s1\">93 766 20 30<\/span><\/p>\n<\/div><\/section><br \/>\n\n<style type=\"text\/css\" data-created_by=\"avia_inline_auto\" id=\"style-css-av-juwtwnh1-4460caa707985af8a993d65f5dd86485\">\n#top .av_textblock_section.av-juwtwnh1-4460caa707985af8a993d65f5dd86485 .avia_textblock{\ncolor:#ffffff;\n}\n<\/style>\n<section  class='av_textblock_section av-juwtwnh1-4460caa707985af8a993d65f5dd86485 '   itemscope=\"itemscope\" itemtype=\"https:\/\/schema.org\/CreativeWork\" ><div class='avia_textblock av_inherit_color'  itemprop=\"text\" ><p style=\"text-align: center;\"><em><span class=\"s1\">Este servicio s\u00f3lo est\u00e1 disponible exclusivamente para anulaciones de citas. Su funcionamiento est\u00e1 sujeto al horario siguiente: de lunes a viernes de 9 a 19h (no atendemos fuera de \u00e9ste horario). Recuerda poner los siguientes datos al <strong style=\"color: white;\">enviar el mensaje escrito (no llames)<\/strong>: nombre i apellidos del paciente, hora i fecha de la cita, nombre i apellidos del especialista o especialidad<\/span><\/em><\/p>\n<\/div><\/section><\/p><\/div>\n","protected":false},"excerpt":{"rendered":"","protected":false},"author":2,"featured_media":0,"parent":0,"menu_order":0,"comment_status":"closed","ping_status":"closed","template":"","meta":{"footnotes":""},"class_list":["post-6571","page","type-page","status-publish","hentry"],"yoast_head":"<!-- This site is optimized with the Yoast SEO plugin v27.4 - https:\/\/yoast.com\/product\/yoast-seo-wordpress\/ -->\n<title>ANULA TU CITA - Centre M\u00e8dic Creu Groga<\/title>\n<meta name=\"robots\" content=\"index, follow, max-snippet:-1, max-image-preview:large, max-video-preview:-1\" \/>\n<link rel=\"canonical\" href=\"https:\/\/www.creugroga.com\/es\/anula-tu-cita\/\" \/>\n<meta property=\"og:locale\" content=\"es_ES\" \/>\n<meta property=\"og:type\" content=\"article\" \/>\n<meta property=\"og:title\" content=\"ANULA TU CITA - Centre M\u00e8dic Creu Groga\" \/>\n<meta property=\"og:url\" content=\"https:\/\/www.creugroga.com\/es\/anula-tu-cita\/\" \/>\n<meta property=\"og:site_name\" content=\"Centre M\u00e8dic Creu Groga\" \/>\n<meta property=\"article:publisher\" content=\"https:\/\/www.facebook.com\/creugroga\" \/>\n<meta property=\"article:modified_time\" content=\"2022-03-02T09:13:26+00:00\" \/>\n<meta name=\"twitter:card\" content=\"summary_large_image\" \/>\n<meta name=\"twitter:site\" content=\"@CreuGrogaCM\" \/>\n<meta name=\"twitter:label1\" content=\"Tiempo de lectura\" \/>\n\t<meta name=\"twitter:data1\" content=\"3 minutos\" \/>\n<script type=\"application\/ld+json\" class=\"yoast-schema-graph\">{\"@context\":\"https:\\\/\\\/schema.org\",\"@graph\":[{\"@type\":\"WebPage\",\"@id\":\"https:\\\/\\\/www.creugroga.com\\\/es\\\/anula-tu-cita\\\/\",\"url\":\"https:\\\/\\\/www.creugroga.com\\\/es\\\/anula-tu-cita\\\/\",\"name\":\"ANULA TU CITA - Centre M\u00e8dic Creu Groga\",\"isPartOf\":{\"@id\":\"https:\\\/\\\/www.creugroga.com\\\/es\\\/#website\"},\"datePublished\":\"2019-05-08T13:31:37+00:00\",\"dateModified\":\"2022-03-02T09:13:26+00:00\",\"breadcrumb\":{\"@id\":\"https:\\\/\\\/www.creugroga.com\\\/es\\\/anula-tu-cita\\\/#breadcrumb\"},\"inLanguage\":\"es\",\"potentialAction\":[{\"@type\":\"ReadAction\",\"target\":[\"https:\\\/\\\/www.creugroga.com\\\/es\\\/anula-tu-cita\\\/\"]}]},{\"@type\":\"BreadcrumbList\",\"@id\":\"https:\\\/\\\/www.creugroga.com\\\/es\\\/anula-tu-cita\\\/#breadcrumb\",\"itemListElement\":[{\"@type\":\"ListItem\",\"position\":1,\"name\":\"Portada\",\"item\":\"https:\\\/\\\/www.creugroga.com\\\/es\\\/home\\\/\"},{\"@type\":\"ListItem\",\"position\":2,\"name\":\"ANULA TU CITA\"}]},{\"@type\":\"WebSite\",\"@id\":\"https:\\\/\\\/www.creugroga.com\\\/es\\\/#website\",\"url\":\"https:\\\/\\\/www.creugroga.com\\\/es\\\/\",\"name\":\"Centre M\u00e8dic Creu Groga\",\"description\":\"Centre M\u00e8dic Creu Groga\",\"potentialAction\":[{\"@type\":\"SearchAction\",\"target\":{\"@type\":\"EntryPoint\",\"urlTemplate\":\"https:\\\/\\\/www.creugroga.com\\\/es\\\/?s={search_term_string}\"},\"query-input\":{\"@type\":\"PropertyValueSpecification\",\"valueRequired\":true,\"valueName\":\"search_term_string\"}}],\"inLanguage\":\"es\"}]}<\/script>\n<!-- \/ Yoast SEO plugin. -->","yoast_head_json":{"title":"ANULA TU CITA - Centre M\u00e8dic Creu Groga","robots":{"index":"index","follow":"follow","max-snippet":"max-snippet:-1","max-image-preview":"max-image-preview:large","max-video-preview":"max-video-preview:-1"},"canonical":"https:\/\/www.creugroga.com\/es\/anula-tu-cita\/","og_locale":"es_ES","og_type":"article","og_title":"ANULA TU CITA - Centre M\u00e8dic Creu Groga","og_url":"https:\/\/www.creugroga.com\/es\/anula-tu-cita\/","og_site_name":"Centre M\u00e8dic Creu Groga","article_publisher":"https:\/\/www.facebook.com\/creugroga","article_modified_time":"2022-03-02T09:13:26+00:00","twitter_card":"summary_large_image","twitter_site":"@CreuGrogaCM","twitter_misc":{"Tiempo de lectura":"3 minutos"},"schema":{"@context":"https:\/\/schema.org","@graph":[{"@type":"WebPage","@id":"https:\/\/www.creugroga.com\/es\/anula-tu-cita\/","url":"https:\/\/www.creugroga.com\/es\/anula-tu-cita\/","name":"ANULA TU CITA - Centre M\u00e8dic Creu Groga","isPartOf":{"@id":"https:\/\/www.creugroga.com\/es\/#website"},"datePublished":"2019-05-08T13:31:37+00:00","dateModified":"2022-03-02T09:13:26+00:00","breadcrumb":{"@id":"https:\/\/www.creugroga.com\/es\/anula-tu-cita\/#breadcrumb"},"inLanguage":"es","potentialAction":[{"@type":"ReadAction","target":["https:\/\/www.creugroga.com\/es\/anula-tu-cita\/"]}]},{"@type":"BreadcrumbList","@id":"https:\/\/www.creugroga.com\/es\/anula-tu-cita\/#breadcrumb","itemListElement":[{"@type":"ListItem","position":1,"name":"Portada","item":"https:\/\/www.creugroga.com\/es\/home\/"},{"@type":"ListItem","position":2,"name":"ANULA TU CITA"}]},{"@type":"WebSite","@id":"https:\/\/www.creugroga.com\/es\/#website","url":"https:\/\/www.creugroga.com\/es\/","name":"Centre M\u00e8dic Creu Groga","description":"Centre M\u00e8dic Creu Groga","potentialAction":[{"@type":"SearchAction","target":{"@type":"EntryPoint","urlTemplate":"https:\/\/www.creugroga.com\/es\/?s={search_term_string}"},"query-input":{"@type":"PropertyValueSpecification","valueRequired":true,"valueName":"search_term_string"}}],"inLanguage":"es"}]}},"_links":{"self":[{"href":"https:\/\/www.creugroga.com\/es\/wp-json\/wp\/v2\/pages\/6571","targetHints":{"allow":["GET"]}}],"collection":[{"href":"https:\/\/www.creugroga.com\/es\/wp-json\/wp\/v2\/pages"}],"about":[{"href":"https:\/\/www.creugroga.com\/es\/wp-json\/wp\/v2\/types\/page"}],"author":[{"embeddable":true,"href":"https:\/\/www.creugroga.com\/es\/wp-json\/wp\/v2\/users\/2"}],"replies":[{"embeddable":true,"href":"https:\/\/www.creugroga.com\/es\/wp-json\/wp\/v2\/comments?post=6571"}],"version-history":[{"count":0,"href":"https:\/\/www.creugroga.com\/es\/wp-json\/wp\/v2\/pages\/6571\/revisions"}],"wp:attachment":[{"href":"https:\/\/www.creugroga.com\/es\/wp-json\/wp\/v2\/media?parent=6571"}],"curies":[{"name":"wp","href":"https:\/\/api.w.org\/{rel}","templated":true}]}}