{"id":6714,"date":"2019-05-09T15:47:44","date_gmt":"2019-05-09T15:47:44","guid":{"rendered":"https:\/\/www.creugroga.com\/cuadro-medico-doctor-detalle\/"},"modified":"2019-06-11T12:44:37","modified_gmt":"2019-06-11T12:44:37","slug":"cuadro-medico-doctor-detalle","status":"publish","type":"page","link":"https:\/\/www.creugroga.com\/es\/cuadro-medico-doctor-detalle\/","title":{"rendered":"Cuadro m\u00e9dico &#8211; Doctor detalle"},"content":{"rendered":"<div id=\"cercador_quadre_pagina\" class=\"avia-section main_color avia-section-default avia-no-border-styling avia-bg-style-scroll avia-builder-el-0 el_before_av_slideshow_full avia-builder-el-first container_wrap fullsize\" style=\"margin-top: -52px; background-color: #df2a76;\">\n<div class=\"container\" style=\"padding:20px 0;\">\n<div class=\"post-entry post-entry-type-page post-entry-1153\">\n<div class=\"entry-content-wrapper clearfix\">\n<section class=\"av_textblock_section \">\n<div class=\"avia_textblock av_inherit_color \" style=\"color: #ffffff;\">\n<h1 style=\"text-align: center;\">CUADRO M\u00c9DICO<\/h1>\n<\/div>\n<\/section>\n<div class=\"hr hr-custom hr-center hr-icon-no avia-builder-el-2 el_after_av_textblock el_before_av_one_full \" style=\"margin-top: 0px; margin-bottom: 10px;\"><\/div>\n<div class=\"flex_column av_one_full flex_column_div first avia-builder-el-3 el_after_av_hr avia-builder-el-last \" style=\"padding: 20px; border-radius: 0px;\">\n<section class=\"avia_codeblock_section avia_code_block_0\">\n<div class=\"avia_codeblock \">\n<div style=\"z-index: 5000;\"><\/div>\n<\/div>\n<\/section>\n<\/div>\n<\/div>\n<\/div>\n<\/div>\n<\/div>\n<div style=\"clear: both; height: 50px;\"><\/div>\n[drts-entity]\n","protected":false},"excerpt":{"rendered":"<p>CUADRO M\u00c9DICO<\/p>\n","protected":false},"author":1,"featured_media":0,"parent":0,"menu_order":0,"comment_status":"closed","ping_status":"closed","template":"","meta":{"footnotes":""},"class_list":["post-6714","page","type-page","status-publish","hentry"],"yoast_head":"<!-- This site is optimized with the Yoast SEO plugin v27.4 - https:\/\/yoast.com\/product\/yoast-seo-wordpress\/ -->\n<title>Cuadro m\u00e9dico - Doctor detalle - Centre M\u00e8dic Creu Groga<\/title>\n<meta name=\"robots\" content=\"index, follow, max-snippet:-1, max-image-preview:large, max-video-preview:-1\" \/>\n<link rel=\"canonical\" href=\"https:\/\/www.creugroga.com\/es\/cuadro-medico-doctor-detalle\/\" \/>\n<meta property=\"og:locale\" content=\"es_ES\" \/>\n<meta property=\"og:type\" content=\"article\" \/>\n<meta property=\"og:title\" content=\"Cuadro m\u00e9dico - Doctor detalle - Centre M\u00e8dic Creu Groga\" \/>\n<meta property=\"og:description\" content=\"CUADRO M\u00c9DICO\" \/>\n<meta property=\"og:url\" content=\"https:\/\/www.creugroga.com\/es\/cuadro-medico-doctor-detalle\/\" \/>\n<meta property=\"og:site_name\" content=\"Centre M\u00e8dic Creu Groga\" \/>\n<meta property=\"article:publisher\" content=\"https:\/\/www.facebook.com\/creugroga\" \/>\n<meta property=\"article:modified_time\" content=\"2019-06-11T12:44:37+00:00\" \/>\n<meta name=\"twitter:card\" content=\"summary_large_image\" \/>\n<meta name=\"twitter:site\" content=\"@CreuGrogaCM\" \/>\n<script type=\"application\/ld+json\" class=\"yoast-schema-graph\">{\"@context\":\"https:\\\/\\\/schema.org\",\"@graph\":[{\"@type\":\"WebPage\",\"@id\":\"https:\\\/\\\/www.creugroga.com\\\/es\\\/cuadro-medico-doctor-detalle\\\/\",\"url\":\"https:\\\/\\\/www.creugroga.com\\\/es\\\/cuadro-medico-doctor-detalle\\\/\",\"name\":\"Cuadro m\u00e9dico - Doctor detalle - Centre M\u00e8dic Creu Groga\",\"isPartOf\":{\"@id\":\"https:\\\/\\\/www.creugroga.com\\\/es\\\/#website\"},\"datePublished\":\"2019-05-09T15:47:44+00:00\",\"dateModified\":\"2019-06-11T12:44:37+00:00\",\"breadcrumb\":{\"@id\":\"https:\\\/\\\/www.creugroga.com\\\/es\\\/cuadro-medico-doctor-detalle\\\/#breadcrumb\"},\"inLanguage\":\"es\",\"potentialAction\":[{\"@type\":\"ReadAction\",\"target\":[\"https:\\\/\\\/www.creugroga.com\\\/es\\\/cuadro-medico-doctor-detalle\\\/\"]}]},{\"@type\":\"BreadcrumbList\",\"@id\":\"https:\\\/\\\/www.creugroga.com\\\/es\\\/cuadro-medico-doctor-detalle\\\/#breadcrumb\",\"itemListElement\":[{\"@type\":\"ListItem\",\"position\":1,\"name\":\"Portada\",\"item\":\"https:\\\/\\\/www.creugroga.com\\\/es\\\/home\\\/\"},{\"@type\":\"ListItem\",\"position\":2,\"name\":\"Cuadro m\u00e9dico &#8211; Doctor detalle\"}]},{\"@type\":\"WebSite\",\"@id\":\"https:\\\/\\\/www.creugroga.com\\\/es\\\/#website\",\"url\":\"https:\\\/\\\/www.creugroga.com\\\/es\\\/\",\"name\":\"Centre M\u00e8dic Creu Groga\",\"description\":\"Centre M\u00e8dic Creu Groga\",\"potentialAction\":[{\"@type\":\"SearchAction\",\"target\":{\"@type\":\"EntryPoint\",\"urlTemplate\":\"https:\\\/\\\/www.creugroga.com\\\/es\\\/?s={search_term_string}\"},\"query-input\":{\"@type\":\"PropertyValueSpecification\",\"valueRequired\":true,\"valueName\":\"search_term_string\"}}],\"inLanguage\":\"es\"}]}<\/script>\n<!-- \/ Yoast SEO plugin. -->","yoast_head_json":{"title":"Cuadro m\u00e9dico - Doctor detalle - Centre M\u00e8dic Creu Groga","robots":{"index":"index","follow":"follow","max-snippet":"max-snippet:-1","max-image-preview":"max-image-preview:large","max-video-preview":"max-video-preview:-1"},"canonical":"https:\/\/www.creugroga.com\/es\/cuadro-medico-doctor-detalle\/","og_locale":"es_ES","og_type":"article","og_title":"Cuadro m\u00e9dico - Doctor detalle - Centre M\u00e8dic Creu Groga","og_description":"CUADRO M\u00c9DICO","og_url":"https:\/\/www.creugroga.com\/es\/cuadro-medico-doctor-detalle\/","og_site_name":"Centre M\u00e8dic Creu Groga","article_publisher":"https:\/\/www.facebook.com\/creugroga","article_modified_time":"2019-06-11T12:44:37+00:00","twitter_card":"summary_large_image","twitter_site":"@CreuGrogaCM","schema":{"@context":"https:\/\/schema.org","@graph":[{"@type":"WebPage","@id":"https:\/\/www.creugroga.com\/es\/cuadro-medico-doctor-detalle\/","url":"https:\/\/www.creugroga.com\/es\/cuadro-medico-doctor-detalle\/","name":"Cuadro m\u00e9dico - Doctor detalle - Centre M\u00e8dic Creu Groga","isPartOf":{"@id":"https:\/\/www.creugroga.com\/es\/#website"},"datePublished":"2019-05-09T15:47:44+00:00","dateModified":"2019-06-11T12:44:37+00:00","breadcrumb":{"@id":"https:\/\/www.creugroga.com\/es\/cuadro-medico-doctor-detalle\/#breadcrumb"},"inLanguage":"es","potentialAction":[{"@type":"ReadAction","target":["https:\/\/www.creugroga.com\/es\/cuadro-medico-doctor-detalle\/"]}]},{"@type":"BreadcrumbList","@id":"https:\/\/www.creugroga.com\/es\/cuadro-medico-doctor-detalle\/#breadcrumb","itemListElement":[{"@type":"ListItem","position":1,"name":"Portada","item":"https:\/\/www.creugroga.com\/es\/home\/"},{"@type":"ListItem","position":2,"name":"Cuadro m\u00e9dico &#8211; Doctor detalle"}]},{"@type":"WebSite","@id":"https:\/\/www.creugroga.com\/es\/#website","url":"https:\/\/www.creugroga.com\/es\/","name":"Centre M\u00e8dic Creu Groga","description":"Centre M\u00e8dic Creu Groga","potentialAction":[{"@type":"SearchAction","target":{"@type":"EntryPoint","urlTemplate":"https:\/\/www.creugroga.com\/es\/?s={search_term_string}"},"query-input":{"@type":"PropertyValueSpecification","valueRequired":true,"valueName":"search_term_string"}}],"inLanguage":"es"}]}},"_links":{"self":[{"href":"https:\/\/www.creugroga.com\/es\/wp-json\/wp\/v2\/pages\/6714","targetHints":{"allow":["GET"]}}],"collection":[{"href":"https:\/\/www.creugroga.com\/es\/wp-json\/wp\/v2\/pages"}],"about":[{"href":"https:\/\/www.creugroga.com\/es\/wp-json\/wp\/v2\/types\/page"}],"author":[{"embeddable":true,"href":"https:\/\/www.creugroga.com\/es\/wp-json\/wp\/v2\/users\/1"}],"replies":[{"embeddable":true,"href":"https:\/\/www.creugroga.com\/es\/wp-json\/wp\/v2\/comments?post=6714"}],"version-history":[{"count":0,"href":"https:\/\/www.creugroga.com\/es\/wp-json\/wp\/v2\/pages\/6714\/revisions"}],"wp:attachment":[{"href":"https:\/\/www.creugroga.com\/es\/wp-json\/wp\/v2\/media?parent=6714"}],"curies":[{"name":"wp","href":"https:\/\/api.w.org\/{rel}","templated":true}]}}