{"id":6855,"date":"2019-05-15T10:25:19","date_gmt":"2019-05-15T10:25:19","guid":{"rendered":"https:\/\/www.creugroga.com\/unidades-asistenciales\/piscina-crol-centro\/"},"modified":"2020-04-08T11:11:23","modified_gmt":"2020-04-08T11:11:23","slug":"piscina-crol-centre","status":"publish","type":"page","link":"https:\/\/www.creugroga.com\/es\/unidades-asistenciales\/piscina-crol-centre\/","title":{"rendered":"Piscina Crol Centre"},"content":{"rendered":"\n<style type=\"text\/css\" data-created_by=\"avia_inline_auto\" id=\"style-css-av-jrt3ieb6-b46767bf539047966c49c37ad47239af\">\n.avia-section.av-jrt3ieb6-b46767bf539047966c49c37ad47239af{\nbackground-color:#ffffff;\nbackground-image:unset;\n}\n<\/style>\n<div id='av_section_1'  class='avia-section av-jrt3ieb6-b46767bf539047966c49c37ad47239af main_color avia-section-small avia-no-border-styling  avia-builder-el-0  el_before_av_section  avia-builder-el-first  av-small-hide av-mini-hide avia-bg-style-scroll container_wrap fullsize'  ><div class='container av-section-cont-open' ><main  role=\"main\" itemprop=\"mainContentOfPage\"  class='template-page content  av-content-full alpha units'><div class='post-entry post-entry-type-page post-entry-6855'><div class='entry-content-wrapper clearfix'>\n\n<style type=\"text\/css\" data-created_by=\"avia_inline_auto\" id=\"style-css-av-30js5s-52b3638707127e509b975425bd460871\">\n.flex_column.av-30js5s-52b3638707127e509b975425bd460871{\nborder-radius:0px 0px 0px 0px;\npadding:0px 0px 0px 0px;\n}\n<\/style>\n<div  class='flex_column av-30js5s-52b3638707127e509b975425bd460871 av_four_fifth  avia-builder-el-1  el_before_av_one_fifth  avia-builder-el-first  first flex_column_div av-zero-column-padding  '     ><style type=\"text\/css\" data-created_by=\"avia_inline_auto\" id=\"style-css-av-jruf3tmy-30d1350eae7e33f32cfdf1a9bd71aa3d\">\n#top .av_textblock_section.av-jruf3tmy-30d1350eae7e33f32cfdf1a9bd71aa3d .avia_textblock{\ncolor:#01bbaf;\n}\n<\/style>\n<section  class='av_textblock_section av-jruf3tmy-30d1350eae7e33f32cfdf1a9bd71aa3d '   itemscope=\"itemscope\" itemtype=\"https:\/\/schema.org\/CreativeWork\" ><div class='avia_textblock av_inherit_color'  itemprop=\"text\" ><h4 style=\"font-weight: 300;\">UNIDADES ASISTENCIALES \/ OTROS SERVICIOS \/\u00a0<strong>PISCINA CROL CENTRE<\/strong><\/h4>\n<\/div><\/section><\/div>\n<style type=\"text\/css\" data-created_by=\"avia_inline_auto\" id=\"style-css-av-2sd2lc-5d2b02646914f33d7adcb8d97d9d0026\">\n.flex_column.av-2sd2lc-5d2b02646914f33d7adcb8d97d9d0026{\nborder-radius:0px 0px 0px 0px;\npadding:0px 0px 0px 0px;\n}\n<\/style>\n<div  class='flex_column av-2sd2lc-5d2b02646914f33d7adcb8d97d9d0026 av_one_fifth  avia-builder-el-3  el_after_av_four_fifth  avia-builder-el-last  flex_column_div av-zero-column-padding  '     ><style type=\"text\/css\" data-created_by=\"avia_inline_auto\" id=\"style-css-av-jrt6aoyy-d38993829d55cb53a4c9ce94d4aad782\">\n.av_font_icon.av-jrt6aoyy-d38993829d55cb53a4c9ce94d4aad782{\ncolor:#01bbaf;\nborder-color:#01bbaf;\n}\n.avia-svg-icon.av-jrt6aoyy-d38993829d55cb53a4c9ce94d4aad782 svg:first-child{\nstroke:#01bbaf;\nfill:#01bbaf;\n}\n.av_font_icon.av-jrt6aoyy-d38993829d55cb53a4c9ce94d4aad782 .av-icon-char{\nfont-size:30px;\nline-height:30px;\n}\n<\/style>\n<span  class='av_font_icon av-jrt6aoyy-d38993829d55cb53a4c9ce94d4aad782 avia_animate_when_visible av-icon-style- avia-icon-pos-left avia-iconfont avia-font-flaticon avia-icon-animate'><span class='av-icon-char' data-av_icon='\uf100' data-av_iconfont='flaticon' aria-hidden=\"true\" ><\/span><\/span><\/div>\n\n<\/div><\/div><\/main><!-- close content main element --><\/div><\/div>\n<style type=\"text\/css\" data-created_by=\"avia_inline_auto\" id=\"style-css-av-jrt3ieb6-9d75688bdbc6aea1d0bfbef0ddb16fd5\">\n.avia-section.av-jrt3ieb6-9d75688bdbc6aea1d0bfbef0ddb16fd5{\nbackground-color:#ffffff;\nbackground-image:unset;\n}\n<\/style>\n<div id='av_section_2'  class='avia-section av-jrt3ieb6-9d75688bdbc6aea1d0bfbef0ddb16fd5 main_color avia-section-small avia-no-border-styling  avia-builder-el-5  el_after_av_section  el_before_av_one_full  av-desktop-hide av-medium-hide avia-bg-style-scroll container_wrap fullsize'  ><div class='container av-section-cont-open' ><div class='template-page content  av-content-full alpha units'><div class='post-entry post-entry-type-page post-entry-6855'><div class='entry-content-wrapper clearfix'>\n\n<style type=\"text\/css\" data-created_by=\"avia_inline_auto\" id=\"style-css-av-2sd2lc-983a3f419874f18b7c61ef0819c2d164\">\n.flex_column.av-2sd2lc-983a3f419874f18b7c61ef0819c2d164{\nborder-radius:0px 0px 0px 0px;\npadding:0px 0px 0px 0px;\n}\n<\/style>\n<div  class='flex_column av-2sd2lc-983a3f419874f18b7c61ef0819c2d164 av_one_fifth  avia-builder-el-6  el_before_av_four_fifth  avia-builder-el-first  first flex_column_div av-zero-column-padding  '     ><style type=\"text\/css\" data-created_by=\"avia_inline_auto\" id=\"style-css-av-jrt6aoyy-d38993829d55cb53a4c9ce94d4aad782\">\n.av_font_icon.av-jrt6aoyy-d38993829d55cb53a4c9ce94d4aad782{\ncolor:#01bbaf;\nborder-color:#01bbaf;\n}\n.avia-svg-icon.av-jrt6aoyy-d38993829d55cb53a4c9ce94d4aad782 svg:first-child{\nstroke:#01bbaf;\nfill:#01bbaf;\n}\n.av_font_icon.av-jrt6aoyy-d38993829d55cb53a4c9ce94d4aad782 .av-icon-char{\nfont-size:30px;\nline-height:30px;\n}\n<\/style>\n<span  class='av_font_icon av-jrt6aoyy-d38993829d55cb53a4c9ce94d4aad782 avia_animate_when_visible av-icon-style- avia-icon-pos-left avia-iconfont avia-font-flaticon avia-icon-animate'><span class='av-icon-char' data-av_icon='\uf100' data-av_iconfont='flaticon' aria-hidden=\"true\" ><\/span><\/span><\/div>\n<style type=\"text\/css\" data-created_by=\"avia_inline_auto\" id=\"style-css-av-30js5s-08160d084c54ce73b72bb8abf9a52ca0\">\n.flex_column.av-30js5s-08160d084c54ce73b72bb8abf9a52ca0{\nborder-radius:0px 0px 0px 0px;\npadding:0px 0px 0px 0px;\n}\n<\/style>\n<div  class='flex_column av-30js5s-08160d084c54ce73b72bb8abf9a52ca0 av_four_fifth  avia-builder-el-8  el_after_av_one_fifth  avia-builder-el-last  flex_column_div av-zero-column-padding  '     ><style type=\"text\/css\" data-created_by=\"avia_inline_auto\" id=\"style-css-av-jruf3tmy-30d1350eae7e33f32cfdf1a9bd71aa3d\">\n#top .av_textblock_section.av-jruf3tmy-30d1350eae7e33f32cfdf1a9bd71aa3d .avia_textblock{\ncolor:#01bbaf;\n}\n<\/style>\n<section  class='av_textblock_section av-jruf3tmy-30d1350eae7e33f32cfdf1a9bd71aa3d '   itemscope=\"itemscope\" itemtype=\"https:\/\/schema.org\/CreativeWork\" ><div class='avia_textblock av_inherit_color'  itemprop=\"text\" ><h4 style=\"font-weight: 300;\">UNIDADES ASISTENCIALES \/ OTROS SERVICIOS \/\u00a0<strong>PISCINA CROL CENTRE<\/strong><\/h4>\n<\/div><\/section><\/div>\n<\/div><\/div><\/div><!-- close content main div --><\/div><\/div><div id='after_section_2'  class='main_color av_default_container_wrap container_wrap fullsize'  ><div class='container av-section-cont-open' ><div class='template-page content  av-content-full alpha units'><div class='post-entry post-entry-type-page post-entry-6855'><div class='entry-content-wrapper clearfix'>\n\n<style type=\"text\/css\" data-created_by=\"avia_inline_auto\" id=\"style-css-av-2p66pg-14c720f73b5f9b5c1dbd2631203a11e8\">\n.flex_column.av-2p66pg-14c720f73b5f9b5c1dbd2631203a11e8{\nborder-radius:0px 0px 0px 0px;\npadding:0px 0px 0px 0px;\n}\n<\/style>\n<div  class='flex_column av-2p66pg-14c720f73b5f9b5c1dbd2631203a11e8 av_one_full  avia-builder-el-10  el_after_av_section  el_before_av_section  avia-builder-el-no-sibling  first flex_column_div av-zero-column-padding  '     ><p>\n<style type=\"text\/css\" data-created_by=\"avia_inline_auto\" id=\"style-css-av-jr95s83c-d8c63d5d9e148f7c17725c98aded96c5\">\n.avia-image-container.av-jr95s83c-d8c63d5d9e148f7c17725c98aded96c5 img.avia_image{\nbox-shadow:none;\n}\n.avia-image-container.av-jr95s83c-d8c63d5d9e148f7c17725c98aded96c5 .av-image-caption-overlay-center{\ncolor:#ffffff;\n}\n<\/style>\n<div  class='avia-image-container av-jr95s83c-d8c63d5d9e148f7c17725c98aded96c5 av-styling- avia-align-center  avia-builder-el-11  el_before_av_image  avia-builder-el-first  av-small-hide av-mini-hide'   itemprop=\"image\" itemscope=\"itemscope\" itemtype=\"https:\/\/schema.org\/ImageObject\" ><div class=\"avia-image-container-inner\"><div class=\"avia-image-overlay-wrap\"><img decoding=\"async\" fetchpriority=\"high\" class='wp-image-3256 avia-img-lazy-loading-not-3256 avia_image ' src=\"https:\/\/www.creugroga.com\/wp-content\/uploads\/2019\/03\/FotoPiscina.jpg\" alt='Piscina Crol Centre Creu Groga' title='Piscina Crol Centre Creu Groga'  height=\"430\" width=\"1500\"  itemprop=\"thumbnailUrl\" srcset=\"https:\/\/www.creugroga.com\/wp-content\/uploads\/2019\/03\/FotoPiscina.jpg 1500w, https:\/\/www.creugroga.com\/wp-content\/uploads\/2019\/03\/FotoPiscina-300x86.jpg 300w, https:\/\/www.creugroga.com\/wp-content\/uploads\/2019\/03\/FotoPiscina-768x220.jpg 768w, https:\/\/www.creugroga.com\/wp-content\/uploads\/2019\/03\/FotoPiscina-1030x295.jpg 1030w, https:\/\/www.creugroga.com\/wp-content\/uploads\/2019\/03\/FotoPiscina-705x202.jpg 705w, https:\/\/www.creugroga.com\/wp-content\/uploads\/2019\/03\/FotoPiscina-450x129.jpg 450w\" sizes=\"(max-width: 1500px) 100vw, 1500px\" \/><\/div><\/div><\/div><br \/>\n\n<style type=\"text\/css\" data-created_by=\"avia_inline_auto\" id=\"style-css-av-jr95s83c-07f8e937c01d1075bb7b072a098fe08b\">\n.avia-image-container.av-jr95s83c-07f8e937c01d1075bb7b072a098fe08b img.avia_image{\nbox-shadow:none;\n}\n.avia-image-container.av-jr95s83c-07f8e937c01d1075bb7b072a098fe08b .av-image-caption-overlay-center{\ncolor:#ffffff;\n}\n<\/style>\n<div  class='avia-image-container av-jr95s83c-07f8e937c01d1075bb7b072a098fe08b av-styling- avia-align-center  avia-builder-el-12  el_after_av_image  avia-builder-el-last  av-desktop-hide av-medium-hide'   itemprop=\"image\" itemscope=\"itemscope\" itemtype=\"https:\/\/schema.org\/ImageObject\" ><div class=\"avia-image-container-inner\"><div class=\"avia-image-overlay-wrap\"><img decoding=\"async\" fetchpriority=\"high\" class='wp-image-3253 avia-img-lazy-loading-not-3253 avia_image ' src=\"https:\/\/www.creugroga.com\/wp-content\/uploads\/2019\/03\/FotoPiscina_MVL.jpg\" alt='Piscina Crol Centre Creu Groga' title='Piscina Crol Centre Creu Groga'  height=\"500\" width=\"600\"  itemprop=\"thumbnailUrl\" srcset=\"https:\/\/www.creugroga.com\/wp-content\/uploads\/2019\/03\/FotoPiscina_MVL.jpg 600w, https:\/\/www.creugroga.com\/wp-content\/uploads\/2019\/03\/FotoPiscina_MVL-300x250.jpg 300w, https:\/\/www.creugroga.com\/wp-content\/uploads\/2019\/03\/FotoPiscina_MVL-450x375.jpg 450w\" sizes=\"(max-width: 600px) 100vw, 600px\" \/><\/div><\/div><\/div><\/p><\/div>\n<\/div><\/div><\/div><!-- close content main div --><\/div><\/div>\n<style type=\"text\/css\" data-created_by=\"avia_inline_auto\" id=\"style-css-av-jrrpgdxu-e622f896ae590f81830e4dce82659f60\">\n.avia-section.av-jrrpgdxu-e622f896ae590f81830e4dce82659f60{\nbackground-color:#01bbaf;\nbackground-image:unset;\n}\n<\/style>\n<div id='av_section_3'  class='avia-section av-jrrpgdxu-e622f896ae590f81830e4dce82659f60 main_color avia-section-default avia-no-border-styling  avia-builder-el-13  el_after_av_one_full  el_before_av_one_full  avia-bg-style-scroll container_wrap fullsize'  ><div class='container av-section-cont-open' ><div class='template-page content  av-content-full alpha units'><div class='post-entry post-entry-type-page post-entry-6855'><div class='entry-content-wrapper clearfix'>\n\n<style type=\"text\/css\" data-created_by=\"avia_inline_auto\" id=\"style-css-av-20qru8-91fcdd156e82a16a95bb855af69e5941\">\n.flex_column.av-20qru8-91fcdd156e82a16a95bb855af69e5941{\nborder-radius:0px 0px 0px 0px;\npadding:0px 0px 0px 0px;\n}\n<\/style>\n<div  class='flex_column av-20qru8-91fcdd156e82a16a95bb855af69e5941 av_one_full  avia-builder-el-14  avia-builder-el-no-sibling  first flex_column_div av-zero-column-padding  '     ><style type=\"text\/css\" data-created_by=\"avia_inline_auto\" id=\"style-css-av-jrrz78hm-e094f94ec22f6f1aebaf63e6582e6c66\">\n#top .av_textblock_section.av-jrrz78hm-e094f94ec22f6f1aebaf63e6582e6c66 .avia_textblock{\nfont-size:18px;\ncolor:#ffffff;\n}\n<\/style>\n<section  class='av_textblock_section av-jrrz78hm-e094f94ec22f6f1aebaf63e6582e6c66 '   itemscope=\"itemscope\" itemtype=\"https:\/\/schema.org\/CreativeWork\" ><div class='avia_textblock av_inherit_color'  itemprop=\"text\" ><p>Las instalaciones de Crol Centre, cuentan con la piscina exterior climatizada de dimensiones ol\u00edmpicas (50m x 25m), situada frente a la terraza del centro y a s\u00f3lo 100m de la playa.<\/p>\n<\/div><\/section><\/div>\n<\/div><\/div><\/div><!-- close content main div --><\/div><\/div><div id='after_section_3'  class='main_color av_default_container_wrap container_wrap fullsize'  ><div class='container av-section-cont-open' ><div class='template-page content  av-content-full alpha units'><div class='post-entry post-entry-type-page post-entry-6855'><div class='entry-content-wrapper clearfix'>\n\n<style type=\"text\/css\" data-created_by=\"avia_inline_auto\" id=\"style-css-av-2ty2z8-53ffc63109758948b61a2d0faa06c332\">\n.flex_column.av-2ty2z8-53ffc63109758948b61a2d0faa06c332{\nborder-radius:0px 0px 0px 0px;\npadding:0px 0px 0px 0px;\n}\n<\/style>\n<div  class='flex_column av-2ty2z8-53ffc63109758948b61a2d0faa06c332 av_one_full  avia-builder-el-16  el_after_av_section  el_before_av_one_half  avia-builder-el-first  first flex_column_div av-zero-column-padding  '     ><section  class='av_textblock_section av-jr945tw0-e57f7fc76a6ce1cc292011bd9b867e4b '   itemscope=\"itemscope\" itemtype=\"https:\/\/schema.org\/CreativeWork\" ><div class='avia_textblock'  itemprop=\"text\" ><p>La nataci\u00f3n, el waterpolo, la nataci\u00f3n sincronizada y el triatl\u00f3n, son s\u00f3lo algunos de los deportes que han crecido \u00faltimamente, tanto en nuestro pa\u00eds como en el resto del mundo. Estos es uno de los motivos por los que las piscinas ol\u00edmpicas han proliferado en los \u00faltimos a\u00f1os como elemento fundamental para la pr\u00e1ctica de estos deportes.<\/p>\n<p>La piscina ol\u00edmpica de Crol Centre se puede utilizar durante todo el a\u00f1o ya que mantiene una temperatura de 27\u00ba C. El microclima de la zona, con pocas lluvias, buena insolaci\u00f3n y temperaturas medias superiores a los 10\u00ba C en los meses m\u00e1s fr\u00edos, convierten Calella en el lugar id\u00f3neo para la preparaci\u00f3n de los deportistas al aire libre. La importancia del entrenamiento al aire libre, principalmente en piscinas ol\u00edmpicas, radica en la oxigenaci\u00f3n del entrenamiento y en la sensaci\u00f3n de libertad que no nos puede dar ninguna piscina cubierta.<\/p>\n<p>En los \u00faltimos a\u00f1os, han pasado por nuestro centro grandes deportistas de \u00e9lite como el Campe\u00f3n del mundo y subcampe\u00f3n Ol\u00edmpico de Triatl\u00f3n Javier G\u00f3mez Noya, as\u00ed como selecciones nacionales de todo el mundo como: la de Rusia, Australia, Jap\u00f3n, Dinamarca, o Gran Breta\u00f1a.<\/p>\n<\/div><\/section><\/div>\n\n<style type=\"text\/css\" data-created_by=\"avia_inline_auto\" id=\"style-css-av-6anys4-edee24b785d9e6b9fed20d08fefc6fe7\">\n.flex_column.av-6anys4-edee24b785d9e6b9fed20d08fefc6fe7{\nborder-radius:0px 0px 0px 0px;\npadding:0px 0px 0px 0px;\n}\n<\/style>\n<div  class='flex_column av-6anys4-edee24b785d9e6b9fed20d08fefc6fe7 av_one_half  avia-builder-el-18  el_after_av_one_full  el_before_av_one_half  first flex_column_div av-zero-column-padding  column-top-margin'     ><style type=\"text\/css\" data-created_by=\"avia_inline_auto\" id=\"style-css-av-jr95jufe-102ad0626d166557a79bbe978fd3f9cb\">\n.iconbox.av-jr95jufe-102ad0626d166557a79bbe978fd3f9cb .iconbox_icon{\nbackground-color:#f7cfdc;\ncolor:#d4197c;\n}\n.iconbox.av-jr95jufe-102ad0626d166557a79bbe978fd3f9cb .iconbox_icon.avia-svg-icon svg:first-child{\nfill:#d4197c;\nstroke:#d4197c;\n}\n#top #wrap_all .iconbox.av-jr95jufe-102ad0626d166557a79bbe978fd3f9cb .iconbox_content_title{\ncolor:#ffffff;\n}\n<\/style>\n<article  class='iconbox iconbox_top av-jr95jufe-102ad0626d166557a79bbe978fd3f9cb  avia-builder-el-19  avia-builder-el-no-sibling  main_color'  itemscope=\"itemscope\" itemtype=\"https:\/\/schema.org\/CreativeWork\" ><div class=\"iconbox_content\"><header class=\"entry-content-header\" aria-label=\"Icon: RESERVA CITA E INF\u00d3RMATE\"><div class='iconbox_icon heading-color avia-iconfont avia-font-entypo-fontello' data-av_icon='' data-av_iconfont='entypo-fontello' title=\"RESERVA CITA E INF\u00d3RMATE\" desc=\"RESERVA CITA E INF\u00d3RMATE\" ><\/div><h3 class='iconbox_content_title '  itemprop=\"headline\" ><a href='https:\/\/www.creugroga.com\/es\/contacta-con-nosotros\/' title='RESERVA CITA E INF\u00d3RMATE'  >RESERVA CITA E INF\u00d3RMATE<\/a><\/h3><\/header><div class='iconbox_content_container '  itemprop=\"text\" ><\/div><\/div><footer class=\"entry-footer\"><\/footer><\/article><\/div>\n\n<style type=\"text\/css\" data-created_by=\"avia_inline_auto\" id=\"style-css-av-1v52yc-eb1499d83d25b6767278a8824a05bf79\">\n.flex_column.av-1v52yc-eb1499d83d25b6767278a8824a05bf79{\nborder-radius:0px 0px 0px 0px;\npadding:0px 0px 0px 0px;\n}\n<\/style>\n<div  class='flex_column av-1v52yc-eb1499d83d25b6767278a8824a05bf79 av_one_half  avia-builder-el-20  el_after_av_one_half  avia-builder-el-last  flex_column_div av-zero-column-padding  column-top-margin'     ><style type=\"text\/css\" data-created_by=\"avia_inline_auto\" id=\"style-css-av-jr95mg4u-94c965ceeb299f2f8995e8ca56e5e6a7\">\n.iconbox.av-jr95mg4u-94c965ceeb299f2f8995e8ca56e5e6a7 .iconbox_icon{\nbackground-color:#f7cfdc;\ncolor:#d4197c;\n}\n.iconbox.av-jr95mg4u-94c965ceeb299f2f8995e8ca56e5e6a7 .iconbox_icon.avia-svg-icon svg:first-child{\nfill:#d4197c;\nstroke:#d4197c;\n}\n#top #wrap_all .iconbox.av-jr95mg4u-94c965ceeb299f2f8995e8ca56e5e6a7 .iconbox_content_title{\ncolor:#ffffff;\n}\n<\/style>\n<article  class='iconbox iconbox_top av-jr95mg4u-94c965ceeb299f2f8995e8ca56e5e6a7  avia-builder-el-21  avia-builder-el-no-sibling  main_color'  itemscope=\"itemscope\" itemtype=\"https:\/\/schema.org\/CreativeWork\" ><div class=\"iconbox_content\"><header class=\"entry-content-header\" aria-label=\"Icon: CUADRO M\u00c9DICO\"><div class='iconbox_icon heading-color avia-iconfont avia-font-flaticon' data-av_icon='\uf10a' data-av_iconfont='flaticon' title=\"CUADRO M\u00c9DICO\" desc=\"CUADRO M\u00c9DICO\" ><\/div><h3 class='iconbox_content_title '  itemprop=\"headline\" ><a href='https:\/\/www.creugroga.com\/es\/cuadro-medico\/' title='CUADRO M\u00c9DICO'  >CUADRO M\u00c9DICO<\/a><\/h3><\/header><div class='iconbox_content_container '  itemprop=\"text\" ><\/div><\/div><footer class=\"entry-footer\"><\/footer><\/article><\/div>\n","protected":false},"excerpt":{"rendered":"","protected":false},"author":1,"featured_media":0,"parent":6720,"menu_order":0,"comment_status":"closed","ping_status":"closed","template":"","meta":{"footnotes":""},"class_list":["post-6855","page","type-page","status-publish","hentry"],"yoast_head":"<!-- This site is optimized with the Yoast SEO plugin v27.5 - https:\/\/yoast.com\/product\/yoast-seo-wordpress\/ -->\n<title>Piscina Crol Centre - Centre M\u00e8dic Creu Groga<\/title>\n<meta name=\"robots\" content=\"index, follow, max-snippet:-1, max-image-preview:large, max-video-preview:-1\" \/>\n<link rel=\"canonical\" href=\"https:\/\/www.creugroga.com\/es\/unidades-asistenciales\/piscina-crol-centre\/\" \/>\n<meta property=\"og:locale\" content=\"es_ES\" \/>\n<meta property=\"og:type\" content=\"article\" \/>\n<meta property=\"og:title\" content=\"Piscina Crol Centre - Centre M\u00e8dic Creu Groga\" \/>\n<meta property=\"og:url\" content=\"https:\/\/www.creugroga.com\/es\/unidades-asistenciales\/piscina-crol-centre\/\" \/>\n<meta property=\"og:site_name\" content=\"Centre M\u00e8dic Creu Groga\" \/>\n<meta property=\"article:publisher\" content=\"https:\/\/www.facebook.com\/creugroga\" \/>\n<meta property=\"article:modified_time\" content=\"2020-04-08T11:11:23+00:00\" \/>\n<meta name=\"twitter:card\" content=\"summary_large_image\" \/>\n<meta name=\"twitter:site\" content=\"@CreuGrogaCM\" \/>\n<meta name=\"twitter:label1\" content=\"Tiempo de lectura\" \/>\n\t<meta name=\"twitter:data1\" content=\"10 minutos\" \/>\n<script type=\"application\/ld+json\" class=\"yoast-schema-graph\">{\"@context\":\"https:\\\/\\\/schema.org\",\"@graph\":[{\"@type\":\"WebPage\",\"@id\":\"https:\\\/\\\/www.creugroga.com\\\/es\\\/unidades-asistenciales\\\/piscina-crol-centre\\\/\",\"url\":\"https:\\\/\\\/www.creugroga.com\\\/es\\\/unidades-asistenciales\\\/piscina-crol-centre\\\/\",\"name\":\"Piscina Crol Centre - Centre M\u00e8dic Creu Groga\",\"isPartOf\":{\"@id\":\"https:\\\/\\\/www.creugroga.com\\\/es\\\/#website\"},\"datePublished\":\"2019-05-15T10:25:19+00:00\",\"dateModified\":\"2020-04-08T11:11:23+00:00\",\"breadcrumb\":{\"@id\":\"https:\\\/\\\/www.creugroga.com\\\/es\\\/unidades-asistenciales\\\/piscina-crol-centre\\\/#breadcrumb\"},\"inLanguage\":\"es\",\"potentialAction\":[{\"@type\":\"ReadAction\",\"target\":[\"https:\\\/\\\/www.creugroga.com\\\/es\\\/unidades-asistenciales\\\/piscina-crol-centre\\\/\"]}]},{\"@type\":\"BreadcrumbList\",\"@id\":\"https:\\\/\\\/www.creugroga.com\\\/es\\\/unidades-asistenciales\\\/piscina-crol-centre\\\/#breadcrumb\",\"itemListElement\":[{\"@type\":\"ListItem\",\"position\":1,\"name\":\"Portada\",\"item\":\"https:\\\/\\\/www.creugroga.com\\\/es\\\/home\\\/\"},{\"@type\":\"ListItem\",\"position\":2,\"name\":\"U. Asistenciales\",\"item\":\"https:\\\/\\\/www.creugroga.com\\\/es\\\/unidades-asistenciales\\\/\"},{\"@type\":\"ListItem\",\"position\":3,\"name\":\"Piscina Crol Centre\"}]},{\"@type\":\"WebSite\",\"@id\":\"https:\\\/\\\/www.creugroga.com\\\/es\\\/#website\",\"url\":\"https:\\\/\\\/www.creugroga.com\\\/es\\\/\",\"name\":\"Centre M\u00e8dic Creu Groga\",\"description\":\"Centre M\u00e8dic Creu Groga\",\"potentialAction\":[{\"@type\":\"SearchAction\",\"target\":{\"@type\":\"EntryPoint\",\"urlTemplate\":\"https:\\\/\\\/www.creugroga.com\\\/es\\\/?s={search_term_string}\"},\"query-input\":{\"@type\":\"PropertyValueSpecification\",\"valueRequired\":true,\"valueName\":\"search_term_string\"}}],\"inLanguage\":\"es\"}]}<\/script>\n<!-- \/ Yoast SEO plugin. -->","yoast_head_json":{"title":"Piscina Crol Centre - Centre M\u00e8dic Creu Groga","robots":{"index":"index","follow":"follow","max-snippet":"max-snippet:-1","max-image-preview":"max-image-preview:large","max-video-preview":"max-video-preview:-1"},"canonical":"https:\/\/www.creugroga.com\/es\/unidades-asistenciales\/piscina-crol-centre\/","og_locale":"es_ES","og_type":"article","og_title":"Piscina Crol Centre - Centre M\u00e8dic Creu Groga","og_url":"https:\/\/www.creugroga.com\/es\/unidades-asistenciales\/piscina-crol-centre\/","og_site_name":"Centre M\u00e8dic Creu Groga","article_publisher":"https:\/\/www.facebook.com\/creugroga","article_modified_time":"2020-04-08T11:11:23+00:00","twitter_card":"summary_large_image","twitter_site":"@CreuGrogaCM","twitter_misc":{"Tiempo de lectura":"10 minutos"},"schema":{"@context":"https:\/\/schema.org","@graph":[{"@type":"WebPage","@id":"https:\/\/www.creugroga.com\/es\/unidades-asistenciales\/piscina-crol-centre\/","url":"https:\/\/www.creugroga.com\/es\/unidades-asistenciales\/piscina-crol-centre\/","name":"Piscina Crol Centre - Centre M\u00e8dic Creu Groga","isPartOf":{"@id":"https:\/\/www.creugroga.com\/es\/#website"},"datePublished":"2019-05-15T10:25:19+00:00","dateModified":"2020-04-08T11:11:23+00:00","breadcrumb":{"@id":"https:\/\/www.creugroga.com\/es\/unidades-asistenciales\/piscina-crol-centre\/#breadcrumb"},"inLanguage":"es","potentialAction":[{"@type":"ReadAction","target":["https:\/\/www.creugroga.com\/es\/unidades-asistenciales\/piscina-crol-centre\/"]}]},{"@type":"BreadcrumbList","@id":"https:\/\/www.creugroga.com\/es\/unidades-asistenciales\/piscina-crol-centre\/#breadcrumb","itemListElement":[{"@type":"ListItem","position":1,"name":"Portada","item":"https:\/\/www.creugroga.com\/es\/home\/"},{"@type":"ListItem","position":2,"name":"U. Asistenciales","item":"https:\/\/www.creugroga.com\/es\/unidades-asistenciales\/"},{"@type":"ListItem","position":3,"name":"Piscina Crol Centre"}]},{"@type":"WebSite","@id":"https:\/\/www.creugroga.com\/es\/#website","url":"https:\/\/www.creugroga.com\/es\/","name":"Centre M\u00e8dic Creu Groga","description":"Centre M\u00e8dic Creu Groga","potentialAction":[{"@type":"SearchAction","target":{"@type":"EntryPoint","urlTemplate":"https:\/\/www.creugroga.com\/es\/?s={search_term_string}"},"query-input":{"@type":"PropertyValueSpecification","valueRequired":true,"valueName":"search_term_string"}}],"inLanguage":"es"}]}},"_links":{"self":[{"href":"https:\/\/www.creugroga.com\/es\/wp-json\/wp\/v2\/pages\/6855","targetHints":{"allow":["GET"]}}],"collection":[{"href":"https:\/\/www.creugroga.com\/es\/wp-json\/wp\/v2\/pages"}],"about":[{"href":"https:\/\/www.creugroga.com\/es\/wp-json\/wp\/v2\/types\/page"}],"author":[{"embeddable":true,"href":"https:\/\/www.creugroga.com\/es\/wp-json\/wp\/v2\/users\/1"}],"replies":[{"embeddable":true,"href":"https:\/\/www.creugroga.com\/es\/wp-json\/wp\/v2\/comments?post=6855"}],"version-history":[{"count":0,"href":"https:\/\/www.creugroga.com\/es\/wp-json\/wp\/v2\/pages\/6855\/revisions"}],"up":[{"embeddable":true,"href":"https:\/\/www.creugroga.com\/es\/wp-json\/wp\/v2\/pages\/6720"}],"wp:attachment":[{"href":"https:\/\/www.creugroga.com\/es\/wp-json\/wp\/v2\/media?parent=6855"}],"curies":[{"name":"wp","href":"https:\/\/api.w.org\/{rel}","templated":true}]}}