{"id":9712,"date":"2020-04-08T11:43:21","date_gmt":"2020-04-08T11:43:21","guid":{"rendered":"https:\/\/www.creugroga.com\/ozonoterapia\/"},"modified":"2020-04-08T14:56:07","modified_gmt":"2020-04-08T14:56:07","slug":"ozonoterapia","status":"publish","type":"page","link":"https:\/\/www.creugroga.com\/es\/prevencion-covid-19\/ozonoterapia\/","title":{"rendered":"Ozonoterapia"},"content":{"rendered":"\n<style type=\"text\/css\" data-created_by=\"avia_inline_auto\" id=\"style-css-av-jrt3ieb6-b46767bf539047966c49c37ad47239af\">\n.avia-section.av-jrt3ieb6-b46767bf539047966c49c37ad47239af{\nbackground-color:#ffffff;\nbackground-image:unset;\n}\n<\/style>\n<div id='av_section_1'  class='avia-section av-jrt3ieb6-b46767bf539047966c49c37ad47239af main_color avia-section-small avia-no-border-styling  avia-builder-el-0  el_before_av_one_full  avia-builder-el-first  av-small-hide av-mini-hide avia-bg-style-scroll container_wrap fullsize'  ><div class='container av-section-cont-open' ><main  role=\"main\" itemprop=\"mainContentOfPage\"  class='template-page content  av-content-full alpha units'><div class='post-entry post-entry-type-page post-entry-9712'><div class='entry-content-wrapper clearfix'>\n\n<style type=\"text\/css\" data-created_by=\"avia_inline_auto\" id=\"style-css-av-30js5s-52b3638707127e509b975425bd460871\">\n.flex_column.av-30js5s-52b3638707127e509b975425bd460871{\nborder-radius:0px 0px 0px 0px;\npadding:0px 0px 0px 0px;\n}\n<\/style>\n<div  class='flex_column av-30js5s-52b3638707127e509b975425bd460871 av_four_fifth  avia-builder-el-1  avia-builder-el-no-sibling  first flex_column_div av-zero-column-padding  '     ><style type=\"text\/css\" data-created_by=\"avia_inline_auto\" id=\"style-css-av-jruf3tmy-bdd732e96f5ac0a3880677c3bb596ce2\">\n#top .av_textblock_section.av-jruf3tmy-bdd732e96f5ac0a3880677c3bb596ce2 .avia_textblock{\ncolor:#01bbaf;\n}\n<\/style>\n<section  class='av_textblock_section av-jruf3tmy-bdd732e96f5ac0a3880677c3bb596ce2 '   itemscope=\"itemscope\" itemtype=\"https:\/\/schema.org\/CreativeWork\" ><div class='avia_textblock av_inherit_color'  itemprop=\"text\" ><h4 style=\"font-weight: 300;\">PLAN PREVENCI\u00d3N COVID-19 \/\u00a0 <strong>OZONOTERAPIA<\/strong><\/h4>\n<\/div><\/section><\/div>\n<\/div><\/div><\/main><!-- close content main element --><\/div><\/div><div id='after_section_1'  class='main_color av_default_container_wrap container_wrap fullsize'  ><div class='container av-section-cont-open' ><div class='template-page content  av-content-full alpha units'><div class='post-entry post-entry-type-page post-entry-9712'><div class='entry-content-wrapper clearfix'>\n\n<style type=\"text\/css\" data-created_by=\"avia_inline_auto\" id=\"style-css-av-2p66pg-14c720f73b5f9b5c1dbd2631203a11e8\">\n.flex_column.av-2p66pg-14c720f73b5f9b5c1dbd2631203a11e8{\nborder-radius:0px 0px 0px 0px;\npadding:0px 0px 0px 0px;\n}\n<\/style>\n<div  class='flex_column av-2p66pg-14c720f73b5f9b5c1dbd2631203a11e8 av_one_full  avia-builder-el-3  el_after_av_section  el_before_av_section  avia-builder-el-no-sibling  first flex_column_div av-zero-column-padding  '     ><p>\n<style type=\"text\/css\" data-created_by=\"avia_inline_auto\" id=\"style-css-av-jr95s83c-5e090f973d3710eced50a80d90076c0a\">\n.avia-image-container.av-jr95s83c-5e090f973d3710eced50a80d90076c0a img.avia_image{\nbox-shadow:none;\n}\n.avia-image-container.av-jr95s83c-5e090f973d3710eced50a80d90076c0a .av-image-caption-overlay-center{\ncolor:#ffffff;\n}\n<\/style>\n<div  class='avia-image-container av-jr95s83c-5e090f973d3710eced50a80d90076c0a av-styling- avia-align-center  avia-builder-el-4  el_before_av_image  avia-builder-el-first  av-small-hide av-mini-hide'   itemprop=\"image\" itemscope=\"itemscope\" itemtype=\"https:\/\/schema.org\/ImageObject\" ><div class=\"avia-image-container-inner\"><div class=\"avia-image-overlay-wrap\"><img decoding=\"async\" fetchpriority=\"high\" class='wp-image-9686 avia-img-lazy-loading-not-9686 avia_image ' src=\"https:\/\/www.creugroga.com\/wp-content\/uploads\/2020\/04\/OZONOTERA\u0300PIA_CAT.png\" alt='' title='OZONOTERA\u0300PIA_CAT'  height=\"550\" width=\"1500\"  itemprop=\"thumbnailUrl\" srcset=\"https:\/\/www.creugroga.com\/wp-content\/uploads\/2020\/04\/OZONOTERA\u0300PIA_CAT.png 1500w, https:\/\/www.creugroga.com\/wp-content\/uploads\/2020\/04\/OZONOTERA\u0300PIA_CAT-300x110.png 300w, https:\/\/www.creugroga.com\/wp-content\/uploads\/2020\/04\/OZONOTERA\u0300PIA_CAT-1030x378.png 1030w, https:\/\/www.creugroga.com\/wp-content\/uploads\/2020\/04\/OZONOTERA\u0300PIA_CAT-768x282.png 768w, https:\/\/www.creugroga.com\/wp-content\/uploads\/2020\/04\/OZONOTERA\u0300PIA_CAT-705x259.png 705w, https:\/\/www.creugroga.com\/wp-content\/uploads\/2020\/04\/OZONOTERA\u0300PIA_CAT-240x88.png 240w\" sizes=\"(max-width: 1500px) 100vw, 1500px\" \/><\/div><\/div><\/div><br \/>\n\n<style type=\"text\/css\" data-created_by=\"avia_inline_auto\" id=\"style-css-av-jr95s83c-3b0f2a228b6e41cf8db6c0f8b750dc33\">\n.avia-image-container.av-jr95s83c-3b0f2a228b6e41cf8db6c0f8b750dc33 img.avia_image{\nbox-shadow:none;\n}\n.avia-image-container.av-jr95s83c-3b0f2a228b6e41cf8db6c0f8b750dc33 .av-image-caption-overlay-center{\ncolor:#ffffff;\n}\n<\/style>\n<div  class='avia-image-container av-jr95s83c-3b0f2a228b6e41cf8db6c0f8b750dc33 av-styling- avia-align-center  avia-builder-el-5  el_after_av_image  avia-builder-el-last  av-desktop-hide av-medium-hide'   itemprop=\"image\" itemscope=\"itemscope\" itemtype=\"https:\/\/schema.org\/ImageObject\" ><div class=\"avia-image-container-inner\"><div class=\"avia-image-overlay-wrap\"><img decoding=\"async\" fetchpriority=\"high\" class='wp-image-9689 avia-img-lazy-loading-not-9689 avia_image ' src=\"https:\/\/www.creugroga.com\/wp-content\/uploads\/2020\/04\/OZONOTERA\u0300PIA_MBL.png\" alt='' title='OZONOTERA\u0300PIA_MBL'  height=\"600\" width=\"600\"  itemprop=\"thumbnailUrl\" srcset=\"https:\/\/www.creugroga.com\/wp-content\/uploads\/2020\/04\/OZONOTERA\u0300PIA_MBL.png 600w, https:\/\/www.creugroga.com\/wp-content\/uploads\/2020\/04\/OZONOTERA\u0300PIA_MBL-300x300.png 300w, https:\/\/www.creugroga.com\/wp-content\/uploads\/2020\/04\/OZONOTERA\u0300PIA_MBL-80x80.png 80w, https:\/\/www.creugroga.com\/wp-content\/uploads\/2020\/04\/OZONOTERA\u0300PIA_MBL-36x36.png 36w, https:\/\/www.creugroga.com\/wp-content\/uploads\/2020\/04\/OZONOTERA\u0300PIA_MBL-180x180.png 180w, https:\/\/www.creugroga.com\/wp-content\/uploads\/2020\/04\/OZONOTERA\u0300PIA_MBL-32x32.png 32w, https:\/\/www.creugroga.com\/wp-content\/uploads\/2020\/04\/OZONOTERA\u0300PIA_MBL-48x48.png 48w\" sizes=\"(max-width: 600px) 100vw, 600px\" \/><\/div><\/div><\/div><\/p><\/div><\/div><\/div><\/div><!-- close content main div --><\/div><\/div>\n<style type=\"text\/css\" data-created_by=\"avia_inline_auto\" id=\"style-css-av-jrrpgdxu-e622f896ae590f81830e4dce82659f60\">\n.avia-section.av-jrrpgdxu-e622f896ae590f81830e4dce82659f60{\nbackground-color:#01bbaf;\nbackground-image:unset;\n}\n<\/style>\n<div id='av_section_2'  class='avia-section av-jrrpgdxu-e622f896ae590f81830e4dce82659f60 main_color avia-section-default avia-no-border-styling  avia-builder-el-6  el_after_av_one_full  el_before_av_one_full  avia-bg-style-scroll container_wrap fullsize'  ><div class='container av-section-cont-open' ><div class='template-page content  av-content-full alpha units'><div class='post-entry post-entry-type-page post-entry-9712'><div class='entry-content-wrapper clearfix'>\n\n<style type=\"text\/css\" data-created_by=\"avia_inline_auto\" id=\"style-css-av-20qru8-91fcdd156e82a16a95bb855af69e5941\">\n.flex_column.av-20qru8-91fcdd156e82a16a95bb855af69e5941{\nborder-radius:0px 0px 0px 0px;\npadding:0px 0px 0px 0px;\n}\n<\/style>\n<div  class='flex_column av-20qru8-91fcdd156e82a16a95bb855af69e5941 av_one_full  avia-builder-el-7  avia-builder-el-no-sibling  first flex_column_div av-zero-column-padding  '     ><style type=\"text\/css\" data-created_by=\"avia_inline_auto\" id=\"style-css-av-jrrz78hm-74c39862ba4b1da597f07c0d54ee7bab\">\n#top .av_textblock_section.av-jrrz78hm-74c39862ba4b1da597f07c0d54ee7bab .avia_textblock{\nfont-size:18px;\ncolor:#ffffff;\n}\n<\/style>\n<section  class='av_textblock_section av-jrrz78hm-74c39862ba4b1da597f07c0d54ee7bab '   itemscope=\"itemscope\" itemtype=\"https:\/\/schema.org\/CreativeWork\" ><div class='avia_textblock av_inherit_color'  itemprop=\"text\" ><h2 style=\"text-align: center;\"><strong>Terapia preventiva inmunol\u00f3gica<\/strong><\/h2>\n<\/div><\/section><\/div>\n<\/div><\/div><\/div><!-- close content main div --><\/div><\/div><div id='after_section_2'  class='main_color av_default_container_wrap container_wrap fullsize'  ><div class='container av-section-cont-open' ><div class='template-page content  av-content-full alpha units'><div class='post-entry post-entry-type-page post-entry-9712'><div class='entry-content-wrapper clearfix'>\n\n<style type=\"text\/css\" data-created_by=\"avia_inline_auto\" id=\"style-css-av-2ty2z8-53ffc63109758948b61a2d0faa06c332\">\n.flex_column.av-2ty2z8-53ffc63109758948b61a2d0faa06c332{\nborder-radius:0px 0px 0px 0px;\npadding:0px 0px 0px 0px;\n}\n<\/style>\n<div  class='flex_column av-2ty2z8-53ffc63109758948b61a2d0faa06c332 av_one_full  avia-builder-el-9  el_after_av_section  avia-builder-el-no-sibling  first flex_column_div av-zero-column-padding  '     ><section  class='av_textblock_section av-jr945tw0-0bbafdb922ed2fec8505c615d568f2a0 '   itemscope=\"itemscope\" itemtype=\"https:\/\/schema.org\/CreativeWork\" ><div class='avia_textblock'  itemprop=\"text\" ><p class=\"p1\">La Ozonoterapia es un conjunto de t\u00e9cnicas que utilizan el ozono como agente terap\u00e9utico en un gran n\u00famero de dolencias.<\/p>\n<p class=\"p1\">A pesar de que desde el 1960 ya se describe su utilizaci\u00f3n en nuestro pa\u00eds, no es hasta el a\u00f1o 1999 cuando la medicina alop\u00e1tica empieza a hacer uso, ra\u00edz de la evidencia de mejora en determinadas dolencias como la hernia discal y la artrosis de cadera.<\/p>\n<p class=\"p1\">Es un tratamiento natural con pocas contraindicaciones y m\u00ednimos efectos secundarios. Actualmente se utiliza en 24 hospitales p\u00fablicos del pa\u00eds seg\u00fan indica la SEOT (Sociedad Espa\u00f1ola de Ozonoterapia).<\/p>\n<p class=\"p1\">Se trata de una terapia bioxidante, que acelera el metabolismo y estimula la liberaci\u00f3n de los \u00e1tomos de ox\u00edgeno. Cuando se incrementan sus niveles, disminuye el potencial de dolencias, y fluyen grandes cantidades de ox\u00edgeno dentro del organismo.<\/p>\n<p class=\"p1\">Produce efectos antiinflamatorios y analg\u00e9sicos, pero tambi\u00e9n, antif\u00fangicos, antiv\u00edricos y es bactericida, puesto que produce per\u00f3xido, una sustancia que destruye virus, bacterias y hongos.<\/p>\n<p class=\"p1\">Hace que las c\u00e9lulas sanas sean capaces de multiplicarse m\u00e1s r\u00e1pidamente y como resultado se consigue una modulaci\u00f3n del sistema inmunol\u00f3gico.<\/p>\n<p class=\"p1\">Desde el punto de vista cl\u00ednico, la Ozonoterapia no tiene efectos colaterales t\u00f3xicos al asociarse a otros tratamientos. Consiste en un tratamiento complementario a cualquier otra aplicaci\u00f3n m\u00e9dica.<\/p>\n<p class=\"p1\">Se recomienda su uso como terapia preventiva inmunol\u00f3gica.<\/p>\n<p class=\"p1\">Aunque no hay evidencia cient\u00edfica concluyente que tenga efectos positivos en relaci\u00f3n al Covid-19, se han iniciado dos ensayos cl\u00ednicos para valorar su eficacia.<\/p>\n<\/div><\/section><\/div>\n","protected":false},"excerpt":{"rendered":"","protected":false},"author":2,"featured_media":0,"parent":9698,"menu_order":0,"comment_status":"closed","ping_status":"closed","template":"","meta":{"footnotes":""},"class_list":["post-9712","page","type-page","status-publish","hentry"],"yoast_head":"<!-- This site is optimized with the Yoast SEO plugin v27.3 - https:\/\/yoast.com\/product\/yoast-seo-wordpress\/ -->\n<title>Ozonoterapia - Centre M\u00e8dic Creu Groga<\/title>\n<meta name=\"robots\" content=\"index, follow, max-snippet:-1, max-image-preview:large, max-video-preview:-1\" \/>\n<link rel=\"canonical\" href=\"https:\/\/www.creugroga.com\/es\/prevencion-covid-19\/ozonoterapia\/\" \/>\n<meta property=\"og:locale\" content=\"es_ES\" \/>\n<meta property=\"og:type\" content=\"article\" \/>\n<meta property=\"og:title\" content=\"Ozonoterapia - Centre M\u00e8dic Creu Groga\" \/>\n<meta property=\"og:url\" content=\"https:\/\/www.creugroga.com\/es\/prevencion-covid-19\/ozonoterapia\/\" \/>\n<meta property=\"og:site_name\" content=\"Centre M\u00e8dic Creu Groga\" \/>\n<meta property=\"article:publisher\" content=\"https:\/\/www.facebook.com\/creugroga\" \/>\n<meta property=\"article:modified_time\" content=\"2020-04-08T14:56:07+00:00\" \/>\n<meta name=\"twitter:card\" content=\"summary_large_image\" \/>\n<meta name=\"twitter:site\" content=\"@CreuGrogaCM\" \/>\n<meta name=\"twitter:label1\" content=\"Tiempo de lectura\" \/>\n\t<meta name=\"twitter:data1\" content=\"6 minutos\" \/>\n<script type=\"application\/ld+json\" class=\"yoast-schema-graph\">{\"@context\":\"https:\\\/\\\/schema.org\",\"@graph\":[{\"@type\":\"WebPage\",\"@id\":\"https:\\\/\\\/www.creugroga.com\\\/es\\\/prevencion-covid-19\\\/ozonoterapia\\\/\",\"url\":\"https:\\\/\\\/www.creugroga.com\\\/es\\\/prevencion-covid-19\\\/ozonoterapia\\\/\",\"name\":\"Ozonoterapia - Centre M\u00e8dic Creu Groga\",\"isPartOf\":{\"@id\":\"https:\\\/\\\/www.creugroga.com\\\/es\\\/#website\"},\"datePublished\":\"2020-04-08T11:43:21+00:00\",\"dateModified\":\"2020-04-08T14:56:07+00:00\",\"breadcrumb\":{\"@id\":\"https:\\\/\\\/www.creugroga.com\\\/es\\\/prevencion-covid-19\\\/ozonoterapia\\\/#breadcrumb\"},\"inLanguage\":\"es\",\"potentialAction\":[{\"@type\":\"ReadAction\",\"target\":[\"https:\\\/\\\/www.creugroga.com\\\/es\\\/prevencion-covid-19\\\/ozonoterapia\\\/\"]}]},{\"@type\":\"BreadcrumbList\",\"@id\":\"https:\\\/\\\/www.creugroga.com\\\/es\\\/prevencion-covid-19\\\/ozonoterapia\\\/#breadcrumb\",\"itemListElement\":[{\"@type\":\"ListItem\",\"position\":1,\"name\":\"Portada\",\"item\":\"https:\\\/\\\/www.creugroga.com\\\/es\\\/home\\\/\"},{\"@type\":\"ListItem\",\"position\":2,\"name\":\"Prevenci\u00f3n Covid-19\",\"item\":\"https:\\\/\\\/www.creugroga.com\\\/es\\\/prevencion-covid-19\\\/\"},{\"@type\":\"ListItem\",\"position\":3,\"name\":\"Ozonoterapia\"}]},{\"@type\":\"WebSite\",\"@id\":\"https:\\\/\\\/www.creugroga.com\\\/es\\\/#website\",\"url\":\"https:\\\/\\\/www.creugroga.com\\\/es\\\/\",\"name\":\"Centre M\u00e8dic Creu Groga\",\"description\":\"Centre M\u00e8dic Creu Groga\",\"potentialAction\":[{\"@type\":\"SearchAction\",\"target\":{\"@type\":\"EntryPoint\",\"urlTemplate\":\"https:\\\/\\\/www.creugroga.com\\\/es\\\/?s={search_term_string}\"},\"query-input\":{\"@type\":\"PropertyValueSpecification\",\"valueRequired\":true,\"valueName\":\"search_term_string\"}}],\"inLanguage\":\"es\"}]}<\/script>\n<!-- \/ Yoast SEO plugin. -->","yoast_head_json":{"title":"Ozonoterapia - Centre M\u00e8dic Creu Groga","robots":{"index":"index","follow":"follow","max-snippet":"max-snippet:-1","max-image-preview":"max-image-preview:large","max-video-preview":"max-video-preview:-1"},"canonical":"https:\/\/www.creugroga.com\/es\/prevencion-covid-19\/ozonoterapia\/","og_locale":"es_ES","og_type":"article","og_title":"Ozonoterapia - Centre M\u00e8dic Creu Groga","og_url":"https:\/\/www.creugroga.com\/es\/prevencion-covid-19\/ozonoterapia\/","og_site_name":"Centre M\u00e8dic Creu Groga","article_publisher":"https:\/\/www.facebook.com\/creugroga","article_modified_time":"2020-04-08T14:56:07+00:00","twitter_card":"summary_large_image","twitter_site":"@CreuGrogaCM","twitter_misc":{"Tiempo de lectura":"6 minutos"},"schema":{"@context":"https:\/\/schema.org","@graph":[{"@type":"WebPage","@id":"https:\/\/www.creugroga.com\/es\/prevencion-covid-19\/ozonoterapia\/","url":"https:\/\/www.creugroga.com\/es\/prevencion-covid-19\/ozonoterapia\/","name":"Ozonoterapia - Centre M\u00e8dic Creu Groga","isPartOf":{"@id":"https:\/\/www.creugroga.com\/es\/#website"},"datePublished":"2020-04-08T11:43:21+00:00","dateModified":"2020-04-08T14:56:07+00:00","breadcrumb":{"@id":"https:\/\/www.creugroga.com\/es\/prevencion-covid-19\/ozonoterapia\/#breadcrumb"},"inLanguage":"es","potentialAction":[{"@type":"ReadAction","target":["https:\/\/www.creugroga.com\/es\/prevencion-covid-19\/ozonoterapia\/"]}]},{"@type":"BreadcrumbList","@id":"https:\/\/www.creugroga.com\/es\/prevencion-covid-19\/ozonoterapia\/#breadcrumb","itemListElement":[{"@type":"ListItem","position":1,"name":"Portada","item":"https:\/\/www.creugroga.com\/es\/home\/"},{"@type":"ListItem","position":2,"name":"Prevenci\u00f3n Covid-19","item":"https:\/\/www.creugroga.com\/es\/prevencion-covid-19\/"},{"@type":"ListItem","position":3,"name":"Ozonoterapia"}]},{"@type":"WebSite","@id":"https:\/\/www.creugroga.com\/es\/#website","url":"https:\/\/www.creugroga.com\/es\/","name":"Centre M\u00e8dic Creu Groga","description":"Centre M\u00e8dic Creu Groga","potentialAction":[{"@type":"SearchAction","target":{"@type":"EntryPoint","urlTemplate":"https:\/\/www.creugroga.com\/es\/?s={search_term_string}"},"query-input":{"@type":"PropertyValueSpecification","valueRequired":true,"valueName":"search_term_string"}}],"inLanguage":"es"}]}},"_links":{"self":[{"href":"https:\/\/www.creugroga.com\/es\/wp-json\/wp\/v2\/pages\/9712","targetHints":{"allow":["GET"]}}],"collection":[{"href":"https:\/\/www.creugroga.com\/es\/wp-json\/wp\/v2\/pages"}],"about":[{"href":"https:\/\/www.creugroga.com\/es\/wp-json\/wp\/v2\/types\/page"}],"author":[{"embeddable":true,"href":"https:\/\/www.creugroga.com\/es\/wp-json\/wp\/v2\/users\/2"}],"replies":[{"embeddable":true,"href":"https:\/\/www.creugroga.com\/es\/wp-json\/wp\/v2\/comments?post=9712"}],"version-history":[{"count":0,"href":"https:\/\/www.creugroga.com\/es\/wp-json\/wp\/v2\/pages\/9712\/revisions"}],"up":[{"embeddable":true,"href":"https:\/\/www.creugroga.com\/es\/wp-json\/wp\/v2\/pages\/9698"}],"wp:attachment":[{"href":"https:\/\/www.creugroga.com\/es\/wp-json\/wp\/v2\/media?parent=9712"}],"curies":[{"name":"wp","href":"https:\/\/api.w.org\/{rel}","templated":true}]}}