{"id":9781,"date":"2020-04-08T14:23:44","date_gmt":"2020-04-08T14:23:44","guid":{"rendered":"https:\/\/www.creugroga.com\/prevencion-covid-19\/nutricio\/"},"modified":"2020-04-08T14:31:56","modified_gmt":"2020-04-08T14:31:56","slug":"nutricio","status":"publish","type":"page","link":"https:\/\/www.creugroga.com\/es\/prevencion-covid-19\/nutricio\/","title":{"rendered":"Nutrici\u00f3n"},"content":{"rendered":"\n<style type=\"text\/css\" data-created_by=\"avia_inline_auto\" id=\"style-css-av-jrt3ieb6-b46767bf539047966c49c37ad47239af\">\n.avia-section.av-jrt3ieb6-b46767bf539047966c49c37ad47239af{\nbackground-color:#ffffff;\nbackground-image:unset;\n}\n<\/style>\n<div id='av_section_1'  class='avia-section av-jrt3ieb6-b46767bf539047966c49c37ad47239af main_color avia-section-small avia-no-border-styling  avia-builder-el-0  el_before_av_one_full  avia-builder-el-first  av-small-hide av-mini-hide avia-bg-style-scroll container_wrap fullsize'  ><div class='container av-section-cont-open' ><main  role=\"main\" itemprop=\"mainContentOfPage\"  class='template-page content  av-content-full alpha units'><div class='post-entry post-entry-type-page post-entry-9781'><div class='entry-content-wrapper clearfix'>\n\n<style type=\"text\/css\" data-created_by=\"avia_inline_auto\" id=\"style-css-av-30js5s-52b3638707127e509b975425bd460871\">\n.flex_column.av-30js5s-52b3638707127e509b975425bd460871{\nborder-radius:0px 0px 0px 0px;\npadding:0px 0px 0px 0px;\n}\n<\/style>\n<div  class='flex_column av-30js5s-52b3638707127e509b975425bd460871 av_four_fifth  avia-builder-el-1  avia-builder-el-no-sibling  first flex_column_div av-zero-column-padding  '     ><style type=\"text\/css\" data-created_by=\"avia_inline_auto\" id=\"style-css-av-jruf3tmy-bdd732e96f5ac0a3880677c3bb596ce2\">\n#top .av_textblock_section.av-jruf3tmy-bdd732e96f5ac0a3880677c3bb596ce2 .avia_textblock{\ncolor:#01bbaf;\n}\n<\/style>\n<section  class='av_textblock_section av-jruf3tmy-bdd732e96f5ac0a3880677c3bb596ce2 '   itemscope=\"itemscope\" itemtype=\"https:\/\/schema.org\/CreativeWork\" ><div class='avia_textblock av_inherit_color'  itemprop=\"text\" ><h4 style=\"font-weight: 300;\">PLAN PREVENCI\u00d3N COVID-19 \/\u00a0 <strong>NUTRICI\u00d3N<\/strong><\/h4>\n<\/div><\/section><\/div><\/div><\/div><\/main><!-- close content main element --><\/div><\/div><div id='after_section_1'  class='main_color av_default_container_wrap container_wrap fullsize'  ><div class='container av-section-cont-open' ><div class='template-page content  av-content-full alpha units'><div class='post-entry post-entry-type-page post-entry-9781'><div class='entry-content-wrapper clearfix'>\n<style type=\"text\/css\" data-created_by=\"avia_inline_auto\" id=\"style-css-av-2p66pg-14c720f73b5f9b5c1dbd2631203a11e8\">\n.flex_column.av-2p66pg-14c720f73b5f9b5c1dbd2631203a11e8{\nborder-radius:0px 0px 0px 0px;\npadding:0px 0px 0px 0px;\n}\n<\/style>\n<div  class='flex_column av-2p66pg-14c720f73b5f9b5c1dbd2631203a11e8 av_one_full  avia-builder-el-3  el_after_av_section  el_before_av_section  avia-builder-el-no-sibling  first flex_column_div av-zero-column-padding  '     ><p>\n<style type=\"text\/css\" data-created_by=\"avia_inline_auto\" id=\"style-css-av-jr95s83c-ecd2591fc74e401d3ba83b673d77425f\">\n.avia-image-container.av-jr95s83c-ecd2591fc74e401d3ba83b673d77425f img.avia_image{\nbox-shadow:none;\n}\n.avia-image-container.av-jr95s83c-ecd2591fc74e401d3ba83b673d77425f .av-image-caption-overlay-center{\ncolor:#ffffff;\n}\n<\/style>\n<div  class='avia-image-container av-jr95s83c-ecd2591fc74e401d3ba83b673d77425f av-styling- avia-align-center  avia-builder-el-4  el_before_av_image  avia-builder-el-first  av-small-hide av-mini-hide'   itemprop=\"image\" itemscope=\"itemscope\" itemtype=\"https:\/\/schema.org\/ImageObject\" ><div class=\"avia-image-container-inner\"><div class=\"avia-image-overlay-wrap\"><img decoding=\"async\" fetchpriority=\"high\" class='wp-image-9776 avia-img-lazy-loading-not-9776 avia_image ' src=\"https:\/\/www.creugroga.com\/wp-content\/uploads\/2020\/04\/NUTRICIO\u0301_ORDINADOR.png\" alt='' title='NUTRICIO\u0301_ORDINADOR'  height=\"550\" width=\"1500\"  itemprop=\"thumbnailUrl\" srcset=\"https:\/\/www.creugroga.com\/wp-content\/uploads\/2020\/04\/NUTRICIO\u0301_ORDINADOR.png 1500w, https:\/\/www.creugroga.com\/wp-content\/uploads\/2020\/04\/NUTRICIO\u0301_ORDINADOR-300x110.png 300w, https:\/\/www.creugroga.com\/wp-content\/uploads\/2020\/04\/NUTRICIO\u0301_ORDINADOR-1030x378.png 1030w, https:\/\/www.creugroga.com\/wp-content\/uploads\/2020\/04\/NUTRICIO\u0301_ORDINADOR-768x282.png 768w, https:\/\/www.creugroga.com\/wp-content\/uploads\/2020\/04\/NUTRICIO\u0301_ORDINADOR-705x259.png 705w, https:\/\/www.creugroga.com\/wp-content\/uploads\/2020\/04\/NUTRICIO\u0301_ORDINADOR-240x88.png 240w\" sizes=\"(max-width: 1500px) 100vw, 1500px\" \/><\/div><\/div><\/div><br \/>\n\n<style type=\"text\/css\" data-created_by=\"avia_inline_auto\" id=\"style-css-av-jr95s83c-66f342f543ba416e2ed36f52953e7672\">\n.avia-image-container.av-jr95s83c-66f342f543ba416e2ed36f52953e7672 img.avia_image{\nbox-shadow:none;\n}\n.avia-image-container.av-jr95s83c-66f342f543ba416e2ed36f52953e7672 .av-image-caption-overlay-center{\ncolor:#ffffff;\n}\n<\/style>\n<div  class='avia-image-container av-jr95s83c-66f342f543ba416e2ed36f52953e7672 av-styling- avia-align-center  avia-builder-el-5  el_after_av_image  avia-builder-el-last  av-desktop-hide av-medium-hide'   itemprop=\"image\" itemscope=\"itemscope\" itemtype=\"https:\/\/schema.org\/ImageObject\" ><div class=\"avia-image-container-inner\"><div class=\"avia-image-overlay-wrap\"><img decoding=\"async\" fetchpriority=\"high\" class='wp-image-9779 avia-img-lazy-loading-not-9779 avia_image ' src=\"https:\/\/www.creugroga.com\/wp-content\/uploads\/2020\/04\/NUTRICIO\u0301_MBL.png\" alt='' title='NUTRICIO\u0301_MBL'  height=\"600\" width=\"600\"  itemprop=\"thumbnailUrl\" srcset=\"https:\/\/www.creugroga.com\/wp-content\/uploads\/2020\/04\/NUTRICIO\u0301_MBL.png 600w, https:\/\/www.creugroga.com\/wp-content\/uploads\/2020\/04\/NUTRICIO\u0301_MBL-300x300.png 300w, https:\/\/www.creugroga.com\/wp-content\/uploads\/2020\/04\/NUTRICIO\u0301_MBL-80x80.png 80w, https:\/\/www.creugroga.com\/wp-content\/uploads\/2020\/04\/NUTRICIO\u0301_MBL-36x36.png 36w, https:\/\/www.creugroga.com\/wp-content\/uploads\/2020\/04\/NUTRICIO\u0301_MBL-180x180.png 180w, https:\/\/www.creugroga.com\/wp-content\/uploads\/2020\/04\/NUTRICIO\u0301_MBL-32x32.png 32w, https:\/\/www.creugroga.com\/wp-content\/uploads\/2020\/04\/NUTRICIO\u0301_MBL-48x48.png 48w\" sizes=\"(max-width: 600px) 100vw, 600px\" \/><\/div><\/div><\/div><\/p><\/div>\n<\/div><\/div><\/div><!-- close content main div --><\/div><\/div>\n<style type=\"text\/css\" data-created_by=\"avia_inline_auto\" id=\"style-css-av-jrrpgdxu-e622f896ae590f81830e4dce82659f60\">\n.avia-section.av-jrrpgdxu-e622f896ae590f81830e4dce82659f60{\nbackground-color:#01bbaf;\nbackground-image:unset;\n}\n<\/style>\n<div id='av_section_2'  class='avia-section av-jrrpgdxu-e622f896ae590f81830e4dce82659f60 main_color avia-section-default avia-no-border-styling  avia-builder-el-6  el_after_av_one_full  el_before_av_one_full  avia-bg-style-scroll container_wrap fullsize'  ><div class='container av-section-cont-open' ><div class='template-page content  av-content-full alpha units'><div class='post-entry post-entry-type-page post-entry-9781'><div class='entry-content-wrapper clearfix'>\n\n<style type=\"text\/css\" data-created_by=\"avia_inline_auto\" id=\"style-css-av-20qru8-91fcdd156e82a16a95bb855af69e5941\">\n.flex_column.av-20qru8-91fcdd156e82a16a95bb855af69e5941{\nborder-radius:0px 0px 0px 0px;\npadding:0px 0px 0px 0px;\n}\n<\/style>\n<div  class='flex_column av-20qru8-91fcdd156e82a16a95bb855af69e5941 av_one_full  avia-builder-el-7  avia-builder-el-no-sibling  first flex_column_div av-zero-column-padding  '     ><style type=\"text\/css\" data-created_by=\"avia_inline_auto\" id=\"style-css-av-jrrz78hm-74c39862ba4b1da597f07c0d54ee7bab\">\n#top .av_textblock_section.av-jrrz78hm-74c39862ba4b1da597f07c0d54ee7bab .avia_textblock{\nfont-size:18px;\ncolor:#ffffff;\n}\n<\/style>\n<section  class='av_textblock_section av-jrrz78hm-74c39862ba4b1da597f07c0d54ee7bab '   itemscope=\"itemscope\" itemtype=\"https:\/\/schema.org\/CreativeWork\" ><div class='avia_textblock av_inherit_color'  itemprop=\"text\" ><h2 style=\"text-align: center;\"><strong>Para mejorar nuestras defensas<\/strong><\/h2>\n<\/div><\/section><\/div><\/div><\/div><\/div><!-- close content main div --><\/div><\/div><div id='after_section_2'  class='main_color av_default_container_wrap container_wrap fullsize'  ><div class='container av-section-cont-open' ><div class='template-page content  av-content-full alpha units'><div class='post-entry post-entry-type-page post-entry-9781'><div class='entry-content-wrapper clearfix'>\n<style type=\"text\/css\" data-created_by=\"avia_inline_auto\" id=\"style-css-av-2ty2z8-53ffc63109758948b61a2d0faa06c332\">\n.flex_column.av-2ty2z8-53ffc63109758948b61a2d0faa06c332{\nborder-radius:0px 0px 0px 0px;\npadding:0px 0px 0px 0px;\n}\n<\/style>\n<div  class='flex_column av-2ty2z8-53ffc63109758948b61a2d0faa06c332 av_one_full  avia-builder-el-9  el_after_av_section  avia-builder-el-no-sibling  first flex_column_div av-zero-column-padding  '     ><section  class='av_textblock_section av-jr945tw0-0bbafdb922ed2fec8505c615d568f2a0 '   itemscope=\"itemscope\" itemtype=\"https:\/\/schema.org\/CreativeWork\" ><div class='avia_textblock'  itemprop=\"text\" ><p class=\"p1\">La nutrici\u00f3n juega un papel importante en el funcionamiento del sistema inmunol\u00f3gico. Los alimentos ricos en omega-3, selenio, zinc, probi\u00f3ticos, vitaminas A, C y E son los m\u00e1s indicados para estimular nuestro sistema inmune, puesto que favorecen la producci\u00f3n de las c\u00e9lulas de defensa del organismo de forma m\u00e1s eficiente.<\/p>\n<p class=\"p1\">Algunos ejemplos son:<\/p>\n<\/div><\/section><br \/>\n\n<style type=\"text\/css\" data-created_by=\"avia_inline_auto\" id=\"style-css-av-k8rf7jig-322e87d0c9e748cff4c63d91f7b6453b\">\n#top .avia-icon-list-container.av-k8rf7jig-322e87d0c9e748cff4c63d91f7b6453b .iconlist_icon{\nbackground-color:#d60470;\n}\n#top #wrap_all .avia-icon-list-container.av-k8rf7jig-322e87d0c9e748cff4c63d91f7b6453b .av_iconlist_title{\ncolor:#51d1c4;\n}\n<\/style>\n<div  class='avia-icon-list-container av-k8rf7jig-322e87d0c9e748cff4c63d91f7b6453b  avia-builder-el-11  el_after_av_textblock  el_before_av_textblock '><ul class='avia-icon-list avia_animate_when_almost_visible avia-icon-list-left av-iconlist-big av-k8rf7jig-322e87d0c9e748cff4c63d91f7b6453b avia-iconlist-animate'>\n<li><div class='iconlist_icon av-av_iconlist_item-939c2eddf1e6c144cdcb236af00138cd avia-font-entypo-fontello avia-iconfont avia-font-entypo-fontello'><span class='av-icon-char' data-av_icon='\ue807' data-av_iconfont='entypo-fontello' aria-hidden=\"true\"><\/span><\/div><article class=\"article-icon-entry av-iconlist-empty\"  itemscope=\"itemscope\" itemtype=\"https:\/\/schema.org\/CreativeWork\" ><div class=\"iconlist_content_wrap\"><header class=\"entry-content-header\" aria-label=\"Icon: Omega-3: sardina, salm\u00f3n, arengada, at\u00fan, nueces y linaza\"><h4 class='av_iconlist_title iconlist_title  av_inherit_color'  itemprop=\"headline\" >Omega-3: sardina, salm\u00f3n, arengada, at\u00fan, nueces y linaza<\/h4><\/header><div class='iconlist_content '  itemprop=\"text\" ><\/div><\/div><footer class=\"entry-footer\"><\/footer><\/article><div class=\"iconlist-timeline\"><\/div><\/li>\n<li><div class='iconlist_icon av-av_iconlist_item-12e0f7ae9694a8001a47f3eceed35d21 avia-font-entypo-fontello avia-iconfont avia-font-entypo-fontello'><span class='av-icon-char' data-av_icon='\ue807' data-av_iconfont='entypo-fontello' aria-hidden=\"true\"><\/span><\/div><article class=\"article-icon-entry av-iconlist-empty\"  itemscope=\"itemscope\" itemtype=\"https:\/\/schema.org\/CreativeWork\" ><div class=\"iconlist_content_wrap\"><header class=\"entry-content-header\" aria-label=\"Icon: Selenio: nueces de Brasil, trigo, arroz, yema de huevo, pipas de girasol, pollo, queso, col, harina de trigo\"><h4 class='av_iconlist_title iconlist_title  av_inherit_color'  itemprop=\"headline\" >Selenio: nueces de Brasil, trigo, arroz, yema de huevo, pipas de girasol, pollo, queso, col, harina de trigo<\/h4><\/header><div class='iconlist_content '  itemprop=\"text\" ><\/div><\/div><footer class=\"entry-footer\"><\/footer><\/article><div class=\"iconlist-timeline\"><\/div><\/li>\n<li><div class='iconlist_icon av-av_iconlist_item-450f1e37630f169d53aad8e47a2a1d9e avia-font-entypo-fontello avia-iconfont avia-font-entypo-fontello'><span class='av-icon-char' data-av_icon='\ue807' data-av_iconfont='entypo-fontello' aria-hidden=\"true\"><\/span><\/div><article class=\"article-icon-entry av-iconlist-empty\"  itemscope=\"itemscope\" itemtype=\"https:\/\/schema.org\/CreativeWork\" ><div class=\"iconlist_content_wrap\"><header class=\"entry-content-header\" aria-label=\"Icon: Zinc: ostras, camar\u00f3n, carne de vaca, pollo, pavo, h\u00edgado, germen de trigo, grandes integrales, pipas de calabaza, frutos secos (cacahuetes, almendras, nueces de Brasil)\"><h4 class='av_iconlist_title iconlist_title  av_inherit_color'  itemprop=\"headline\" >Zinc: ostras, camar\u00f3n, carne de vaca, pollo, pavo, h\u00edgado, germen de trigo, grandes integrales, pipas de calabaza, frutos secos (cacahuetes, almendras, nueces de Brasil)<\/h4><\/header><div class='iconlist_content '  itemprop=\"text\" ><\/div><\/div><footer class=\"entry-footer\"><\/footer><\/article><div class=\"iconlist-timeline\"><\/div><\/li>\n<li><div class='iconlist_icon av-av_iconlist_item-21742371d2fb381dc4607386932edd2d avia-font-entypo-fontello avia-iconfont avia-font-entypo-fontello'><span class='av-icon-char' data-av_icon='\ue807' data-av_iconfont='entypo-fontello' aria-hidden=\"true\"><\/span><\/div><article class=\"article-icon-entry av-iconlist-empty\"  itemscope=\"itemscope\" itemtype=\"https:\/\/schema.org\/CreativeWork\" ><div class=\"iconlist_content_wrap\"><header class=\"entry-content-header\" aria-label=\"Icon: Vitamina C: naranja, mandarina, pi\u00f1a, lim\u00f3n, fresas, papaya, mel\u00f3n, mango, kiwi, br\u00e9col, tomate, sand\u00eda, col, papa con caparaz\u00f3n\"><h4 class='av_iconlist_title iconlist_title  av_inherit_color'  itemprop=\"headline\" >Vitamina C: naranja, mandarina, pi\u00f1a, lim\u00f3n, fresas, papaya, mel\u00f3n, mango, kiwi, br\u00e9col, tomate, sand\u00eda, col, papa con caparaz\u00f3n<\/h4><\/header><div class='iconlist_content '  itemprop=\"text\" ><\/div><\/div><footer class=\"entry-footer\"><\/footer><\/article><div class=\"iconlist-timeline\"><\/div><\/li>\n<li><div class='iconlist_icon av-av_iconlist_item-81a21eb0b18370fe8c87816817515231 avia-font-entypo-fontello avia-iconfont avia-font-entypo-fontello'><span class='av-icon-char' data-av_icon='\ue807' data-av_iconfont='entypo-fontello' aria-hidden=\"true\"><\/span><\/div><article class=\"article-icon-entry av-iconlist-empty\"  itemscope=\"itemscope\" itemtype=\"https:\/\/schema.org\/CreativeWork\" ><div class=\"iconlist_content_wrap\"><header class=\"entry-content-header\" aria-label=\"Icon: Vitamina E: pipas de girasol, avellanas, cacahuetes, almendras, pistachos, mango, aceite de oliva, pasta de tomate, aceite de girasol, nueces, papaya\"><h4 class='av_iconlist_title iconlist_title  av_inherit_color'  itemprop=\"headline\" >Vitamina E: pipas de girasol, avellanas, cacahuetes, almendras, pistachos, mango, aceite de oliva, pasta de tomate, aceite de girasol, nueces, papaya<\/h4><\/header><div class='iconlist_content '  itemprop=\"text\" ><\/div><\/div><footer class=\"entry-footer\"><\/footer><\/article><div class=\"iconlist-timeline\"><\/div><\/li>\n<li><div class='iconlist_icon av-av_iconlist_item-d0a65e06d51350f3da21d18f54734f83 avia-font-entypo-fontello avia-iconfont avia-font-entypo-fontello'><span class='av-icon-char' data-av_icon='\ue807' data-av_iconfont='entypo-fontello' aria-hidden=\"true\"><\/span><\/div><article class=\"article-icon-entry av-iconlist-empty\"  itemscope=\"itemscope\" itemtype=\"https:\/\/schema.org\/CreativeWork\" ><div class=\"iconlist_content_wrap\"><header class=\"entry-content-header\" aria-label=\"Icon: Vitamina A: zanahoria, boniato o batata, mango, espinacas, mel\u00f3n, remolacha, acelga, pimienta roja, br\u00e9col, lechuga, huevo\"><h4 class='av_iconlist_title iconlist_title  av_inherit_color'  itemprop=\"headline\" >Vitamina A: zanahoria, boniato o batata, mango, espinacas, mel\u00f3n, remolacha, acelga, pimienta roja, br\u00e9col, lechuga, huevo<\/h4><\/header><div class='iconlist_content '  itemprop=\"text\" ><\/div><\/div><footer class=\"entry-footer\"><\/footer><\/article><div class=\"iconlist-timeline\"><\/div><\/li>\n<li><div class='iconlist_icon av-av_iconlist_item-4e0fb929c3be61a85d56bcbb2ccd0078 avia-font-entypo-fontello avia-iconfont avia-font-entypo-fontello'><span class='av-icon-char' data-av_icon='\ue807' data-av_iconfont='entypo-fontello' aria-hidden=\"true\"><\/span><\/div><article class=\"article-icon-entry av-iconlist-empty\"  itemscope=\"itemscope\" itemtype=\"https:\/\/schema.org\/CreativeWork\" ><div class=\"iconlist_content_wrap\"><header class=\"entry-content-header\" aria-label=\"Icon: Probi\u00f3ticos: yogur natural y refuerzos en Probi\u00f3ticos para mantener la salud intestinal\"><h4 class='av_iconlist_title iconlist_title  av_inherit_color'  itemprop=\"headline\" >Probi\u00f3ticos: yogur natural y refuerzos en Probi\u00f3ticos para mantener la salud intestinal<\/h4><\/header><div class='iconlist_content '  itemprop=\"text\" ><\/div><\/div><footer class=\"entry-footer\"><\/footer><\/article><div class=\"iconlist-timeline\"><\/div><\/li>\n<\/ul><\/div><br \/>\n<section  class='av_textblock_section av-jr945tw0-0bbafdb922ed2fec8505c615d568f2a0 '   itemscope=\"itemscope\" itemtype=\"https:\/\/schema.org\/CreativeWork\" ><div class='avia_textblock'  itemprop=\"text\" ><p class=\"p1\">Para fortalecer el sistema inmunol\u00f3gico se tiene que consumir estos tipos de alimentos diariamente y regularmente, no solo cuando ya est\u00e1 enfermo.<\/p>\n<\/div><\/section><\/p><\/div>\n","protected":false},"excerpt":{"rendered":"","protected":false},"author":2,"featured_media":0,"parent":9698,"menu_order":0,"comment_status":"closed","ping_status":"closed","template":"","meta":{"footnotes":""},"class_list":["post-9781","page","type-page","status-publish","hentry"],"yoast_head":"<!-- This site is optimized with the Yoast SEO plugin v27.4 - https:\/\/yoast.com\/product\/yoast-seo-wordpress\/ -->\n<title>Nutrici\u00f3n - Centre M\u00e8dic Creu Groga<\/title>\n<meta name=\"robots\" content=\"index, follow, max-snippet:-1, max-image-preview:large, max-video-preview:-1\" \/>\n<link rel=\"canonical\" href=\"https:\/\/www.creugroga.com\/es\/prevencion-covid-19\/nutricio\/\" \/>\n<meta property=\"og:locale\" content=\"es_ES\" \/>\n<meta property=\"og:type\" content=\"article\" \/>\n<meta property=\"og:title\" content=\"Nutrici\u00f3n - Centre M\u00e8dic Creu Groga\" \/>\n<meta property=\"og:url\" content=\"https:\/\/www.creugroga.com\/es\/prevencion-covid-19\/nutricio\/\" \/>\n<meta property=\"og:site_name\" content=\"Centre M\u00e8dic Creu Groga\" \/>\n<meta property=\"article:publisher\" content=\"https:\/\/www.facebook.com\/creugroga\" \/>\n<meta property=\"article:modified_time\" content=\"2020-04-08T14:31:56+00:00\" \/>\n<meta name=\"twitter:card\" content=\"summary_large_image\" \/>\n<meta name=\"twitter:site\" content=\"@CreuGrogaCM\" \/>\n<meta name=\"twitter:label1\" content=\"Tiempo de lectura\" \/>\n\t<meta name=\"twitter:data1\" content=\"7 minutos\" \/>\n<script type=\"application\/ld+json\" class=\"yoast-schema-graph\">{\"@context\":\"https:\\\/\\\/schema.org\",\"@graph\":[{\"@type\":\"WebPage\",\"@id\":\"https:\\\/\\\/www.creugroga.com\\\/es\\\/prevencion-covid-19\\\/nutricio\\\/\",\"url\":\"https:\\\/\\\/www.creugroga.com\\\/es\\\/prevencion-covid-19\\\/nutricio\\\/\",\"name\":\"Nutrici\u00f3n - Centre M\u00e8dic Creu Groga\",\"isPartOf\":{\"@id\":\"https:\\\/\\\/www.creugroga.com\\\/es\\\/#website\"},\"datePublished\":\"2020-04-08T14:23:44+00:00\",\"dateModified\":\"2020-04-08T14:31:56+00:00\",\"breadcrumb\":{\"@id\":\"https:\\\/\\\/www.creugroga.com\\\/es\\\/prevencion-covid-19\\\/nutricio\\\/#breadcrumb\"},\"inLanguage\":\"es\",\"potentialAction\":[{\"@type\":\"ReadAction\",\"target\":[\"https:\\\/\\\/www.creugroga.com\\\/es\\\/prevencion-covid-19\\\/nutricio\\\/\"]}]},{\"@type\":\"BreadcrumbList\",\"@id\":\"https:\\\/\\\/www.creugroga.com\\\/es\\\/prevencion-covid-19\\\/nutricio\\\/#breadcrumb\",\"itemListElement\":[{\"@type\":\"ListItem\",\"position\":1,\"name\":\"Portada\",\"item\":\"https:\\\/\\\/www.creugroga.com\\\/es\\\/home\\\/\"},{\"@type\":\"ListItem\",\"position\":2,\"name\":\"Prevenci\u00f3n Covid-19\",\"item\":\"https:\\\/\\\/www.creugroga.com\\\/es\\\/prevencion-covid-19\\\/\"},{\"@type\":\"ListItem\",\"position\":3,\"name\":\"Nutrici\u00f3n\"}]},{\"@type\":\"WebSite\",\"@id\":\"https:\\\/\\\/www.creugroga.com\\\/es\\\/#website\",\"url\":\"https:\\\/\\\/www.creugroga.com\\\/es\\\/\",\"name\":\"Centre M\u00e8dic Creu Groga\",\"description\":\"Centre M\u00e8dic Creu Groga\",\"potentialAction\":[{\"@type\":\"SearchAction\",\"target\":{\"@type\":\"EntryPoint\",\"urlTemplate\":\"https:\\\/\\\/www.creugroga.com\\\/es\\\/?s={search_term_string}\"},\"query-input\":{\"@type\":\"PropertyValueSpecification\",\"valueRequired\":true,\"valueName\":\"search_term_string\"}}],\"inLanguage\":\"es\"}]}<\/script>\n<!-- \/ Yoast SEO plugin. -->","yoast_head_json":{"title":"Nutrici\u00f3n - Centre M\u00e8dic Creu Groga","robots":{"index":"index","follow":"follow","max-snippet":"max-snippet:-1","max-image-preview":"max-image-preview:large","max-video-preview":"max-video-preview:-1"},"canonical":"https:\/\/www.creugroga.com\/es\/prevencion-covid-19\/nutricio\/","og_locale":"es_ES","og_type":"article","og_title":"Nutrici\u00f3n - Centre M\u00e8dic Creu Groga","og_url":"https:\/\/www.creugroga.com\/es\/prevencion-covid-19\/nutricio\/","og_site_name":"Centre M\u00e8dic Creu Groga","article_publisher":"https:\/\/www.facebook.com\/creugroga","article_modified_time":"2020-04-08T14:31:56+00:00","twitter_card":"summary_large_image","twitter_site":"@CreuGrogaCM","twitter_misc":{"Tiempo de lectura":"7 minutos"},"schema":{"@context":"https:\/\/schema.org","@graph":[{"@type":"WebPage","@id":"https:\/\/www.creugroga.com\/es\/prevencion-covid-19\/nutricio\/","url":"https:\/\/www.creugroga.com\/es\/prevencion-covid-19\/nutricio\/","name":"Nutrici\u00f3n - Centre M\u00e8dic Creu Groga","isPartOf":{"@id":"https:\/\/www.creugroga.com\/es\/#website"},"datePublished":"2020-04-08T14:23:44+00:00","dateModified":"2020-04-08T14:31:56+00:00","breadcrumb":{"@id":"https:\/\/www.creugroga.com\/es\/prevencion-covid-19\/nutricio\/#breadcrumb"},"inLanguage":"es","potentialAction":[{"@type":"ReadAction","target":["https:\/\/www.creugroga.com\/es\/prevencion-covid-19\/nutricio\/"]}]},{"@type":"BreadcrumbList","@id":"https:\/\/www.creugroga.com\/es\/prevencion-covid-19\/nutricio\/#breadcrumb","itemListElement":[{"@type":"ListItem","position":1,"name":"Portada","item":"https:\/\/www.creugroga.com\/es\/home\/"},{"@type":"ListItem","position":2,"name":"Prevenci\u00f3n Covid-19","item":"https:\/\/www.creugroga.com\/es\/prevencion-covid-19\/"},{"@type":"ListItem","position":3,"name":"Nutrici\u00f3n"}]},{"@type":"WebSite","@id":"https:\/\/www.creugroga.com\/es\/#website","url":"https:\/\/www.creugroga.com\/es\/","name":"Centre M\u00e8dic Creu Groga","description":"Centre M\u00e8dic Creu Groga","potentialAction":[{"@type":"SearchAction","target":{"@type":"EntryPoint","urlTemplate":"https:\/\/www.creugroga.com\/es\/?s={search_term_string}"},"query-input":{"@type":"PropertyValueSpecification","valueRequired":true,"valueName":"search_term_string"}}],"inLanguage":"es"}]}},"_links":{"self":[{"href":"https:\/\/www.creugroga.com\/es\/wp-json\/wp\/v2\/pages\/9781","targetHints":{"allow":["GET"]}}],"collection":[{"href":"https:\/\/www.creugroga.com\/es\/wp-json\/wp\/v2\/pages"}],"about":[{"href":"https:\/\/www.creugroga.com\/es\/wp-json\/wp\/v2\/types\/page"}],"author":[{"embeddable":true,"href":"https:\/\/www.creugroga.com\/es\/wp-json\/wp\/v2\/users\/2"}],"replies":[{"embeddable":true,"href":"https:\/\/www.creugroga.com\/es\/wp-json\/wp\/v2\/comments?post=9781"}],"version-history":[{"count":0,"href":"https:\/\/www.creugroga.com\/es\/wp-json\/wp\/v2\/pages\/9781\/revisions"}],"up":[{"embeddable":true,"href":"https:\/\/www.creugroga.com\/es\/wp-json\/wp\/v2\/pages\/9698"}],"wp:attachment":[{"href":"https:\/\/www.creugroga.com\/es\/wp-json\/wp\/v2\/media?parent=9781"}],"curies":[{"name":"wp","href":"https:\/\/api.w.org\/{rel}","templated":true}]}}