{"id":9796,"date":"2020-04-08T14:42:16","date_gmt":"2020-04-08T14:42:16","guid":{"rendered":"https:\/\/www.creugroga.com\/?page_id=9796"},"modified":"2020-04-08T14:50:53","modified_gmt":"2020-04-08T14:50:53","slug":"habitos-saludables","status":"publish","type":"page","link":"https:\/\/www.creugroga.com\/es\/prevencion-covid-19\/habitos-saludables\/","title":{"rendered":"H\u00e1bitos saludables"},"content":{"rendered":"\n<style type=\"text\/css\" data-created_by=\"avia_inline_auto\" id=\"style-css-av-jrt3ieb6-b46767bf539047966c49c37ad47239af\">\n.avia-section.av-jrt3ieb6-b46767bf539047966c49c37ad47239af{\nbackground-color:#ffffff;\nbackground-image:unset;\n}\n<\/style>\n<div id='av_section_1'  class='avia-section av-jrt3ieb6-b46767bf539047966c49c37ad47239af main_color avia-section-small avia-no-border-styling  avia-builder-el-0  el_before_av_one_full  avia-builder-el-first  av-small-hide av-mini-hide avia-bg-style-scroll container_wrap fullsize'  ><div class='container av-section-cont-open' ><main  role=\"main\" itemprop=\"mainContentOfPage\"  class='template-page content  av-content-full alpha units'><div class='post-entry post-entry-type-page post-entry-9796'><div class='entry-content-wrapper clearfix'>\n\n<style type=\"text\/css\" data-created_by=\"avia_inline_auto\" id=\"style-css-av-30js5s-52b3638707127e509b975425bd460871\">\n.flex_column.av-30js5s-52b3638707127e509b975425bd460871{\nborder-radius:0px 0px 0px 0px;\npadding:0px 0px 0px 0px;\n}\n<\/style>\n<div  class='flex_column av-30js5s-52b3638707127e509b975425bd460871 av_four_fifth  avia-builder-el-1  avia-builder-el-no-sibling  first flex_column_div av-zero-column-padding  '     ><style type=\"text\/css\" data-created_by=\"avia_inline_auto\" id=\"style-css-av-jruf3tmy-bdd732e96f5ac0a3880677c3bb596ce2\">\n#top .av_textblock_section.av-jruf3tmy-bdd732e96f5ac0a3880677c3bb596ce2 .avia_textblock{\ncolor:#01bbaf;\n}\n<\/style>\n<section  class='av_textblock_section av-jruf3tmy-bdd732e96f5ac0a3880677c3bb596ce2 '   itemscope=\"itemscope\" itemtype=\"https:\/\/schema.org\/CreativeWork\" ><div class='avia_textblock av_inherit_color'  itemprop=\"text\" ><h4 style=\"font-weight: 300;\">PLAN PREVENCI\u00d3N COVID-19 \/\u00a0 <strong>H\u00c1BITOS SALUDABLES<\/strong><\/h4>\n<\/div><\/section><\/div><\/div><\/div><\/main><!-- close content main element --><\/div><\/div><div id='after_section_1'  class='main_color av_default_container_wrap container_wrap fullsize'  ><div class='container av-section-cont-open' ><div class='template-page content  av-content-full alpha units'><div class='post-entry post-entry-type-page post-entry-9796'><div class='entry-content-wrapper clearfix'>\n<style type=\"text\/css\" data-created_by=\"avia_inline_auto\" id=\"style-css-av-2p66pg-14c720f73b5f9b5c1dbd2631203a11e8\">\n.flex_column.av-2p66pg-14c720f73b5f9b5c1dbd2631203a11e8{\nborder-radius:0px 0px 0px 0px;\npadding:0px 0px 0px 0px;\n}\n<\/style>\n<div  class='flex_column av-2p66pg-14c720f73b5f9b5c1dbd2631203a11e8 av_one_full  avia-builder-el-3  el_after_av_section  el_before_av_section  avia-builder-el-no-sibling  first flex_column_div av-zero-column-padding  '     ><p>\n<style type=\"text\/css\" data-created_by=\"avia_inline_auto\" id=\"style-css-av-jr95s83c-760badcee4e4c3d90c5e66b0f5339782\">\n.avia-image-container.av-jr95s83c-760badcee4e4c3d90c5e66b0f5339782 img.avia_image{\nbox-shadow:none;\n}\n.avia-image-container.av-jr95s83c-760badcee4e4c3d90c5e66b0f5339782 .av-image-caption-overlay-center{\ncolor:#ffffff;\n}\n<\/style>\n<div  class='avia-image-container av-jr95s83c-760badcee4e4c3d90c5e66b0f5339782 av-styling- avia-align-center  avia-builder-el-4  el_before_av_image  avia-builder-el-first  av-small-hide av-mini-hide'   itemprop=\"image\" itemscope=\"itemscope\" itemtype=\"https:\/\/schema.org\/ImageObject\" ><div class=\"avia-image-container-inner\"><div class=\"avia-image-overlay-wrap\"><img decoding=\"async\" fetchpriority=\"high\" class='wp-image-9800 avia-img-lazy-loading-not-9800 avia_image ' src=\"https:\/\/www.creugroga.com\/wp-content\/uploads\/2020\/04\/HABITS-ORD.png\" alt='' title='HABITS-ORD'  height=\"550\" width=\"1500\"  itemprop=\"thumbnailUrl\" srcset=\"https:\/\/www.creugroga.com\/wp-content\/uploads\/2020\/04\/HABITS-ORD.png 1500w, https:\/\/www.creugroga.com\/wp-content\/uploads\/2020\/04\/HABITS-ORD-300x110.png 300w, https:\/\/www.creugroga.com\/wp-content\/uploads\/2020\/04\/HABITS-ORD-1030x378.png 1030w, https:\/\/www.creugroga.com\/wp-content\/uploads\/2020\/04\/HABITS-ORD-768x282.png 768w, https:\/\/www.creugroga.com\/wp-content\/uploads\/2020\/04\/HABITS-ORD-705x259.png 705w, https:\/\/www.creugroga.com\/wp-content\/uploads\/2020\/04\/HABITS-ORD-240x88.png 240w\" sizes=\"(max-width: 1500px) 100vw, 1500px\" \/><\/div><\/div><\/div><br \/>\n\n<style type=\"text\/css\" data-created_by=\"avia_inline_auto\" id=\"style-css-av-jr95s83c-97d0f763b2a8e83b67f550b04891e8b0\">\n.avia-image-container.av-jr95s83c-97d0f763b2a8e83b67f550b04891e8b0 img.avia_image{\nbox-shadow:none;\n}\n.avia-image-container.av-jr95s83c-97d0f763b2a8e83b67f550b04891e8b0 .av-image-caption-overlay-center{\ncolor:#ffffff;\n}\n<\/style>\n<div  class='avia-image-container av-jr95s83c-97d0f763b2a8e83b67f550b04891e8b0 av-styling- avia-align-center  avia-builder-el-5  el_after_av_image  avia-builder-el-last  av-desktop-hide av-medium-hide'   itemprop=\"image\" itemscope=\"itemscope\" itemtype=\"https:\/\/schema.org\/ImageObject\" ><div class=\"avia-image-container-inner\"><div class=\"avia-image-overlay-wrap\"><img decoding=\"async\" fetchpriority=\"high\" class='wp-image-9803 avia-img-lazy-loading-not-9803 avia_image ' src=\"https:\/\/www.creugroga.com\/wp-content\/uploads\/2020\/04\/HA\u0300BITS_MBL.png\" alt='' title='HA\u0300BITS_MBL'  height=\"600\" width=\"600\"  itemprop=\"thumbnailUrl\" srcset=\"https:\/\/www.creugroga.com\/wp-content\/uploads\/2020\/04\/HA\u0300BITS_MBL.png 600w, https:\/\/www.creugroga.com\/wp-content\/uploads\/2020\/04\/HA\u0300BITS_MBL-300x300.png 300w, https:\/\/www.creugroga.com\/wp-content\/uploads\/2020\/04\/HA\u0300BITS_MBL-80x80.png 80w, https:\/\/www.creugroga.com\/wp-content\/uploads\/2020\/04\/HA\u0300BITS_MBL-36x36.png 36w, https:\/\/www.creugroga.com\/wp-content\/uploads\/2020\/04\/HA\u0300BITS_MBL-180x180.png 180w, https:\/\/www.creugroga.com\/wp-content\/uploads\/2020\/04\/HA\u0300BITS_MBL-32x32.png 32w, https:\/\/www.creugroga.com\/wp-content\/uploads\/2020\/04\/HA\u0300BITS_MBL-48x48.png 48w\" sizes=\"(max-width: 600px) 100vw, 600px\" \/><\/div><\/div><\/div><\/p><\/div><\/div><\/div><\/div><!-- close content main div --><\/div><\/div>\n<style type=\"text\/css\" data-created_by=\"avia_inline_auto\" id=\"style-css-av-jrrpgdxu-e622f896ae590f81830e4dce82659f60\">\n.avia-section.av-jrrpgdxu-e622f896ae590f81830e4dce82659f60{\nbackground-color:#01bbaf;\nbackground-image:unset;\n}\n<\/style>\n<div id='av_section_2'  class='avia-section av-jrrpgdxu-e622f896ae590f81830e4dce82659f60 main_color avia-section-default avia-no-border-styling  avia-builder-el-6  el_after_av_one_full  el_before_av_one_full  avia-bg-style-scroll container_wrap fullsize'  ><div class='container av-section-cont-open' ><div class='template-page content  av-content-full alpha units'><div class='post-entry post-entry-type-page post-entry-9796'><div class='entry-content-wrapper clearfix'>\n\n<style type=\"text\/css\" data-created_by=\"avia_inline_auto\" id=\"style-css-av-20qru8-91fcdd156e82a16a95bb855af69e5941\">\n.flex_column.av-20qru8-91fcdd156e82a16a95bb855af69e5941{\nborder-radius:0px 0px 0px 0px;\npadding:0px 0px 0px 0px;\n}\n<\/style>\n<div  class='flex_column av-20qru8-91fcdd156e82a16a95bb855af69e5941 av_one_full  avia-builder-el-7  avia-builder-el-no-sibling  first flex_column_div av-zero-column-padding  '     ><style type=\"text\/css\" data-created_by=\"avia_inline_auto\" id=\"style-css-av-jrrz78hm-74c39862ba4b1da597f07c0d54ee7bab\">\n#top .av_textblock_section.av-jrrz78hm-74c39862ba4b1da597f07c0d54ee7bab .avia_textblock{\nfont-size:18px;\ncolor:#ffffff;\n}\n<\/style>\n<section  class='av_textblock_section av-jrrz78hm-74c39862ba4b1da597f07c0d54ee7bab '   itemscope=\"itemscope\" itemtype=\"https:\/\/schema.org\/CreativeWork\" ><div class='avia_textblock av_inherit_color'  itemprop=\"text\" ><h2 style=\"text-align: center;\"><strong>La Salud en tus manos<\/strong><\/h2>\n<\/div><\/section><\/div><\/div><\/div><\/div><!-- close content main div --><\/div><\/div><div id='after_section_2'  class='main_color av_default_container_wrap container_wrap fullsize'  ><div class='container av-section-cont-open' ><div class='template-page content  av-content-full alpha units'><div class='post-entry post-entry-type-page post-entry-9796'><div class='entry-content-wrapper clearfix'>\n<style type=\"text\/css\" data-created_by=\"avia_inline_auto\" id=\"style-css-av-2ty2z8-53ffc63109758948b61a2d0faa06c332\">\n.flex_column.av-2ty2z8-53ffc63109758948b61a2d0faa06c332{\nborder-radius:0px 0px 0px 0px;\npadding:0px 0px 0px 0px;\n}\n<\/style>\n<div  class='flex_column av-2ty2z8-53ffc63109758948b61a2d0faa06c332 av_one_full  avia-builder-el-9  el_after_av_section  avia-builder-el-no-sibling  first flex_column_div av-zero-column-padding  '     ><style type=\"text\/css\" data-created_by=\"avia_inline_auto\" id=\"style-css-av-k8rfx1fk-989fb5f0dfa8da8302e4120c4fe6ccb9\">\n#top .avia-icon-list-container.av-k8rfx1fk-989fb5f0dfa8da8302e4120c4fe6ccb9 .iconlist_icon{\nbackground-color:#d60470;\n}\n#top #wrap_all .avia-icon-list-container.av-k8rfx1fk-989fb5f0dfa8da8302e4120c4fe6ccb9 .av_iconlist_title{\ncolor:#51d1c4;\n}\n<\/style>\n<div  class='avia-icon-list-container av-k8rfx1fk-989fb5f0dfa8da8302e4120c4fe6ccb9  avia-builder-el-10  avia-builder-el-no-sibling '><ul class='avia-icon-list avia_animate_when_almost_visible avia-icon-list-left av-iconlist-big av-k8rfx1fk-989fb5f0dfa8da8302e4120c4fe6ccb9 avia-iconlist-animate'>\n<li><div class='iconlist_icon av-av_iconlist_item-9961f744917c6bd25711a52b2bd231f3 avia-font-entypo-fontello avia-iconfont avia-font-entypo-fontello'><span class='av-icon-char' data-av_icon='\ue807' data-av_iconfont='entypo-fontello' aria-hidden=\"true\"><\/span><\/div><article class=\"article-icon-entry av-iconlist-empty\"  itemscope=\"itemscope\" itemtype=\"https:\/\/schema.org\/CreativeWork\" ><div class=\"iconlist_content_wrap\"><header class=\"entry-content-header\" aria-label=\"Icon: Adoptar buenos h\u00e1bitos de salud, realizando actividad f\u00edsica y durmiendo adecuadamente\"><h4 class='av_iconlist_title iconlist_title  av_inherit_color'  itemprop=\"headline\" >Adoptar buenos h\u00e1bitos de salud, realizando actividad f\u00edsica y durmiendo adecuadamente<\/h4><\/header><div class='iconlist_content '  itemprop=\"text\" ><\/div><\/div><footer class=\"entry-footer\"><\/footer><\/article><div class=\"iconlist-timeline\"><\/div><\/li>\n<li><div class='iconlist_icon av-av_iconlist_item-cf4145ab44e912ea6ce7dfac88ac1126 avia-font-entypo-fontello avia-iconfont avia-font-entypo-fontello'><span class='av-icon-char' data-av_icon='\ue807' data-av_iconfont='entypo-fontello' aria-hidden=\"true\"><\/span><\/div><article class=\"article-icon-entry av-iconlist-empty\"  itemscope=\"itemscope\" itemtype=\"https:\/\/schema.org\/CreativeWork\" ><div class=\"iconlist_content_wrap\"><header class=\"entry-content-header\" aria-label=\"Icon: Evitar el tabaco o estar expuesto a humo del pitillo\"><h4 class='av_iconlist_title iconlist_title  av_inherit_color'  itemprop=\"headline\" >Evitar el tabaco o estar expuesto a humo del pitillo<\/h4><\/header><div class='iconlist_content '  itemprop=\"text\" ><\/div><\/div><footer class=\"entry-footer\"><\/footer><\/article><div class=\"iconlist-timeline\"><\/div><\/li>\n<li><div class='iconlist_icon av-av_iconlist_item-ac20471f24bdc06b547b97f1475e39e4 avia-font-entypo-fontello avia-iconfont avia-font-entypo-fontello'><span class='av-icon-char' data-av_icon='\ue807' data-av_iconfont='entypo-fontello' aria-hidden=\"true\"><\/span><\/div><article class=\"article-icon-entry av-iconlist-empty\"  itemscope=\"itemscope\" itemtype=\"https:\/\/schema.org\/CreativeWork\" ><div class=\"iconlist_content_wrap\"><header class=\"entry-content-header\" aria-label=\"Icon: Exponerse en el sol cada d\u00eda, preferiblemente hasta las 10 de la ma\u00f1ana y despu\u00e9s de las 4 de la tarde, sin protector solar, para aumentar la producci\u00f3n de vitamina D en el organismo\"><h4 class='av_iconlist_title iconlist_title  av_inherit_color'  itemprop=\"headline\" >Exponerse en el sol cada d\u00eda, preferiblemente hasta las 10 de la ma\u00f1ana y despu\u00e9s de las 4 de la tarde, sin protector solar, para aumentar la producci\u00f3n de vitamina D en el organismo<\/h4><\/header><div class='iconlist_content '  itemprop=\"text\" ><\/div><\/div><footer class=\"entry-footer\"><\/footer><\/article><div class=\"iconlist-timeline\"><\/div><\/li>\n<li><div class='iconlist_icon av-av_iconlist_item-ab7c091f87ec4f98bb5fc4658256d55a avia-font-entypo-fontello avia-iconfont avia-font-entypo-fontello'><span class='av-icon-char' data-av_icon='\ue807' data-av_iconfont='entypo-fontello' aria-hidden=\"true\"><\/span><\/div><article class=\"article-icon-entry av-iconlist-empty\"  itemscope=\"itemscope\" itemtype=\"https:\/\/schema.org\/CreativeWork\" ><div class=\"iconlist_content_wrap\"><header class=\"entry-content-header\" aria-label=\"Icon: Evitar el consumo de comida r\u00e1pida, alimentos industrializados ricos y comidas congeladas como pizzas, lasa\u00f1as, entre otros, por el hecho que contienen sustancias que promueven la inflamaci\u00f3n en el organismo\"><h4 class='av_iconlist_title iconlist_title  av_inherit_color'  itemprop=\"headline\" >Evitar el consumo de comida r\u00e1pida, alimentos industrializados ricos y comidas congeladas como pizzas, lasa\u00f1as, entre otros, por el hecho que contienen sustancias que promueven la inflamaci\u00f3n en el organismo<\/h4><\/header><div class='iconlist_content '  itemprop=\"text\" ><\/div><\/div><footer class=\"entry-footer\"><\/footer><\/article><div class=\"iconlist-timeline\"><\/div><\/li>\n<li><div class='iconlist_icon av-av_iconlist_item-2d7c84cfdad433897b17c8c7ef9291e6 avia-font-entypo-fontello avia-iconfont avia-font-entypo-fontello'><span class='av-icon-char' data-av_icon='\ue807' data-av_iconfont='entypo-fontello' aria-hidden=\"true\"><\/span><\/div><article class=\"article-icon-entry av-iconlist-empty\"  itemscope=\"itemscope\" itemtype=\"https:\/\/schema.org\/CreativeWork\" ><div class=\"iconlist_content_wrap\"><header class=\"entry-content-header\" aria-label=\"Icon: Evitar la ingesta de medicamentos sin orientaci\u00f3n de m\u00e9dico\"><h4 class='av_iconlist_title iconlist_title  av_inherit_color'  itemprop=\"headline\" >Evitar la ingesta de medicamentos sin orientaci\u00f3n de m\u00e9dico<\/h4><\/header><div class='iconlist_content '  itemprop=\"text\" ><\/div><\/div><footer class=\"entry-footer\"><\/footer><\/article><div class=\"iconlist-timeline\"><\/div><\/li>\n<\/ul><\/div><\/div>\n","protected":false},"excerpt":{"rendered":"","protected":false},"author":2,"featured_media":0,"parent":9698,"menu_order":0,"comment_status":"closed","ping_status":"closed","template":"","meta":{"footnotes":""},"class_list":["post-9796","page","type-page","status-publish","hentry"],"yoast_head":"<!-- This site is optimized with the Yoast SEO plugin v27.3 - https:\/\/yoast.com\/product\/yoast-seo-wordpress\/ -->\n<title>H\u00e1bitos saludables - Centre M\u00e8dic Creu Groga<\/title>\n<meta name=\"robots\" content=\"index, follow, max-snippet:-1, max-image-preview:large, max-video-preview:-1\" \/>\n<link rel=\"canonical\" href=\"https:\/\/www.creugroga.com\/es\/prevencion-covid-19\/habitos-saludables\/\" \/>\n<meta property=\"og:locale\" content=\"es_ES\" \/>\n<meta property=\"og:type\" content=\"article\" \/>\n<meta property=\"og:title\" content=\"H\u00e1bitos saludables - Centre M\u00e8dic Creu Groga\" \/>\n<meta property=\"og:url\" content=\"https:\/\/www.creugroga.com\/es\/prevencion-covid-19\/habitos-saludables\/\" \/>\n<meta property=\"og:site_name\" content=\"Centre M\u00e8dic Creu Groga\" \/>\n<meta property=\"article:publisher\" content=\"https:\/\/www.facebook.com\/creugroga\" \/>\n<meta property=\"article:modified_time\" content=\"2020-04-08T14:50:53+00:00\" \/>\n<meta name=\"twitter:card\" content=\"summary_large_image\" \/>\n<meta name=\"twitter:site\" content=\"@CreuGrogaCM\" \/>\n<meta name=\"twitter:label1\" content=\"Tiempo de lectura\" \/>\n\t<meta name=\"twitter:data1\" content=\"6 minutos\" \/>\n<script type=\"application\/ld+json\" class=\"yoast-schema-graph\">{\"@context\":\"https:\\\/\\\/schema.org\",\"@graph\":[{\"@type\":\"WebPage\",\"@id\":\"https:\\\/\\\/www.creugroga.com\\\/es\\\/prevencion-covid-19\\\/habitos-saludables\\\/\",\"url\":\"https:\\\/\\\/www.creugroga.com\\\/es\\\/prevencion-covid-19\\\/habitos-saludables\\\/\",\"name\":\"H\u00e1bitos saludables - Centre M\u00e8dic Creu Groga\",\"isPartOf\":{\"@id\":\"https:\\\/\\\/www.creugroga.com\\\/es\\\/#website\"},\"datePublished\":\"2020-04-08T14:42:16+00:00\",\"dateModified\":\"2020-04-08T14:50:53+00:00\",\"breadcrumb\":{\"@id\":\"https:\\\/\\\/www.creugroga.com\\\/es\\\/prevencion-covid-19\\\/habitos-saludables\\\/#breadcrumb\"},\"inLanguage\":\"es\",\"potentialAction\":[{\"@type\":\"ReadAction\",\"target\":[\"https:\\\/\\\/www.creugroga.com\\\/es\\\/prevencion-covid-19\\\/habitos-saludables\\\/\"]}]},{\"@type\":\"BreadcrumbList\",\"@id\":\"https:\\\/\\\/www.creugroga.com\\\/es\\\/prevencion-covid-19\\\/habitos-saludables\\\/#breadcrumb\",\"itemListElement\":[{\"@type\":\"ListItem\",\"position\":1,\"name\":\"Portada\",\"item\":\"https:\\\/\\\/www.creugroga.com\\\/es\\\/home\\\/\"},{\"@type\":\"ListItem\",\"position\":2,\"name\":\"Prevenci\u00f3n Covid-19\",\"item\":\"https:\\\/\\\/www.creugroga.com\\\/es\\\/prevencion-covid-19\\\/\"},{\"@type\":\"ListItem\",\"position\":3,\"name\":\"H\u00e1bitos saludables\"}]},{\"@type\":\"WebSite\",\"@id\":\"https:\\\/\\\/www.creugroga.com\\\/es\\\/#website\",\"url\":\"https:\\\/\\\/www.creugroga.com\\\/es\\\/\",\"name\":\"Centre M\u00e8dic Creu Groga\",\"description\":\"Centre M\u00e8dic Creu Groga\",\"potentialAction\":[{\"@type\":\"SearchAction\",\"target\":{\"@type\":\"EntryPoint\",\"urlTemplate\":\"https:\\\/\\\/www.creugroga.com\\\/es\\\/?s={search_term_string}\"},\"query-input\":{\"@type\":\"PropertyValueSpecification\",\"valueRequired\":true,\"valueName\":\"search_term_string\"}}],\"inLanguage\":\"es\"}]}<\/script>\n<!-- \/ Yoast SEO plugin. -->","yoast_head_json":{"title":"H\u00e1bitos saludables - Centre M\u00e8dic Creu Groga","robots":{"index":"index","follow":"follow","max-snippet":"max-snippet:-1","max-image-preview":"max-image-preview:large","max-video-preview":"max-video-preview:-1"},"canonical":"https:\/\/www.creugroga.com\/es\/prevencion-covid-19\/habitos-saludables\/","og_locale":"es_ES","og_type":"article","og_title":"H\u00e1bitos saludables - Centre M\u00e8dic Creu Groga","og_url":"https:\/\/www.creugroga.com\/es\/prevencion-covid-19\/habitos-saludables\/","og_site_name":"Centre M\u00e8dic Creu Groga","article_publisher":"https:\/\/www.facebook.com\/creugroga","article_modified_time":"2020-04-08T14:50:53+00:00","twitter_card":"summary_large_image","twitter_site":"@CreuGrogaCM","twitter_misc":{"Tiempo de lectura":"6 minutos"},"schema":{"@context":"https:\/\/schema.org","@graph":[{"@type":"WebPage","@id":"https:\/\/www.creugroga.com\/es\/prevencion-covid-19\/habitos-saludables\/","url":"https:\/\/www.creugroga.com\/es\/prevencion-covid-19\/habitos-saludables\/","name":"H\u00e1bitos saludables - Centre M\u00e8dic Creu Groga","isPartOf":{"@id":"https:\/\/www.creugroga.com\/es\/#website"},"datePublished":"2020-04-08T14:42:16+00:00","dateModified":"2020-04-08T14:50:53+00:00","breadcrumb":{"@id":"https:\/\/www.creugroga.com\/es\/prevencion-covid-19\/habitos-saludables\/#breadcrumb"},"inLanguage":"es","potentialAction":[{"@type":"ReadAction","target":["https:\/\/www.creugroga.com\/es\/prevencion-covid-19\/habitos-saludables\/"]}]},{"@type":"BreadcrumbList","@id":"https:\/\/www.creugroga.com\/es\/prevencion-covid-19\/habitos-saludables\/#breadcrumb","itemListElement":[{"@type":"ListItem","position":1,"name":"Portada","item":"https:\/\/www.creugroga.com\/es\/home\/"},{"@type":"ListItem","position":2,"name":"Prevenci\u00f3n Covid-19","item":"https:\/\/www.creugroga.com\/es\/prevencion-covid-19\/"},{"@type":"ListItem","position":3,"name":"H\u00e1bitos saludables"}]},{"@type":"WebSite","@id":"https:\/\/www.creugroga.com\/es\/#website","url":"https:\/\/www.creugroga.com\/es\/","name":"Centre M\u00e8dic Creu Groga","description":"Centre M\u00e8dic Creu Groga","potentialAction":[{"@type":"SearchAction","target":{"@type":"EntryPoint","urlTemplate":"https:\/\/www.creugroga.com\/es\/?s={search_term_string}"},"query-input":{"@type":"PropertyValueSpecification","valueRequired":true,"valueName":"search_term_string"}}],"inLanguage":"es"}]}},"_links":{"self":[{"href":"https:\/\/www.creugroga.com\/es\/wp-json\/wp\/v2\/pages\/9796","targetHints":{"allow":["GET"]}}],"collection":[{"href":"https:\/\/www.creugroga.com\/es\/wp-json\/wp\/v2\/pages"}],"about":[{"href":"https:\/\/www.creugroga.com\/es\/wp-json\/wp\/v2\/types\/page"}],"author":[{"embeddable":true,"href":"https:\/\/www.creugroga.com\/es\/wp-json\/wp\/v2\/users\/2"}],"replies":[{"embeddable":true,"href":"https:\/\/www.creugroga.com\/es\/wp-json\/wp\/v2\/comments?post=9796"}],"version-history":[{"count":0,"href":"https:\/\/www.creugroga.com\/es\/wp-json\/wp\/v2\/pages\/9796\/revisions"}],"up":[{"embeddable":true,"href":"https:\/\/www.creugroga.com\/es\/wp-json\/wp\/v2\/pages\/9698"}],"wp:attachment":[{"href":"https:\/\/www.creugroga.com\/es\/wp-json\/wp\/v2\/media?parent=9796"}],"curies":[{"name":"wp","href":"https:\/\/api.w.org\/{rel}","templated":true}]}}